{"id":17443,"date":"2024-08-19T06:49:53","date_gmt":"2024-08-19T09:49:53","guid":{"rendered":"https:\/\/lafuente.campana.gov.ar\/?page_id=17443"},"modified":"2024-12-23T10:15:08","modified_gmt":"2024-12-23T13:15:08","slug":"que-es-adolescencia-activa","status":"publish","type":"page","link":"https:\/\/adolescenciaactiva.campana.gov.ar\/","title":{"rendered":"\u00bfQu\u00e9 es?"},"content":{"rendered":"\t\t<div data-elementor-type=\"wp-page\" data-elementor-id=\"17443\" class=\"elementor elementor-17443\">\n\t\t\t\t\t\t<section class=\"elementor-section elementor-top-section elementor-element elementor-element-80aa09b elementor-section-boxed elementor-section-height-default elementor-section-height-default\" data-id=\"80aa09b\" data-element_type=\"section\" data-e-type=\"section\">\n\t\t\t\t\t\t<div class=\"elementor-container elementor-column-gap-default\">\n\t\t\t\t\t<div class=\"elementor-column elementor-col-100 elementor-top-column elementor-element elementor-element-98998ba\" data-id=\"98998ba\" data-element_type=\"column\" data-e-type=\"column\">\n\t\t\t<div class=\"elementor-widget-wrap elementor-element-populated\">\n\t\t\t\t\t\t<div class=\"elementor-element elementor-element-183dd96 elementor-widget elementor-widget-image\" data-id=\"183dd96\" data-element_type=\"widget\" data-e-type=\"widget\" data-widget_type=\"image.default\">\n\t\t\t\t<div class=\"elementor-widget-container\">\n\t\t\t\t\t\t\t\t\t\t\t\t\t\t\t<img fetchpriority=\"high\" decoding=\"async\" width=\"960\" height=\"310\" src=\"https:\/\/adolescenciaactiva.campana.gov.ar\/wp-content\/uploads\/2024\/09\/banner-1024x331.jpg\" class=\"attachment-large size-large wp-image-17602\" alt=\"\" srcset=\"https:\/\/adolescenciaactiva.campana.gov.ar\/wp-content\/uploads\/2024\/09\/banner-1024x331.jpg 1024w, https:\/\/adolescenciaactiva.campana.gov.ar\/wp-content\/uploads\/2024\/09\/banner-300x97.jpg 300w, https:\/\/adolescenciaactiva.campana.gov.ar\/wp-content\/uploads\/2024\/09\/banner-768x248.jpg 768w, https:\/\/adolescenciaactiva.campana.gov.ar\/wp-content\/uploads\/2024\/09\/banner-1140x368.jpg 1140w, https:\/\/adolescenciaactiva.campana.gov.ar\/wp-content\/uploads\/2024\/09\/banner-500x161.jpg 500w, https:\/\/adolescenciaactiva.campana.gov.ar\/wp-content\/uploads\/2024\/09\/banner.jpg 1487w\" sizes=\"(max-width: 960px) 100vw, 960px\" \/>\t\t\t\t\t\t\t\t\t\t\t\t\t\t\t<\/div>\n\t\t\t\t<\/div>\n\t\t\t\t\t<\/div>\n\t\t<\/div>\n\t\t\t\t\t<\/div>\n\t\t<\/section>\n\t\t\t\t<section class=\"elementor-section elementor-top-section elementor-element elementor-element-73ec5dc9 elementor-section-boxed elementor-section-height-default elementor-section-height-default\" data-id=\"73ec5dc9\" data-element_type=\"section\" data-e-type=\"section\">\n\t\t\t\t\t\t<div class=\"elementor-container elementor-column-gap-default\">\n\t\t\t\t\t<div class=\"elementor-column elementor-col-100 elementor-top-column elementor-element elementor-element-543ead5a\" data-id=\"543ead5a\" data-element_type=\"column\" data-e-type=\"column\">\n\t\t\t<div class=\"elementor-widget-wrap elementor-element-populated\">\n\t\t\t\t\t\t<div class=\"elementor-element elementor-element-5dea2e92 elementor-widget elementor-widget-text-editor\" data-id=\"5dea2e92\" data-element_type=\"widget\" data-e-type=\"widget\" data-widget_type=\"text-editor.default\">\n\t\t\t\t<div class=\"elementor-widget-container\">\n\t\t\t\t\t\t\t\t\t<p style=\"text-align: justify;\">Ideamos un programa de salud con el objetivo principal de <strong>prevenir el suicidio adolescente<\/strong>. Su objetivo es fortalecer los factores protectores del suicidio y prevenir aquellos factores que se le asocian.<\/p><p style=\"text-align: justify;\">Se trata de un dispositivo de atenci\u00f3n que aborda grupalmente a equipos de adolescentes con un enfoque social y preventivo, poniendo foco en la mayor\u00eda de las problem\u00e1ticas que afectan su salud.<\/p><p style=\"text-align: justify;\">Es una competencia convocante por su car\u00e1cter participativo y su esp\u00edritu festivo que <strong>no se presenta a los adolescentes como una iniciativa para prevenir el suicidio<\/strong>.<\/p><p>La propuesta fomenta din\u00e1micas de grupo poniendo en juego objetivos basados en el bien com\u00fan, interdependencia y corresponsabilidad. Resignifica las habilidades individuales, talentos que en otros contextos pasan desapercibidos se vuelven fundamentales; esto reformula los v\u00ednculos hacia el interior de los equipos.<\/p><p><span style=\"letter-spacing: 0px;\">Por sobre todo, la competencia <\/span><b style=\"letter-spacing: 0px;\">en equipo <\/b><span style=\"letter-spacing: 0px;\">fortalece la <strong><em>resiliencia<\/em><\/strong>, esa capacidad para superar circunstancias traum\u00e1ticas y levantarse luego de una ca\u00edda.<\/span><\/p>\t\t\t\t\t\t\t\t<\/div>\n\t\t\t\t<\/div>\n\t\t\t\t\t<\/div>\n\t\t<\/div>\n\t\t\t\t\t<\/div>\n\t\t<\/section>\n\t\t\t\t<section class=\"elementor-section elementor-top-section elementor-element elementor-element-79a020d elementor-section-boxed elementor-section-height-default elementor-section-height-default\" data-id=\"79a020d\" data-element_type=\"section\" data-e-type=\"section\">\n\t\t\t\t\t\t<div class=\"elementor-container elementor-column-gap-default\">\n\t\t\t\t\t<div class=\"elementor-column elementor-col-100 elementor-top-column elementor-element elementor-element-78633a1\" data-id=\"78633a1\" data-element_type=\"column\" data-e-type=\"column\">\n\t\t\t<div class=\"elementor-widget-wrap elementor-element-populated\">\n\t\t\t\t\t\t<div class=\"elementor-element elementor-element-8fff8cb elementor-widget elementor-widget-image\" data-id=\"8fff8cb\" data-element_type=\"widget\" data-e-type=\"widget\" data-widget_type=\"image.default\">\n\t\t\t\t<div class=\"elementor-widget-container\">\n\t\t\t\t\t\t\t\t\t\t\t\t\t\t\t<img decoding=\"async\" width=\"960\" height=\"541\" src=\"https:\/\/adolescenciaactiva.campana.gov.ar\/wp-content\/uploads\/2024\/08\/Imagen-de-WhatsApp-2023-11-30-a-las-11.19.43_a8444ad3-1024x577.jpg\" class=\"attachment-large size-large wp-image-17552\" alt=\"\" srcset=\"https:\/\/adolescenciaactiva.campana.gov.ar\/wp-content\/uploads\/2024\/08\/Imagen-de-WhatsApp-2023-11-30-a-las-11.19.43_a8444ad3-1024x577.jpg 1024w, https:\/\/adolescenciaactiva.campana.gov.ar\/wp-content\/uploads\/2024\/08\/Imagen-de-WhatsApp-2023-11-30-a-las-11.19.43_a8444ad3-300x169.jpg 300w, https:\/\/adolescenciaactiva.campana.gov.ar\/wp-content\/uploads\/2024\/08\/Imagen-de-WhatsApp-2023-11-30-a-las-11.19.43_a8444ad3-768x433.jpg 768w, https:\/\/adolescenciaactiva.campana.gov.ar\/wp-content\/uploads\/2024\/08\/Imagen-de-WhatsApp-2023-11-30-a-las-11.19.43_a8444ad3-1536x866.jpg 1536w, https:\/\/adolescenciaactiva.campana.gov.ar\/wp-content\/uploads\/2024\/08\/Imagen-de-WhatsApp-2023-11-30-a-las-11.19.43_a8444ad3-1140x643.jpg 1140w, https:\/\/adolescenciaactiva.campana.gov.ar\/wp-content\/uploads\/2024\/08\/Imagen-de-WhatsApp-2023-11-30-a-las-11.19.43_a8444ad3-500x282.jpg 500w, https:\/\/adolescenciaactiva.campana.gov.ar\/wp-content\/uploads\/2024\/08\/Imagen-de-WhatsApp-2023-11-30-a-las-11.19.43_a8444ad3.jpg 1600w\" sizes=\"(max-width: 960px) 100vw, 960px\" \/>\t\t\t\t\t\t\t\t\t\t\t\t\t\t\t<\/div>\n\t\t\t\t<\/div>\n\t\t\t\t\t<\/div>\n\t\t<\/div>\n\t\t\t\t\t<\/div>\n\t\t<\/section>\n\t\t\t\t<\/div>\n\t\t","protected":false},"excerpt":{"rendered":"<p>Ideamos un programa de salud con el objetivo principal de prevenir el suicidio adolescente. Su objetivo es fortalecer los factores protectores del suicidio y prevenir aquellos factores que se le asocian. Se trata de un dispositivo de atenci\u00f3n que aborda grupalmente a equipos de adolescentes con un enfoque social y preventivo, poniendo foco en la mayor\u00eda de las problem\u00e1ticas que afectan su salud. Es una competencia convocante por su car\u00e1cter participativo y su esp\u00edritu festivo que no se presenta a los adolescentes como una iniciativa para prevenir el suicidio. La propuesta fomenta din\u00e1micas de grupo poniendo en juego objetivos basados en el bien com\u00fan, interdependencia y corresponsabilidad. Resignifica las habilidades individuales, talentos que en otros contextos pasan desapercibidos se vuelven fundamentales; esto reformula los v\u00ednculos hacia el interior de los equipos. Por sobre todo, la competencia en equipo fortalece la resiliencia, esa capacidad para superar circunstancias traum\u00e1ticas y levantarse luego de una ca\u00edda.<\/p>\n","protected":false},"author":2,"featured_media":0,"parent":0,"menu_order":0,"comment_status":"closed","ping_status":"closed","template":"","meta":{"pgc_sgb_lightbox_settings":"","footnotes":""},"class_list":["post-17443","page","type-page","status-publish","hentry"],"_links":{"self":[{"href":"https:\/\/adolescenciaactiva.campana.gov.ar\/index.php\/wp-json\/wp\/v2\/pages\/17443"}],"collection":[{"href":"https:\/\/adolescenciaactiva.campana.gov.ar\/index.php\/wp-json\/wp\/v2\/pages"}],"about":[{"href":"https:\/\/adolescenciaactiva.campana.gov.ar\/index.php\/wp-json\/wp\/v2\/types\/page"}],"author":[{"embeddable":true,"href":"https:\/\/adolescenciaactiva.campana.gov.ar\/index.php\/wp-json\/wp\/v2\/users\/2"}],"replies":[{"embeddable":true,"href":"https:\/\/adolescenciaactiva.campana.gov.ar\/index.php\/wp-json\/wp\/v2\/comments?post=17443"}],"version-history":[{"count":38,"href":"https:\/\/adolescenciaactiva.campana.gov.ar\/index.php\/wp-json\/wp\/v2\/pages\/17443\/revisions"}],"predecessor-version":[{"id":18448,"href":"https:\/\/adolescenciaactiva.campana.gov.ar\/index.php\/wp-json\/wp\/v2\/pages\/17443\/revisions\/18448"}],"wp:attachment":[{"href":"https:\/\/adolescenciaactiva.campana.gov.ar\/index.php\/wp-json\/wp\/v2\/media?parent=17443"}],"curies":[{"name":"wp","href":"https:\/\/api.w.org\/{rel}","templated":true}]}}