{"id":17459,"date":"2024-08-20T03:59:46","date_gmt":"2024-08-20T06:59:46","guid":{"rendered":"https:\/\/lafuente.campana.gov.ar\/?page_id=17459"},"modified":"2026-04-23T03:54:15","modified_gmt":"2026-04-23T06:54:15","slug":"como-funciona","status":"publish","type":"page","link":"https:\/\/adolescenciaactiva.campana.gov.ar\/index.php\/como-funciona\/","title":{"rendered":"\u00bfC\u00f3mo funciona?"},"content":{"rendered":"\t\t<div data-elementor-type=\"wp-page\" data-elementor-id=\"17459\" class=\"elementor elementor-17459\">\n\t\t\t\t\t\t<section class=\"elementor-section elementor-top-section elementor-element elementor-element-f42e6f6 elementor-section-boxed elementor-section-height-default elementor-section-height-default\" data-id=\"f42e6f6\" data-element_type=\"section\" data-e-type=\"section\">\n\t\t\t\t\t\t<div class=\"elementor-container elementor-column-gap-default\">\n\t\t\t\t\t<div class=\"elementor-column elementor-col-100 elementor-top-column elementor-element elementor-element-00f747b\" data-id=\"00f747b\" data-element_type=\"column\" data-e-type=\"column\">\n\t\t\t<div class=\"elementor-widget-wrap elementor-element-populated\">\n\t\t\t\t\t\t<div class=\"elementor-element elementor-element-a5dd9d9 elementor-widget elementor-widget-image\" data-id=\"a5dd9d9\" data-element_type=\"widget\" data-e-type=\"widget\" data-widget_type=\"image.default\">\n\t\t\t\t<div class=\"elementor-widget-container\">\n\t\t\t\t\t\t\t\t\t\t\t\t\t\t\t<img fetchpriority=\"high\" decoding=\"async\" width=\"960\" height=\"310\" src=\"https:\/\/adolescenciaactiva.campana.gov.ar\/wp-content\/uploads\/2024\/09\/banner-1024x331.jpg\" class=\"attachment-large size-large wp-image-17602\" alt=\"\" srcset=\"https:\/\/adolescenciaactiva.campana.gov.ar\/wp-content\/uploads\/2024\/09\/banner-1024x331.jpg 1024w, https:\/\/adolescenciaactiva.campana.gov.ar\/wp-content\/uploads\/2024\/09\/banner-300x97.jpg 300w, https:\/\/adolescenciaactiva.campana.gov.ar\/wp-content\/uploads\/2024\/09\/banner-768x248.jpg 768w, https:\/\/adolescenciaactiva.campana.gov.ar\/wp-content\/uploads\/2024\/09\/banner-1140x368.jpg 1140w, https:\/\/adolescenciaactiva.campana.gov.ar\/wp-content\/uploads\/2024\/09\/banner-500x161.jpg 500w, https:\/\/adolescenciaactiva.campana.gov.ar\/wp-content\/uploads\/2024\/09\/banner.jpg 1487w\" sizes=\"(max-width: 960px) 100vw, 960px\" \/>\t\t\t\t\t\t\t\t\t\t\t\t\t\t\t<\/div>\n\t\t\t\t<\/div>\n\t\t\t\t\t<\/div>\n\t\t<\/div>\n\t\t\t\t\t<\/div>\n\t\t<\/section>\n\t\t\t\t<section class=\"elementor-section elementor-top-section elementor-element elementor-element-33abab63 elementor-section-boxed elementor-section-height-default elementor-section-height-default\" data-id=\"33abab63\" data-element_type=\"section\" data-e-type=\"section\">\n\t\t\t\t\t\t<div class=\"elementor-container elementor-column-gap-default\">\n\t\t\t\t\t<div class=\"elementor-column elementor-col-100 elementor-top-column elementor-element elementor-element-64d45548\" data-id=\"64d45548\" data-element_type=\"column\" data-e-type=\"column\">\n\t\t\t<div class=\"elementor-widget-wrap elementor-element-populated\">\n\t\t\t\t\t\t<div class=\"elementor-element elementor-element-3b827f0a elementor-widget elementor-widget-text-editor\" data-id=\"3b827f0a\" data-element_type=\"widget\" data-e-type=\"widget\" data-widget_type=\"text-editor.default\">\n\t\t\t\t<div class=\"elementor-widget-container\">\n\t\t\t\t\t\t\t\t\t<p style=\"text-align: justify;\" data-start=\"322\" data-end=\"714\">Desde 2016, cada a\u00f1o se convoca a adolescentes de entre 14 y 15 a\u00f1os, estudiantes de tercer a\u00f1o del nivel secundario, a participar en una competencia por equipos. En el marco de la materia Construcci\u00f3n de la Ciudadan\u00eda, y con supervisi\u00f3n docente, cada divisi\u00f3n selecciona una tem\u00e1tica entre las propuestas, investiga sobre ella y desarrolla contenidos audiovisuales que reflejan lo aprendido.<\/p>\n<p style=\"text-align: justify;\" data-start=\"716\" data-end=\"883\">A lo largo del ciclo lectivo, los equipos presentan distintas producciones: un videoclip, un video desde la perspectiva de un protagonista y una campa\u00f1a de prevenci\u00f3n.<\/p>\n<p style=\"text-align: justify;\" data-start=\"885\" data-end=\"1412\">A partir de 2026, el dispositivo incorpora una actualizaci\u00f3n en sus formatos y criterios de producci\u00f3n. Por un lado, t<b>odos los contenidos deber\u00e1n realizarse en formato vertical<\/b>, en sinton\u00eda con los lenguajes y plataformas digitales predominantes en la actualidad. Por otro, cada producci\u00f3n deber\u00e1 incluir una <b>instancia reflexiva, un giro preventivo o una propuesta resolutiva<\/b>. En este sentido, no se busca \u00fanicamente la visibilizaci\u00f3n o denuncia de una problem\u00e1tica, sino la construcci\u00f3n de alternativas y mensajes superadores.<\/p>\n<p style=\"text-align: justify;\" data-start=\"1414\" data-end=\"1635\">Asimismo, a las producciones tradicionales \u2014video en primera persona y videoclip\u2014 <b>se suma el \u201cvideo de redes\u201d<\/b>, una modalidad \u00e1gil y contempor\u00e1nea que ampl\u00eda las posibilidades expresivas y de circulaci\u00f3n de los contenidos.<\/p>\n<p style=\"text-align: justify;\" data-start=\"1637\" data-end=\"2061\">Las tem\u00e1ticas abordadas incluyen, entre otras: alimentaci\u00f3n saludable; cuerpo y estereotipos; salud reproductiva y enfermedades de transmisi\u00f3n sexual; cultura y educaci\u00f3n vial; riesgos y h\u00e1bitos saludables; consumo de tecnolog\u00edas, redes y sustancias; salud y consumo; hostigamiento y acoso escolar; entornos y v\u00ednculos saludables; noviazgos sin violencia; diversidad e inclusi\u00f3n; autoestima, autocuidado y salud adolescente.<\/p>\t\t\t\t\t\t\t\t<\/div>\n\t\t\t\t<\/div>\n\t\t\t\t\t<\/div>\n\t\t<\/div>\n\t\t\t\t\t<\/div>\n\t\t<\/section>\n\t\t\t\t<section class=\"elementor-section elementor-top-section elementor-element elementor-element-8459f44 elementor-section-boxed elementor-section-height-default elementor-section-height-default\" data-id=\"8459f44\" data-element_type=\"section\" data-e-type=\"section\">\n\t\t\t\t\t\t<div class=\"elementor-container elementor-column-gap-default\">\n\t\t\t\t\t<div class=\"elementor-column elementor-col-100 elementor-top-column elementor-element elementor-element-fb4cfa9\" data-id=\"fb4cfa9\" data-element_type=\"column\" data-e-type=\"column\">\n\t\t\t<div class=\"elementor-widget-wrap elementor-element-populated\">\n\t\t\t\t\t\t<div class=\"elementor-element elementor-element-4a2a201 elementor-widget elementor-widget-image\" data-id=\"4a2a201\" data-element_type=\"widget\" data-e-type=\"widget\" data-widget_type=\"image.default\">\n\t\t\t\t<div class=\"elementor-widget-container\">\n\t\t\t\t\t\t\t\t\t\t\t\t\t\t\t<img decoding=\"async\" width=\"960\" height=\"540\" src=\"https:\/\/adolescenciaactiva.campana.gov.ar\/wp-content\/uploads\/2024\/12\/03-1024x576.jpg\" class=\"attachment-large size-large wp-image-18562\" alt=\"\" srcset=\"https:\/\/adolescenciaactiva.campana.gov.ar\/wp-content\/uploads\/2024\/12\/03-1024x576.jpg 1024w, https:\/\/adolescenciaactiva.campana.gov.ar\/wp-content\/uploads\/2024\/12\/03-300x169.jpg 300w, https:\/\/adolescenciaactiva.campana.gov.ar\/wp-content\/uploads\/2024\/12\/03-768x432.jpg 768w, https:\/\/adolescenciaactiva.campana.gov.ar\/wp-content\/uploads\/2024\/12\/03-1140x641.jpg 1140w, https:\/\/adolescenciaactiva.campana.gov.ar\/wp-content\/uploads\/2024\/12\/03.jpg 1280w\" sizes=\"(max-width: 960px) 100vw, 960px\" \/>\t\t\t\t\t\t\t\t\t\t\t\t\t\t\t<\/div>\n\t\t\t\t<\/div>\n\t\t\t\t\t<\/div>\n\t\t<\/div>\n\t\t\t\t\t<\/div>\n\t\t<\/section>\n\t\t\t\t<section class=\"elementor-section elementor-top-section elementor-element elementor-element-330f8a6 elementor-section-boxed elementor-section-height-default elementor-section-height-default\" data-id=\"330f8a6\" data-element_type=\"section\" data-e-type=\"section\">\n\t\t\t\t\t\t<div class=\"elementor-container elementor-column-gap-default\">\n\t\t\t\t\t<div class=\"elementor-column elementor-col-100 elementor-top-column elementor-element elementor-element-f342871\" data-id=\"f342871\" data-element_type=\"column\" data-e-type=\"column\">\n\t\t\t<div class=\"elementor-widget-wrap elementor-element-populated\">\n\t\t\t\t\t\t<div class=\"elementor-element elementor-element-8727d89 elementor-widget elementor-widget-image\" data-id=\"8727d89\" data-element_type=\"widget\" data-e-type=\"widget\" data-widget_type=\"image.default\">\n\t\t\t\t<div class=\"elementor-widget-container\">\n\t\t\t\t\t\t\t\t\t\t\t\t\t\t\t<img decoding=\"async\" width=\"960\" height=\"638\" src=\"https:\/\/adolescenciaactiva.campana.gov.ar\/wp-content\/uploads\/2025\/01\/1-1024x681.jpg\" class=\"attachment-large size-large wp-image-18979\" alt=\"\" srcset=\"https:\/\/adolescenciaactiva.campana.gov.ar\/wp-content\/uploads\/2025\/01\/1-1024x681.jpg 1024w, https:\/\/adolescenciaactiva.campana.gov.ar\/wp-content\/uploads\/2025\/01\/1-300x199.jpg 300w, https:\/\/adolescenciaactiva.campana.gov.ar\/wp-content\/uploads\/2025\/01\/1-768x511.jpg 768w, https:\/\/adolescenciaactiva.campana.gov.ar\/wp-content\/uploads\/2025\/01\/1-1140x758.jpg 1140w, https:\/\/adolescenciaactiva.campana.gov.ar\/wp-content\/uploads\/2025\/01\/1.jpg 1280w\" sizes=\"(max-width: 960px) 100vw, 960px\" \/>\t\t\t\t\t\t\t\t\t\t\t\t\t\t\t<\/div>\n\t\t\t\t<\/div>\n\t\t\t\t\t<\/div>\n\t\t<\/div>\n\t\t\t\t\t<\/div>\n\t\t<\/section>\n\t\t\t\t<\/div>\n\t\t","protected":false},"excerpt":{"rendered":"<p>Desde 2016, cada a\u00f1o se convoca a adolescentes de entre 14 y 15 a\u00f1os, estudiantes de tercer a\u00f1o del nivel secundario, a participar en una competencia por equipos. En el marco de la materia Construcci\u00f3n de la Ciudadan\u00eda, y con supervisi\u00f3n docente, cada divisi\u00f3n selecciona una tem\u00e1tica entre las propuestas, investiga sobre ella y desarrolla contenidos audiovisuales que reflejan lo aprendido. A lo largo del ciclo lectivo, los equipos presentan distintas producciones: un videoclip, un video desde la perspectiva de un protagonista y una campa\u00f1a de prevenci\u00f3n. A partir de 2026, el dispositivo incorpora una actualizaci\u00f3n en sus formatos y criterios de producci\u00f3n. Por un lado, todos los contenidos deber\u00e1n realizarse en formato vertical, en sinton\u00eda con los lenguajes y plataformas digitales predominantes en la actualidad. Por otro, cada producci\u00f3n deber\u00e1 incluir una instancia reflexiva, un giro preventivo o una propuesta resolutiva. En este sentido, no se busca \u00fanicamente la visibilizaci\u00f3n o denuncia de una problem\u00e1tica, sino la construcci\u00f3n de alternativas y mensajes superadores. Asimismo, a las producciones tradicionales \u2014video en primera persona y videoclip\u2014 se suma el \u201cvideo de redes\u201d, una modalidad \u00e1gil y contempor\u00e1nea que ampl\u00eda las posibilidades expresivas y de circulaci\u00f3n de los contenidos. Las tem\u00e1ticas abordadas incluyen, entre otras: alimentaci\u00f3n saludable; cuerpo y estereotipos; salud reproductiva y enfermedades de transmisi\u00f3n sexual; cultura y educaci\u00f3n vial; riesgos y h\u00e1bitos saludables; consumo de tecnolog\u00edas, redes y sustancias; salud y consumo; hostigamiento y acoso escolar; entornos y v\u00ednculos saludables; noviazgos sin violencia; diversidad e inclusi\u00f3n; autoestima, autocuidado y salud adolescente.<\/p>\n","protected":false},"author":2,"featured_media":0,"parent":0,"menu_order":0,"comment_status":"closed","ping_status":"closed","template":"","meta":{"pgc_sgb_lightbox_settings":"","footnotes":""},"class_list":["post-17459","page","type-page","status-publish","hentry"],"_links":{"self":[{"href":"https:\/\/adolescenciaactiva.campana.gov.ar\/index.php\/wp-json\/wp\/v2\/pages\/17459"}],"collection":[{"href":"https:\/\/adolescenciaactiva.campana.gov.ar\/index.php\/wp-json\/wp\/v2\/pages"}],"about":[{"href":"https:\/\/adolescenciaactiva.campana.gov.ar\/index.php\/wp-json\/wp\/v2\/types\/page"}],"author":[{"embeddable":true,"href":"https:\/\/adolescenciaactiva.campana.gov.ar\/index.php\/wp-json\/wp\/v2\/users\/2"}],"replies":[{"embeddable":true,"href":"https:\/\/adolescenciaactiva.campana.gov.ar\/index.php\/wp-json\/wp\/v2\/comments?post=17459"}],"version-history":[{"count":58,"href":"https:\/\/adolescenciaactiva.campana.gov.ar\/index.php\/wp-json\/wp\/v2\/pages\/17459\/revisions"}],"predecessor-version":[{"id":19084,"href":"https:\/\/adolescenciaactiva.campana.gov.ar\/index.php\/wp-json\/wp\/v2\/pages\/17459\/revisions\/19084"}],"wp:attachment":[{"href":"https:\/\/adolescenciaactiva.campana.gov.ar\/index.php\/wp-json\/wp\/v2\/media?parent=17459"}],"curies":[{"name":"wp","href":"https:\/\/api.w.org\/{rel}","templated":true}]}}