{"id":17480,"date":"2024-08-20T05:02:56","date_gmt":"2024-08-20T08:02:56","guid":{"rendered":"https:\/\/lafuente.campana.gov.ar\/?page_id=17480"},"modified":"2025-01-10T09:49:01","modified_gmt":"2025-01-10T12:49:01","slug":"inicio","status":"publish","type":"page","link":"https:\/\/adolescenciaactiva.campana.gov.ar\/index.php\/inicio\/","title":{"rendered":"Visi\u00f3n"},"content":{"rendered":"\t\t<div data-elementor-type=\"wp-page\" data-elementor-id=\"17480\" class=\"elementor elementor-17480\">\n\t\t\t\t\t\t<section class=\"elementor-section elementor-top-section elementor-element elementor-element-52af9de elementor-section-boxed elementor-section-height-default elementor-section-height-default\" data-id=\"52af9de\" data-element_type=\"section\" data-e-type=\"section\">\n\t\t\t\t\t\t<div class=\"elementor-container elementor-column-gap-default\">\n\t\t\t\t\t<div class=\"elementor-column elementor-col-100 elementor-top-column elementor-element elementor-element-62b7e9b\" data-id=\"62b7e9b\" data-element_type=\"column\" data-e-type=\"column\">\n\t\t\t<div class=\"elementor-widget-wrap elementor-element-populated\">\n\t\t\t\t\t\t<div class=\"elementor-element elementor-element-8ba1861 elementor-widget elementor-widget-image\" data-id=\"8ba1861\" data-element_type=\"widget\" data-e-type=\"widget\" data-widget_type=\"image.default\">\n\t\t\t\t<div class=\"elementor-widget-container\">\n\t\t\t\t\t\t\t\t\t\t\t\t\t\t\t<img fetchpriority=\"high\" decoding=\"async\" width=\"960\" height=\"310\" src=\"https:\/\/adolescenciaactiva.campana.gov.ar\/wp-content\/uploads\/2024\/09\/banner-1024x331.jpg\" class=\"attachment-large size-large wp-image-17602\" alt=\"\" srcset=\"https:\/\/adolescenciaactiva.campana.gov.ar\/wp-content\/uploads\/2024\/09\/banner-1024x331.jpg 1024w, https:\/\/adolescenciaactiva.campana.gov.ar\/wp-content\/uploads\/2024\/09\/banner-300x97.jpg 300w, https:\/\/adolescenciaactiva.campana.gov.ar\/wp-content\/uploads\/2024\/09\/banner-768x248.jpg 768w, https:\/\/adolescenciaactiva.campana.gov.ar\/wp-content\/uploads\/2024\/09\/banner-1140x368.jpg 1140w, https:\/\/adolescenciaactiva.campana.gov.ar\/wp-content\/uploads\/2024\/09\/banner-500x161.jpg 500w, https:\/\/adolescenciaactiva.campana.gov.ar\/wp-content\/uploads\/2024\/09\/banner.jpg 1487w\" sizes=\"(max-width: 960px) 100vw, 960px\" \/>\t\t\t\t\t\t\t\t\t\t\t\t\t\t\t<\/div>\n\t\t\t\t<\/div>\n\t\t\t\t\t<\/div>\n\t\t<\/div>\n\t\t\t\t\t<\/div>\n\t\t<\/section>\n\t\t\t\t<section class=\"elementor-section elementor-top-section elementor-element elementor-element-4371c94 elementor-section-boxed elementor-section-height-default elementor-section-height-default\" data-id=\"4371c94\" data-element_type=\"section\" data-e-type=\"section\">\n\t\t\t\t\t\t<div class=\"elementor-container elementor-column-gap-default\">\n\t\t\t\t\t<div class=\"elementor-column elementor-col-100 elementor-top-column elementor-element elementor-element-655cd0d0\" data-id=\"655cd0d0\" data-element_type=\"column\" data-e-type=\"column\">\n\t\t\t<div class=\"elementor-widget-wrap elementor-element-populated\">\n\t\t\t\t\t\t<div class=\"elementor-element elementor-element-158b62e5 elementor-widget elementor-widget-text-editor\" data-id=\"158b62e5\" data-element_type=\"widget\" data-e-type=\"widget\" data-widget_type=\"text-editor.default\">\n\t\t\t\t<div class=\"elementor-widget-container\">\n\t\t\t\t\t\t\t\t\t<p style=\"text-align: justify;\">Nuestro trabajo sobre la salud en la adolescencia parte de un principio fundamental: la mirada adolescente es diferente de la adulta, pero no existe entre ellas una relaci\u00f3n de subordinaci\u00f3n. Tienen igual orden de importancia y van en paralelo; sucede lo mismo en materia de intereses y espectativas.<\/p><p style=\"text-align: justify;\">A pesar de que los adultos cuentan con mayor experiencia en algunas materias, los j\u00f3venes no son sujetos en v\u00edas de formaci\u00f3n.<\/p>\t\t\t\t\t\t\t\t<\/div>\n\t\t\t\t<\/div>\n\t\t\t\t<div class=\"elementor-element elementor-element-480269c elementor-widget elementor-widget-image\" data-id=\"480269c\" data-element_type=\"widget\" data-e-type=\"widget\" data-widget_type=\"image.default\">\n\t\t\t\t<div class=\"elementor-widget-container\">\n\t\t\t\t\t\t\t\t\t\t\t\t\t\t\t<img decoding=\"async\" width=\"960\" height=\"540\" src=\"https:\/\/adolescenciaactiva.campana.gov.ar\/wp-content\/uploads\/2024\/12\/Imagen-de-WhatsApp-2023-11-30-a-las-11.19.42_1b3cf70b-1024x576.jpg\" class=\"attachment-large size-large wp-image-18608\" alt=\"\" srcset=\"https:\/\/adolescenciaactiva.campana.gov.ar\/wp-content\/uploads\/2024\/12\/Imagen-de-WhatsApp-2023-11-30-a-las-11.19.42_1b3cf70b-1024x576.jpg 1024w, https:\/\/adolescenciaactiva.campana.gov.ar\/wp-content\/uploads\/2024\/12\/Imagen-de-WhatsApp-2023-11-30-a-las-11.19.42_1b3cf70b-300x169.jpg 300w, https:\/\/adolescenciaactiva.campana.gov.ar\/wp-content\/uploads\/2024\/12\/Imagen-de-WhatsApp-2023-11-30-a-las-11.19.42_1b3cf70b-768x432.jpg 768w, https:\/\/adolescenciaactiva.campana.gov.ar\/wp-content\/uploads\/2024\/12\/Imagen-de-WhatsApp-2023-11-30-a-las-11.19.42_1b3cf70b-1536x864.jpg 1536w, https:\/\/adolescenciaactiva.campana.gov.ar\/wp-content\/uploads\/2024\/12\/Imagen-de-WhatsApp-2023-11-30-a-las-11.19.42_1b3cf70b-1140x641.jpg 1140w, https:\/\/adolescenciaactiva.campana.gov.ar\/wp-content\/uploads\/2024\/12\/Imagen-de-WhatsApp-2023-11-30-a-las-11.19.42_1b3cf70b.jpg 1600w\" sizes=\"(max-width: 960px) 100vw, 960px\" \/>\t\t\t\t\t\t\t\t\t\t\t\t\t\t\t<\/div>\n\t\t\t\t<\/div>\n\t\t\t\t<div class=\"elementor-element elementor-element-89efa49 elementor-widget elementor-widget-image\" data-id=\"89efa49\" data-element_type=\"widget\" data-e-type=\"widget\" data-widget_type=\"image.default\">\n\t\t\t\t<div class=\"elementor-widget-container\">\n\t\t\t\t\t\t\t\t\t\t\t\t\t\t\t<img decoding=\"async\" width=\"960\" height=\"541\" src=\"https:\/\/adolescenciaactiva.campana.gov.ar\/wp-content\/uploads\/2024\/12\/Imagen-de-WhatsApp-2023-11-30-a-las-11.19.44_4772c766-1024x577.jpg\" class=\"attachment-large size-large wp-image-18609\" alt=\"\" srcset=\"https:\/\/adolescenciaactiva.campana.gov.ar\/wp-content\/uploads\/2024\/12\/Imagen-de-WhatsApp-2023-11-30-a-las-11.19.44_4772c766-1024x577.jpg 1024w, https:\/\/adolescenciaactiva.campana.gov.ar\/wp-content\/uploads\/2024\/12\/Imagen-de-WhatsApp-2023-11-30-a-las-11.19.44_4772c766-300x169.jpg 300w, https:\/\/adolescenciaactiva.campana.gov.ar\/wp-content\/uploads\/2024\/12\/Imagen-de-WhatsApp-2023-11-30-a-las-11.19.44_4772c766-768x433.jpg 768w, https:\/\/adolescenciaactiva.campana.gov.ar\/wp-content\/uploads\/2024\/12\/Imagen-de-WhatsApp-2023-11-30-a-las-11.19.44_4772c766-1536x866.jpg 1536w, https:\/\/adolescenciaactiva.campana.gov.ar\/wp-content\/uploads\/2024\/12\/Imagen-de-WhatsApp-2023-11-30-a-las-11.19.44_4772c766-1140x643.jpg 1140w, https:\/\/adolescenciaactiva.campana.gov.ar\/wp-content\/uploads\/2024\/12\/Imagen-de-WhatsApp-2023-11-30-a-las-11.19.44_4772c766.jpg 1600w\" sizes=\"(max-width: 960px) 100vw, 960px\" \/>\t\t\t\t\t\t\t\t\t\t\t\t\t\t\t<\/div>\n\t\t\t\t<\/div>\n\t\t\t\t<div class=\"elementor-element elementor-element-3b341ce elementor-widget elementor-widget-text-editor\" data-id=\"3b341ce\" data-element_type=\"widget\" data-e-type=\"widget\" data-widget_type=\"text-editor.default\">\n\t\t\t\t<div class=\"elementor-widget-container\">\n\t\t\t\t\t\t\t\t\t<p style=\"text-align: justify;\">Elegimos no regular la conducta. No indicamos el camino. Partimos, en cambio, de la exploraci\u00f3n de su punto de vista, sus intenciones y proyectos. Respetamos su capacidad de decisi\u00f3n, su integridad e ideales. Proponemos un enfoque vital con eje en su participaci\u00f3n activa que promueve el empoderamiento y el autocuidado.\u00a0<\/p><p style=\"text-align: justify;\">Asumimos a los adolescentes como sujetos constitu\u00eddos, con derechos y mirada propia. Su punto de vista -rico y transformador- queda manifiesto en en el material audiovisual que producen en el marco de esta pol\u00edtica sanitaria local.<\/p>\t\t\t\t\t\t\t\t<\/div>\n\t\t\t\t<\/div>\n\t\t\t\t\t<\/div>\n\t\t<\/div>\n\t\t\t\t\t<\/div>\n\t\t<\/section>\n\t\t\t\t<section class=\"elementor-section elementor-top-section elementor-element elementor-element-5ffd014 elementor-section-boxed elementor-section-height-default elementor-section-height-default\" data-id=\"5ffd014\" data-element_type=\"section\" data-e-type=\"section\">\n\t\t\t\t\t\t<div class=\"elementor-container elementor-column-gap-default\">\n\t\t\t\t\t<div class=\"elementor-column elementor-col-100 elementor-top-column elementor-element elementor-element-928967d\" data-id=\"928967d\" data-element_type=\"column\" data-e-type=\"column\">\n\t\t\t<div class=\"elementor-widget-wrap elementor-element-populated\">\n\t\t\t\t\t\t<div class=\"elementor-element elementor-element-5c67b7e elementor-widget elementor-widget-text-editor\" data-id=\"5c67b7e\" data-element_type=\"widget\" data-e-type=\"widget\" data-widget_type=\"text-editor.default\">\n\t\t\t\t<div class=\"elementor-widget-container\">\n\t\t\t\t\t\t\t\t\t<p>Juan E. Mirey<\/p><p>Mg. en Salud P\u00fablica<\/p><p>Coordinador del programa<\/p>\t\t\t\t\t\t\t\t<\/div>\n\t\t\t\t<\/div>\n\t\t\t\t\t<\/div>\n\t\t<\/div>\n\t\t\t\t\t<\/div>\n\t\t<\/section>\n\t\t\t\t<\/div>\n\t\t","protected":false},"excerpt":{"rendered":"<p>Nuestro trabajo sobre la salud en la adolescencia parte de un principio fundamental: la mirada adolescente es diferente de la adulta, pero no existe entre ellas una relaci\u00f3n de subordinaci\u00f3n. Tienen igual orden de importancia y van en paralelo; sucede lo mismo en materia de intereses y espectativas. A pesar de que los adultos cuentan con mayor experiencia en algunas materias, los j\u00f3venes no son sujetos en v\u00edas de formaci\u00f3n. Elegimos no regular la conducta. No indicamos el camino. Partimos, en cambio, de la exploraci\u00f3n de su punto de vista, sus intenciones y proyectos. Respetamos su capacidad de decisi\u00f3n, su integridad e ideales. Proponemos un enfoque vital con eje en su participaci\u00f3n activa que promueve el empoderamiento y el autocuidado.\u00a0 Asumimos a los adolescentes como sujetos constitu\u00eddos, con derechos y mirada propia. Su punto de vista -rico y transformador- queda manifiesto en en el material audiovisual que producen en el marco de esta pol\u00edtica sanitaria local. Juan E. Mirey Mg. en Salud P\u00fablica Coordinador del programa<\/p>\n","protected":false},"author":2,"featured_media":0,"parent":0,"menu_order":0,"comment_status":"closed","ping_status":"closed","template":"elementor_header_footer","meta":{"pgc_sgb_lightbox_settings":"","footnotes":""},"class_list":["post-17480","page","type-page","status-publish","hentry"],"_links":{"self":[{"href":"https:\/\/adolescenciaactiva.campana.gov.ar\/index.php\/wp-json\/wp\/v2\/pages\/17480"}],"collection":[{"href":"https:\/\/adolescenciaactiva.campana.gov.ar\/index.php\/wp-json\/wp\/v2\/pages"}],"about":[{"href":"https:\/\/adolescenciaactiva.campana.gov.ar\/index.php\/wp-json\/wp\/v2\/types\/page"}],"author":[{"embeddable":true,"href":"https:\/\/adolescenciaactiva.campana.gov.ar\/index.php\/wp-json\/wp\/v2\/users\/2"}],"replies":[{"embeddable":true,"href":"https:\/\/adolescenciaactiva.campana.gov.ar\/index.php\/wp-json\/wp\/v2\/comments?post=17480"}],"version-history":[{"count":119,"href":"https:\/\/adolescenciaactiva.campana.gov.ar\/index.php\/wp-json\/wp\/v2\/pages\/17480\/revisions"}],"predecessor-version":[{"id":18817,"href":"https:\/\/adolescenciaactiva.campana.gov.ar\/index.php\/wp-json\/wp\/v2\/pages\/17480\/revisions\/18817"}],"wp:attachment":[{"href":"https:\/\/adolescenciaactiva.campana.gov.ar\/index.php\/wp-json\/wp\/v2\/media?parent=17480"}],"curies":[{"name":"wp","href":"https:\/\/api.w.org\/{rel}","templated":true}]}}