{"id":17540,"date":"2024-08-26T04:26:59","date_gmt":"2024-08-26T07:26:59","guid":{"rendered":"https:\/\/lafuente.campana.gov.ar\/?page_id=17540"},"modified":"2024-12-27T07:04:35","modified_gmt":"2024-12-27T10:04:35","slug":"cierre","status":"publish","type":"page","link":"https:\/\/adolescenciaactiva.campana.gov.ar\/index.php\/cierre\/","title":{"rendered":"Cierre"},"content":{"rendered":"\t\t<div data-elementor-type=\"wp-page\" data-elementor-id=\"17540\" class=\"elementor elementor-17540\">\n\t\t\t\t\t\t<section class=\"elementor-section elementor-top-section elementor-element elementor-element-13aa69f elementor-section-boxed elementor-section-height-default elementor-section-height-default\" data-id=\"13aa69f\" data-element_type=\"section\" data-e-type=\"section\">\n\t\t\t\t\t\t<div class=\"elementor-container elementor-column-gap-default\">\n\t\t\t\t\t<div class=\"elementor-column elementor-col-100 elementor-top-column elementor-element elementor-element-63d75fb\" data-id=\"63d75fb\" data-element_type=\"column\" data-e-type=\"column\">\n\t\t\t<div class=\"elementor-widget-wrap elementor-element-populated\">\n\t\t\t\t\t\t<div class=\"elementor-element elementor-element-27b83a9 elementor-widget__width-inherit elementor-widget elementor-widget-image\" data-id=\"27b83a9\" data-element_type=\"widget\" data-e-type=\"widget\" data-widget_type=\"image.default\">\n\t\t\t\t<div class=\"elementor-widget-container\">\n\t\t\t\t\t\t\t\t\t\t\t\t\t\t\t<img decoding=\"async\" src=\"https:\/\/static.wixstatic.com\/media\/7dac52_57ee347c8bf74b8cabebbc841486acd2~mv2.jpg\/v1\/fill\/w_584,h_329,al_c,q_80,usm_0.66_1.00_0.01,enc_auto\/7dac52_57ee347c8bf74b8cabebbc841486acd2~mv2.jpg\" title=\"\" alt=\"\" loading=\"lazy\" \/>\t\t\t\t\t\t\t\t\t\t\t\t\t\t\t<\/div>\n\t\t\t\t<\/div>\n\t\t\t\t\t<\/div>\n\t\t<\/div>\n\t\t\t\t\t<\/div>\n\t\t<\/section>\n\t\t\t\t<section class=\"elementor-section elementor-top-section elementor-element elementor-element-48055d52 elementor-section-boxed elementor-section-height-default elementor-section-height-default\" data-id=\"48055d52\" data-element_type=\"section\" data-e-type=\"section\">\n\t\t\t\t\t\t<div class=\"elementor-container elementor-column-gap-default\">\n\t\t\t\t\t<div class=\"elementor-column elementor-col-100 elementor-top-column elementor-element elementor-element-1423cb6b\" data-id=\"1423cb6b\" data-element_type=\"column\" data-e-type=\"column\">\n\t\t\t<div class=\"elementor-widget-wrap elementor-element-populated\">\n\t\t\t\t\t\t<div class=\"elementor-element elementor-element-eb5632e elementor-widget elementor-widget-text-editor\" data-id=\"eb5632e\" data-element_type=\"widget\" data-e-type=\"widget\" data-widget_type=\"text-editor.default\">\n\t\t\t\t<div class=\"elementor-widget-container\">\n\t\t\t\t\t\t\t\t\t<p style=\"text-align: justify;\">El cierre es la oportunidad de encuentro m\u00e1s divertida del a\u00f1o. Los equipos concurren con incertidumbre y expectativas para celebrar los logros, <strong>fortalecer la resiliencia y las habilidades para manejar tanto el \u00e9xito como la decepci\u00f3n<\/strong>. Concreta el final del trabajo del a\u00f1o y pretende cerrar todo lo que se abri\u00f3 al transitar el programa.<\/p><p style=\"text-align: justify;\">Se analizan los temas abordados, se exhiben partes de todas las producciones audiovisuales no premiadas. Se reproducen las producciones que obtuvieron tercer, segundo y primer puesto de cada categor\u00eda. Tambi\u00e9n se muestran los tramos de cada producci\u00f3n audiovisual en donde se hayan distinguido las mejores actuaciones.\u00a0<\/p><p><style id=\"bwg-style-0\">    #bwg_container1_0 #bwg_container2_0 .bwg-container-0.bwg-standard-thumbnails {      width: 1254px;              justify-content: center;        margin:0 auto !important;              background-color: rgba(255, 255, 255, 0.00);            padding-left: 4px;      padding-top: 4px;      max-width: 100%;            }        #bwg_container1_0 #bwg_container2_0 .bwg-container-0.bwg-standard-thumbnails .bwg-item {    justify-content: flex-start;      max-width: 250px;          }    #bwg_container1_0 #bwg_container2_0 .bwg-container-0.bwg-standard-thumbnails .bwg-item a {       margin-right: 4px;       margin-bottom: 4px;    }    #bwg_container1_0 #bwg_container2_0 .bwg-container-0.bwg-standard-thumbnails .bwg-item0 {      padding: 0px;            background-color:rgba(0,0,0, 0.30);      border: 0px none #CCCCCC;      opacity: 1.00;      border-radius: 0;      box-shadow: ;    }    #bwg_container1_0 #bwg_container2_0 .bwg-container-0.bwg-standard-thumbnails .bwg-item1 img {      max-height: none;      max-width: none;      padding: 0 !important;    }         @media only screen and (min-width: 480px) {\t\t#bwg_container1_0 #bwg_container2_0 .bwg-container-0.bwg-standard-thumbnails .bwg-item1 img {\t\t\t-webkit-transition: all .3s; transition: all .3s;\t\t}\t\t#bwg_container1_0 #bwg_container2_0 .bwg-container-0.bwg-standard-thumbnails .bwg-item1 img:hover {\t\t\t-ms-transform: scale(1.08);\t\t\t-webkit-transform: scale(1.08);\t\t\ttransform: scale(1.08);\t\t}\t\t      }\t    #bwg_container1_0 #bwg_container2_0 .bwg-container-0.bwg-standard-thumbnails .bwg-item1 {      padding-top: 56%;    }        #bwg_container1_0 #bwg_container2_0 .bwg-container-0.bwg-standard-thumbnails .bwg-title2,    #bwg_container1_0 #bwg_container2_0 .bwg-container-0.bwg-standard-thumbnails .bwg-ecommerce2 {      color: #323A45;      font-family: Ubuntu;      font-size: 16px;      font-weight: bold;      padding: 2px;      text-shadow: ;      max-height: 100%;    }    #bwg_container1_0 #bwg_container2_0 .bwg-container-0.bwg-standard-thumbnails .bwg-thumb-description span {    color: #323A45;    font-family: Ubuntu;    font-size: 12px;    max-height: 100%;    word-wrap: break-word;    }    #bwg_container1_0 #bwg_container2_0 .bwg-container-0.bwg-standard-thumbnails .bwg-play-icon2 {      font-size: 32px;    }    #bwg_container1_0 #bwg_container2_0 .bwg-container-0.bwg-standard-thumbnails .bwg-ecommerce2 {      font-size: 19.2px;      color: #323A45;    }    <\/style>    <div id=\"bwg_container1_0\"         class=\"bwg_container bwg_thumbnail bwg_thumbnails \"         data-right-click-protection=\"0\"         data-bwg=\"0\"         data-scroll=\"0\"         data-gallery-type=\"thumbnails\"         data-gallery-view-type=\"thumbnails\"         data-current-url=\"\/index.php\/wp-json\/wp\/v2\/pages\/17540\"         data-lightbox-url=\"https:\/\/adolescenciaactiva.campana.gov.ar\/wp-admin\/admin-ajax.php?action=GalleryBox&#038;current_view=0&#038;gallery_id=13&#038;tag=0&#038;theme_id=1&#038;shortcode_id=64&#038;sort_by=order&#038;order_by=asc&#038;current_url=%2Findex.php%2Fwp-json%2Fwp%2Fv2%2Fpages%2F17540\"         data-gallery-id=\"13\"         data-popup-width=\"800\"         data-popup-height=\"500\"         data-is-album=\"gallery\"         data-buttons-position=\"bottom\">      <div id=\"bwg_container2_0\">             <div id=\"ajax_loading_0\" class=\"bwg_loading_div_1\">      <div class=\"bwg_loading_div_2\">        <div class=\"bwg_loading_div_3\">          <div id=\"loading_div_0\" class=\"bwg_spider_ajax_loading\">          <\/div>        <\/div>      <\/div>    <\/div>            <form id=\"gal_front_form_0\"              class=\"bwg-hidden\"              method=\"post\"              action=\"#\"              data-current=\"0\"              data-shortcode-id=\"64\"              data-gallery-type=\"thumbnails\"              data-gallery-id=\"13\"              data-tag=\"0\"              data-album-id=\"0\"              data-theme-id=\"1\"              data-ajax-url=\"https:\/\/adolescenciaactiva.campana.gov.ar\/wp-admin\/admin-ajax.php?action=bwg_frontend_data\">          <div id=\"bwg_container3_0\" class=\"bwg-background bwg-background-0\">                <div data-max-count=\"5\"         data-thumbnail-width=\"250\"         data-bwg=\"0\"         data-gallery-id=\"13\"         data-lightbox-url=\"https:\/\/adolescenciaactiva.campana.gov.ar\/wp-admin\/admin-ajax.php?action=GalleryBox&amp;current_view=0&amp;gallery_id=13&amp;tag=0&amp;theme_id=1&amp;shortcode_id=64&amp;sort_by=order&amp;order_by=asc&amp;current_url=%2Findex.php%2Fwp-json%2Fwp%2Fv2%2Fpages%2F17540\"         id=\"bwg_thumbnails_0\"         class=\"bwg-container-0 bwg-thumbnails bwg-standard-thumbnails bwg-container bwg-border-box\">            <div class=\"bwg-item\">        <a class=\"bwg-a  bwg_lightbox\"  data-image-id=\"206\" href=\"https:\/\/adolescenciaactiva.campana.gov.ar\/wp-content\/uploads\/photo-gallery\/Mas-de-500-estudiantes-participaron-del-cierre-1024x684.jpg?bwg=1724657437\" data-elementor-open-lightbox=\"no\">                <div class=\"bwg-item0 \">          <div class=\"bwg-item1 \">            <div class=\"bwg-item2\">              <img decoding=\"async\" class=\"skip-lazy bwg_standart_thumb_img_0 \"                   data-id=\"206\"                   data-width=\"500\"                   data-height=\"313\"                   data-src=\"https:\/\/adolescenciaactiva.campana.gov.ar\/wp-content\/uploads\/photo-gallery\/thumb\/Mas-de-500-estudiantes-participaron-del-cierre-1024x684.jpg?bwg=1724657437\"                   src=\"https:\/\/adolescenciaactiva.campana.gov.ar\/wp-content\/uploads\/photo-gallery\/thumb\/Mas-de-500-estudiantes-participaron-del-cierre-1024x684.jpg?bwg=1724657437\"                   alt=\"Cierre\"                   title=\"Cierre\" \/>            <\/div>            <div class=\"\">                                                      <\/div>          <\/div>        <\/div>                        <\/a>              <\/div>            <div class=\"bwg-item\">        <a class=\"bwg-a  bwg_lightbox\"  data-image-id=\"221\" href=\"https:\/\/adolescenciaactiva.campana.gov.ar\/wp-content\/uploads\/photo-gallery\/Imagen-de-WhatsApp-2023-11-30-a-las-11.19.43_a8444ad3.jpg?bwg=1724659243\" data-elementor-open-lightbox=\"no\">                <div class=\"bwg-item0 \">          <div class=\"bwg-item1 \">            <div class=\"bwg-item2\">              <img decoding=\"async\" class=\"skip-lazy bwg_standart_thumb_img_0 \"                   data-id=\"221\"                   data-width=\"500.00\"                   data-height=\"282.00\"                   data-src=\"https:\/\/adolescenciaactiva.campana.gov.ar\/wp-content\/uploads\/photo-gallery\/thumb\/Imagen-de-WhatsApp-2023-11-30-a-las-11.19.43_a8444ad3.jpg?bwg=1724659243\"                   src=\"https:\/\/adolescenciaactiva.campana.gov.ar\/wp-content\/uploads\/photo-gallery\/thumb\/Imagen-de-WhatsApp-2023-11-30-a-las-11.19.43_a8444ad3.jpg?bwg=1724659243\"                   alt=\"Cierre\"                   title=\"Cierre\" \/>            <\/div>            <div class=\"\">                                                      <\/div>          <\/div>        <\/div>                        <\/a>              <\/div>            <div class=\"bwg-item\">        <a class=\"bwg-a  bwg_lightbox\"  data-image-id=\"224\" href=\"https:\/\/adolescenciaactiva.campana.gov.ar\/wp-content\/uploads\/photo-gallery\/Imagen-de-WhatsApp-2023-11-30-a-las-11.19.41_ab1e4ea3.jpg?bwg=1724659243\" data-elementor-open-lightbox=\"no\">                <div class=\"bwg-item0 \">          <div class=\"bwg-item1 \">            <div class=\"bwg-item2\">              <img decoding=\"async\" class=\"skip-lazy bwg_standart_thumb_img_0 \"                   data-id=\"224\"                   data-width=\"500.00\"                   data-height=\"282.00\"                   data-src=\"https:\/\/adolescenciaactiva.campana.gov.ar\/wp-content\/uploads\/photo-gallery\/thumb\/Imagen-de-WhatsApp-2023-11-30-a-las-11.19.41_ab1e4ea3.jpg?bwg=1724659243\"                   src=\"https:\/\/adolescenciaactiva.campana.gov.ar\/wp-content\/uploads\/photo-gallery\/thumb\/Imagen-de-WhatsApp-2023-11-30-a-las-11.19.41_ab1e4ea3.jpg?bwg=1724659243\"                   alt=\"Cierre\"                   title=\"Cierre\" \/>            <\/div>            <div class=\"\">                                                      <\/div>          <\/div>        <\/div>                        <\/a>              <\/div>            <div class=\"bwg-item\">        <a class=\"bwg-a  bwg_lightbox\"  data-image-id=\"202\" href=\"https:\/\/adolescenciaactiva.campana.gov.ar\/wp-content\/uploads\/photo-gallery\/181104-3.jpeg?bwg=1724656720\" data-elementor-open-lightbox=\"no\">                <div class=\"bwg-item0 \">          <div class=\"bwg-item1 \">            <div class=\"bwg-item2\">              <img decoding=\"async\" class=\"skip-lazy bwg_standart_thumb_img_0 \"                   data-id=\"202\"                   data-width=\"500.00\"                   data-height=\"343.00\"                   data-src=\"https:\/\/adolescenciaactiva.campana.gov.ar\/wp-content\/uploads\/photo-gallery\/thumb\/181104-3.jpeg?bwg=1724656720\"                   src=\"https:\/\/adolescenciaactiva.campana.gov.ar\/wp-content\/uploads\/photo-gallery\/thumb\/181104-3.jpeg?bwg=1724656720\"                   alt=\"Cierre\"                   title=\"Cierre\" \/>            <\/div>            <div class=\"\">                                                      <\/div>          <\/div>        <\/div>                        <\/a>              <\/div>            <div class=\"bwg-item\">        <a class=\"bwg-a  bwg_lightbox\"  data-image-id=\"205\" href=\"https:\/\/adolescenciaactiva.campana.gov.ar\/wp-content\/uploads\/photo-gallery\/67dd23_46496c56ef2e467faf567127e0b79ca4mv2.jpg?bwg=1724656720\" data-elementor-open-lightbox=\"no\">                <div class=\"bwg-item0 \">          <div class=\"bwg-item1 \">            <div class=\"bwg-item2\">              <img decoding=\"async\" class=\"skip-lazy bwg_standart_thumb_img_0 \"                   data-id=\"205\"                   data-width=\"500.00\"                   data-height=\"278.00\"                   data-src=\"https:\/\/adolescenciaactiva.campana.gov.ar\/wp-content\/uploads\/photo-gallery\/thumb\/67dd23_46496c56ef2e467faf567127e0b79ca4mv2.jpg?bwg=1724656720\"                   src=\"https:\/\/adolescenciaactiva.campana.gov.ar\/wp-content\/uploads\/photo-gallery\/thumb\/67dd23_46496c56ef2e467faf567127e0b79ca4mv2.jpg?bwg=1724656720\"                   alt=\"Cierre\"                   title=\"Cierre\" \/>            <\/div>            <div class=\"\">                                                      <\/div>          <\/div>        <\/div>                        <\/a>              <\/div>            <div class=\"bwg-item\">        <a class=\"bwg-a  bwg_lightbox\"  data-image-id=\"207\" href=\"https:\/\/adolescenciaactiva.campana.gov.ar\/wp-content\/uploads\/photo-gallery\/67dd23_b6b2d0e28e8c4dfab1ea3fc4a502d179mv2.jpg?bwg=1724656720\" data-elementor-open-lightbox=\"no\">                <div class=\"bwg-item0 \">          <div class=\"bwg-item1 \">            <div class=\"bwg-item2\">              <img decoding=\"async\" class=\"skip-lazy bwg_standart_thumb_img_0 \"                   data-id=\"207\"                   data-width=\"500.00\"                   data-height=\"241.00\"                   data-src=\"https:\/\/adolescenciaactiva.campana.gov.ar\/wp-content\/uploads\/photo-gallery\/thumb\/67dd23_b6b2d0e28e8c4dfab1ea3fc4a502d179mv2.jpg?bwg=1724656720\"                   src=\"https:\/\/adolescenciaactiva.campana.gov.ar\/wp-content\/uploads\/photo-gallery\/thumb\/67dd23_b6b2d0e28e8c4dfab1ea3fc4a502d179mv2.jpg?bwg=1724656720\"                   alt=\"Cierre\"                   title=\"Cierre\" \/>            <\/div>            <div class=\"\">                                                      <\/div>          <\/div>        <\/div>                        <\/a>              <\/div>          <\/div>    <style>      \/*pagination styles*\/      #bwg_container1_0 #bwg_container2_0 .tablenav-pages_0 {\t\t\t\ttext-align: center;\t\t\t\tfont-size: 12px;\t\t\t\tfont-family: Ubuntu;\t\t\t\tfont-weight: bold;\t\t\t\tcolor: #666666;\t\t\t\tmargin: 6px 0 4px;\t\t\t\tdisplay: block;      }      @media only screen and (max-width : 320px) {      #bwg_container1_0 #bwg_container2_0 .displaying-num_0 {     \t display: none;      }      }      #bwg_container1_0 #bwg_container2_0 .displaying-num_0 {\t\t\t\tfont-size: 12px;\t\t\t\tfont-family: Ubuntu;\t\t\t\tfont-weight: bold;\t\t\t\tcolor: #666666;\t\t\t\tmargin-right: 10px;\t\t\t\tvertical-align: middle;      }      #bwg_container1_0 #bwg_container2_0 .paging-input_0 {\t\t\t\tfont-size: 12px;\t\t\t\tfont-family: Ubuntu;\t\t\t\tfont-weight: bold;\t\t\t\tcolor: #666666;\t\t\t\tvertical-align: middle;      }      #bwg_container1_0 #bwg_container2_0 .tablenav-pages_0 a.disabled,      #bwg_container1_0 #bwg_container2_0 .tablenav-pages_0 a.disabled:hover,      #bwg_container1_0 #bwg_container2_0 .tablenav-pages_0 a.disabled:focus,\t\t\t#bwg_container1_0 #bwg_container2_0 .tablenav-pages_0 input.bwg_current_page {\t\t\t\tcursor: default;\t\t\t\tcolor: rgba(102, 102, 102, 0.5);      }      #bwg_container1_0 #bwg_container2_0 .tablenav-pages_0 a,      #bwg_container1_0 #bwg_container2_0 .tablenav-pages_0 input.bwg_current_page {\t\t\t\tcursor: pointer;\t\t\t\ttext-align: center;\t\t\t\tfont-size: 12px;\t\t\t\tfont-family: Ubuntu;\t\t\t\tfont-weight: bold;\t\t\t\tcolor: #666666;\t\t\t\ttext-decoration: none;\t\t\t\tpadding: 3px 6px;\t\t\t\tmargin: 0;\t\t\t\tborder-radius: 0;\t\t\t\tborder-style: solid;\t\t\t\tborder-width: 1px;\t\t\t\tborder-color: #E3E3E3;\t\t\t\t\t\t\t\tbackground-color: rgba(255, 255, 255, 1.00);\t\t\t\tbox-shadow: 0;\t\t\t\ttransition: all 0.3s ease 0s;-webkit-transition: all 0.3s ease 0s;      }      <\/style>      <span class=\"bwg_nav_cont_0\">              <div class=\"tablenav-pages_0\">                  <\/div>                <input type=\"hidden\" id=\"page_number_0\" name=\"page_number_0\" value=\"1\" \/>      <script type=\"text\/javascript\">        if( jQuery('.bwg_nav_cont_0').length > 1 ) {          jQuery('.bwg_nav_cont_0').first().remove()        }        function spider_page_0(cur, x, y, load_more) {          if (typeof load_more == \"undefined\") {            var load_more = false;          }          if (jQuery(cur).hasClass('disabled')) {            return false;          }          var items_county_0 = 1;          switch (y) {            case 1:              if (x >= items_county_0) {                document.getElementById('page_number_0').value = items_county_0;              }              else {                document.getElementById('page_number_0').value = x + 1;              }              break;            case 2:              document.getElementById('page_number_0').value = items_county_0;              break;            case -1:              if (x == 1) {                document.getElementById('page_number_0').value = 1;              }              else {                document.getElementById('page_number_0').value = x - 1;              }              break;            case -2:              document.getElementById('page_number_0').value = 1;              break;\t\t\t\t\t\tcase 0:              document.getElementById('page_number_0').value = x;              break;            default:              document.getElementById('page_number_0').value = 1;          }          bwg_ajax('gal_front_form_0', '0', 'bwg_thumbnails_0', '0', '', 'gallery', 0, '', '', load_more, '', 1);        }                    jQuery('.first-page-0').on('click', function () {              spider_page_0(this, 1, -2, 'numeric');              return false;            });            jQuery('.prev-page-0').on('click', function () {              spider_page_0(this, 1, -1, 'numeric');              return false;            });            jQuery('.next-page-0').on('click', function () {              spider_page_0(this, 1, 1, 'numeric');              return false;            });            jQuery('.last-page-0').on('click', function () {              spider_page_0(this, 1, 2, 'numeric');              return false;            });        \t\t\t\t\/* Change page on input enter. *\/        function bwg_change_page_0( e, that ) {          if (  e.key == 'Enter' ) {            var to_page = parseInt(jQuery(that).val());            var pages_count = jQuery(that).parents(\".pagination-links\").data(\"pages-count\");            var current_url_param = jQuery(that).attr('data-url-info');            if (to_page > pages_count) {              to_page = 1;            }\t \t\t\t\t\t\t\t\t\t\t\t\tspider_page_0(this, to_page, 0, 'numeric');\t\t\t\t\t\t\treturn false;\t\t\t\t\t\t          }          return true;        }        jQuery('.bwg_load_btn_0').on('click', function () {            spider_page_0(this, 1, 1, true);            return false;        });      <\/script>      <\/span>                <\/div>        <\/form>        <style>          #bwg_container1_0 #bwg_container2_0 #spider_popup_overlay_0 {          background-color: #EEEEEE;          opacity: 0.60;          }          <\/style>        <div id=\"bwg_spider_popup_loading_0\" class=\"bwg_spider_popup_loading\"><\/div>        <div id=\"spider_popup_overlay_0\" class=\"spider_popup_overlay\" onclick=\"spider_destroypopup(1000)\"><\/div>        <input type=\"hidden\" id=\"bwg_random_seed_0\" value=\"1011028863\">                <\/div>    <\/div>    <script>      if (document.readyState === 'complete') {        if( typeof bwg_main_ready == 'function' ) {          if ( jQuery(\"#bwg_container1_0\").height() ) {            bwg_main_ready(jQuery(\"#bwg_container1_0\"));          }        }      } else {        document.addEventListener('DOMContentLoaded', function() {          if( typeof bwg_main_ready == 'function' ) {            if ( jQuery(\"#bwg_container1_0\").height() ) {             bwg_main_ready(jQuery(\"#bwg_container1_0\"));            }          }        });      }    <\/script>    <\/p><p style=\"text-align: justify;\"><span style=\"letter-spacing: 0px;\">Se reconoce la labor institucional premiando a los equipos docentes y mostrando el registro audiovisual de su labor.<\/span><\/p><p style=\"text-align: justify;\">Antes de finalizar se anuncian los ganadores, mostrando la sumatoria de los puntajes de cada equipo y se entregan los premios.<\/p>\t\t\t\t\t\t\t\t<\/div>\n\t\t\t\t<\/div>\n\t\t\t\t\t<\/div>\n\t\t<\/div>\n\t\t\t\t\t<\/div>\n\t\t<\/section>\n\t\t\t\t<section class=\"elementor-section elementor-top-section elementor-element elementor-element-4dc6277 elementor-section-boxed elementor-section-height-default elementor-section-height-default\" data-id=\"4dc6277\" data-element_type=\"section\" data-e-type=\"section\">\n\t\t\t\t\t\t<div class=\"elementor-container elementor-column-gap-default\">\n\t\t\t\t\t<div class=\"elementor-column elementor-col-100 elementor-top-column elementor-element elementor-element-67903e3\" data-id=\"67903e3\" data-element_type=\"column\" data-e-type=\"column\">\n\t\t\t<div class=\"elementor-widget-wrap elementor-element-populated\">\n\t\t\t\t\t\t<div class=\"elementor-element elementor-element-800bc02 elementor-widget elementor-widget-text-editor\" data-id=\"800bc02\" data-element_type=\"widget\" data-e-type=\"widget\" data-widget_type=\"text-editor.default\">\n\t\t\t\t<div class=\"elementor-widget-container\">\n\t\t\t\t\t\t\t\t\t<p>El siguiente audiovisual es una muestra de la forma en que se presentan los ganadores de la competencia; en este caso en la categor\u00eda \u00abMejores actuaciones\u00bb.<\/p>\t\t\t\t\t\t\t\t<\/div>\n\t\t\t\t<\/div>\n\t\t\t\t<div class=\"elementor-element elementor-element-8bae60e elementor-widget elementor-widget-video\" data-id=\"8bae60e\" data-element_type=\"widget\" data-e-type=\"widget\" data-settings=\"{&quot;youtube_url&quot;:&quot;https:\\\/\\\/youtu.be\\\/XvbrKF2xM1U&quot;,&quot;video_type&quot;:&quot;youtube&quot;,&quot;controls&quot;:&quot;yes&quot;}\" data-widget_type=\"video.default\">\n\t\t\t\t<div class=\"elementor-widget-container\">\n\t\t\t\t\t\t\t<div class=\"elementor-wrapper elementor-open-inline\">\n\t\t\t<div class=\"elementor-video\"><\/div>\t\t<\/div>\n\t\t\t\t\t\t<\/div>\n\t\t\t\t<\/div>\n\t\t\t\t\t<\/div>\n\t\t<\/div>\n\t\t\t\t\t<\/div>\n\t\t<\/section>\n\t\t\t\t<\/div>\n\t\t","protected":false},"excerpt":{"rendered":"<p>El cierre es la oportunidad de encuentro m\u00e1s divertida del a\u00f1o. Los equipos concurren con incertidumbre y expectativas para celebrar los logros, fortalecer la resiliencia y las habilidades para manejar tanto el \u00e9xito como la decepci\u00f3n. Concreta el final del trabajo del a\u00f1o y pretende cerrar todo lo que se abri\u00f3 al transitar el programa. Se analizan los temas abordados, se exhiben partes de todas las producciones audiovisuales no premiadas. Se reproducen las producciones que obtuvieron tercer, segundo y primer puesto de cada categor\u00eda. Tambi\u00e9n se muestran los tramos de cada producci\u00f3n audiovisual en donde se hayan distinguido las mejores actuaciones.\u00a0 Se reconoce la labor institucional premiando a los equipos docentes y mostrando el registro audiovisual de su labor. Antes de finalizar se anuncian los ganadores, mostrando la sumatoria de los puntajes de cada equipo y se entregan los premios. El siguiente audiovisual es una muestra de la forma en que se presentan los ganadores de la competencia; en este caso en la categor\u00eda \u00abMejores actuaciones\u00bb. https:\/\/youtu.be\/XvbrKF2xM1U<\/p>\n","protected":false},"author":2,"featured_media":0,"parent":0,"menu_order":0,"comment_status":"closed","ping_status":"closed","template":"","meta":{"pgc_sgb_lightbox_settings":"","footnotes":""},"class_list":["post-17540","page","type-page","status-publish","hentry"],"_links":{"self":[{"href":"https:\/\/adolescenciaactiva.campana.gov.ar\/index.php\/wp-json\/wp\/v2\/pages\/17540"}],"collection":[{"href":"https:\/\/adolescenciaactiva.campana.gov.ar\/index.php\/wp-json\/wp\/v2\/pages"}],"about":[{"href":"https:\/\/adolescenciaactiva.campana.gov.ar\/index.php\/wp-json\/wp\/v2\/types\/page"}],"author":[{"embeddable":true,"href":"https:\/\/adolescenciaactiva.campana.gov.ar\/index.php\/wp-json\/wp\/v2\/users\/2"}],"replies":[{"embeddable":true,"href":"https:\/\/adolescenciaactiva.campana.gov.ar\/index.php\/wp-json\/wp\/v2\/comments?post=17540"}],"version-history":[{"count":110,"href":"https:\/\/adolescenciaactiva.campana.gov.ar\/index.php\/wp-json\/wp\/v2\/pages\/17540\/revisions"}],"predecessor-version":[{"id":18618,"href":"https:\/\/adolescenciaactiva.campana.gov.ar\/index.php\/wp-json\/wp\/v2\/pages\/17540\/revisions\/18618"}],"wp:attachment":[{"href":"https:\/\/adolescenciaactiva.campana.gov.ar\/index.php\/wp-json\/wp\/v2\/media?parent=17540"}],"curies":[{"name":"wp","href":"https:\/\/api.w.org\/{rel}","templated":true}]}}