{"id":17657,"date":"2024-12-16T04:05:41","date_gmt":"2024-12-16T07:05:41","guid":{"rendered":"https:\/\/lafuente.campana.gov.ar\/?page_id=17657"},"modified":"2025-01-10T09:59:18","modified_gmt":"2025-01-10T12:59:18","slug":"el-cuerpo-y-los-estereotipos","status":"publish","type":"page","link":"https:\/\/adolescenciaactiva.campana.gov.ar\/index.php\/el-cuerpo-y-los-estereotipos\/","title":{"rendered":"Estereotipos y autoestima"},"content":{"rendered":"\t\t<div data-elementor-type=\"wp-post\" data-elementor-id=\"17657\" class=\"elementor elementor-17657\">\n\t\t\t\t\t\t<section class=\"elementor-section elementor-top-section elementor-element elementor-element-ae9cbf6 elementor-section-boxed elementor-section-height-default elementor-section-height-default\" data-id=\"ae9cbf6\" data-element_type=\"section\" data-e-type=\"section\">\n\t\t\t\t\t\t<div class=\"elementor-container elementor-column-gap-default\">\n\t\t\t\t\t<div class=\"elementor-column elementor-col-100 elementor-top-column elementor-element elementor-element-7b256b1\" data-id=\"7b256b1\" data-element_type=\"column\" data-e-type=\"column\">\n\t\t\t<div class=\"elementor-widget-wrap elementor-element-populated\">\n\t\t\t\t\t\t<div class=\"elementor-element elementor-element-935b837 elementor-widget elementor-widget-video\" data-id=\"935b837\" data-element_type=\"widget\" data-e-type=\"widget\" data-settings=\"{&quot;youtube_url&quot;:&quot;https:\\\/\\\/youtu.be\\\/fup7XeteC0A&quot;,&quot;video_type&quot;:&quot;youtube&quot;,&quot;controls&quot;:&quot;yes&quot;}\" data-widget_type=\"video.default\">\n\t\t\t\t<div class=\"elementor-widget-container\">\n\t\t\t\t\t\t\t<div class=\"elementor-wrapper elementor-open-inline\">\n\t\t\t<div class=\"elementor-video\"><\/div>\t\t<\/div>\n\t\t\t\t\t\t<\/div>\n\t\t\t\t<\/div>\n\t\t\t\t<div class=\"elementor-element elementor-element-52f7630 elementor-widget elementor-widget-text-editor\" data-id=\"52f7630\" data-element_type=\"widget\" data-e-type=\"widget\" data-widget_type=\"text-editor.default\">\n\t\t\t\t<div class=\"elementor-widget-container\">\n\t\t\t\t\t\t\t\t\t<p>En el a\u00f1o 2018, un equipo con mucha fuerza\u00a0<span style=\"letter-spacing: 0px;\">de la escuela N\u00b0 19,<\/span><span style=\"letter-spacing: 0px;\">\u00a0<\/span><span style=\"letter-spacing: 0px;\">llamado Esp\u00edritu Juvenil, present\u00f3 este videoclip decidido a abordar los est\u00e1ndares de belleza mostrando su mirada sobre lo que significa ser linda. Con un fuerte acompa\u00f1amiento por parte de una de las preceptoras de la escuela, el equipo logr\u00f3 plasmar en el audiovisual las consecuencias de la mirada de los dem\u00e1s, los medios y los estereotipos.<\/span><\/p>\t\t\t\t\t\t\t\t<\/div>\n\t\t\t\t<\/div>\n\t\t\t\t\t<\/div>\n\t\t<\/div>\n\t\t\t\t\t<\/div>\n\t\t<\/section>\n\t\t\t\t<section class=\"elementor-section elementor-top-section elementor-element elementor-element-29d0c59 elementor-section-boxed elementor-section-height-default elementor-section-height-default\" data-id=\"29d0c59\" data-element_type=\"section\" data-e-type=\"section\">\n\t\t\t\t\t\t<div class=\"elementor-container elementor-column-gap-default\">\n\t\t\t\t\t<div class=\"elementor-column elementor-col-100 elementor-top-column elementor-element elementor-element-547b3c3\" data-id=\"547b3c3\" data-element_type=\"column\" data-e-type=\"column\">\n\t\t\t<div class=\"elementor-widget-wrap elementor-element-populated\">\n\t\t\t\t\t\t<div class=\"elementor-element elementor-element-6a91be2 elementor-widget elementor-widget-spacer\" data-id=\"6a91be2\" data-element_type=\"widget\" data-e-type=\"widget\" data-widget_type=\"spacer.default\">\n\t\t\t\t<div class=\"elementor-widget-container\">\n\t\t\t\t\t\t\t<div class=\"elementor-spacer\">\n\t\t\t<div class=\"elementor-spacer-inner\"><\/div>\n\t\t<\/div>\n\t\t\t\t\t\t<\/div>\n\t\t\t\t<\/div>\n\t\t\t\t\t<\/div>\n\t\t<\/div>\n\t\t\t\t\t<\/div>\n\t\t<\/section>\n\t\t\t\t<section class=\"elementor-section elementor-top-section elementor-element elementor-element-0238ee3 elementor-section-boxed elementor-section-height-default elementor-section-height-default\" data-id=\"0238ee3\" data-element_type=\"section\" data-e-type=\"section\">\n\t\t\t\t\t\t<div class=\"elementor-container elementor-column-gap-default\">\n\t\t\t\t\t<div class=\"elementor-column elementor-col-100 elementor-top-column elementor-element elementor-element-c7c0f7b\" data-id=\"c7c0f7b\" data-element_type=\"column\" data-e-type=\"column\">\n\t\t\t<div class=\"elementor-widget-wrap elementor-element-populated\">\n\t\t\t\t\t\t<div class=\"elementor-element elementor-element-cb543e5 elementor-widget elementor-widget-video\" data-id=\"cb543e5\" data-element_type=\"widget\" data-e-type=\"widget\" data-settings=\"{&quot;youtube_url&quot;:&quot;https:\\\/\\\/youtu.be\\\/VuDtD-FcMUI&quot;,&quot;video_type&quot;:&quot;youtube&quot;,&quot;controls&quot;:&quot;yes&quot;}\" data-widget_type=\"video.default\">\n\t\t\t\t<div class=\"elementor-widget-container\">\n\t\t\t\t\t\t\t<div class=\"elementor-wrapper elementor-open-inline\">\n\t\t\t<div class=\"elementor-video\"><\/div>\t\t<\/div>\n\t\t\t\t\t\t<\/div>\n\t\t\t\t<\/div>\n\t\t\t\t<div class=\"elementor-element elementor-element-f656cff elementor-widget elementor-widget-text-editor\" data-id=\"f656cff\" data-element_type=\"widget\" data-e-type=\"widget\" data-widget_type=\"text-editor.default\">\n\t\t\t\t<div class=\"elementor-widget-container\">\n\t\t\t\t\t\t\t\t\t<p><em>Nunca fui tenida en cuenta para ser la reina del baile. <\/em>As\u00ed\u00a0dice la letra de la canci\u00f3n que el equipo Aqu\u00ed no m\u00e1s, de la Escuela Santo Tom\u00e1s de Aquino eligi\u00f3 en 2023 para este audiovisual. De manera contundente, muestran que los trastornos alimentarios no son un problema de salud desconectado de la cultura, la realidad y las obligaciones impuestas por la sociedad.\u00a0<\/p>\t\t\t\t\t\t\t\t<\/div>\n\t\t\t\t<\/div>\n\t\t\t\t\t<\/div>\n\t\t<\/div>\n\t\t\t\t\t<\/div>\n\t\t<\/section>\n\t\t\t\t<section class=\"elementor-section elementor-top-section elementor-element elementor-element-72f388a elementor-section-boxed elementor-section-height-default elementor-section-height-default\" data-id=\"72f388a\" data-element_type=\"section\" data-e-type=\"section\">\n\t\t\t\t\t\t<div class=\"elementor-container elementor-column-gap-default\">\n\t\t\t\t\t<div class=\"elementor-column elementor-col-100 elementor-top-column elementor-element elementor-element-51cb94d\" data-id=\"51cb94d\" data-element_type=\"column\" data-e-type=\"column\">\n\t\t\t<div class=\"elementor-widget-wrap elementor-element-populated\">\n\t\t\t\t\t\t<div class=\"elementor-element elementor-element-df409df elementor-widget elementor-widget-spacer\" data-id=\"df409df\" data-element_type=\"widget\" data-e-type=\"widget\" data-widget_type=\"spacer.default\">\n\t\t\t\t<div class=\"elementor-widget-container\">\n\t\t\t\t\t\t\t<div class=\"elementor-spacer\">\n\t\t\t<div class=\"elementor-spacer-inner\"><\/div>\n\t\t<\/div>\n\t\t\t\t\t\t<\/div>\n\t\t\t\t<\/div>\n\t\t\t\t\t<\/div>\n\t\t<\/div>\n\t\t\t\t\t<\/div>\n\t\t<\/section>\n\t\t\t\t<section class=\"elementor-section elementor-top-section elementor-element elementor-element-29e7a94 elementor-section-boxed elementor-section-height-default elementor-section-height-default\" data-id=\"29e7a94\" data-element_type=\"section\" data-e-type=\"section\">\n\t\t\t\t\t\t<div class=\"elementor-container elementor-column-gap-default\">\n\t\t\t\t\t<div class=\"elementor-column elementor-col-100 elementor-top-column elementor-element elementor-element-eab1f53\" data-id=\"eab1f53\" data-element_type=\"column\" data-e-type=\"column\">\n\t\t\t<div class=\"elementor-widget-wrap elementor-element-populated\">\n\t\t\t\t\t\t<div class=\"elementor-element elementor-element-4259956 elementor-invisible elementor-widget elementor-widget-video\" data-id=\"4259956\" data-element_type=\"widget\" data-e-type=\"widget\" data-settings=\"{&quot;youtube_url&quot;:&quot;https:\\\/\\\/youtu.be\\\/OhCxM5fV2OI&quot;,&quot;autoplay&quot;:&quot;yes&quot;,&quot;play_on_mobile&quot;:&quot;yes&quot;,&quot;mute&quot;:&quot;yes&quot;,&quot;_animation&quot;:&quot;fadeIn&quot;,&quot;video_type&quot;:&quot;youtube&quot;,&quot;controls&quot;:&quot;yes&quot;}\" data-widget_type=\"video.default\">\n\t\t\t\t<div class=\"elementor-widget-container\">\n\t\t\t\t\t\t\t<div class=\"elementor-wrapper elementor-open-inline\">\n\t\t\t<div class=\"elementor-video\"><\/div>\t\t<\/div>\n\t\t\t\t\t\t<\/div>\n\t\t\t\t<\/div>\n\t\t\t\t<div class=\"elementor-element elementor-element-96e35ad elementor-widget elementor-widget-text-editor\" data-id=\"96e35ad\" data-element_type=\"widget\" data-e-type=\"widget\" data-widget_type=\"text-editor.default\">\n\t\t\t\t<div class=\"elementor-widget-container\">\n\t\t\t\t\t\t\t\t\t<p>El equipo Triple A, de la Escuela Secundaria N\u00b0 6 ubicada en el casco urbano de la ciudad, present\u00f3 en el a\u00f1o 2022 este contenido sobre trastornos alimentarios. Su enfoque ubicado en la mirada de la protagonista y los planos directos tipo selfie, permiten ver sus emociones a lo largo de una jornada atravesada por miedos, angustias e inseguridades.\u00a0<\/p><p><em>Imposible dejar de mencionar el gran momento del video: al minuto 1 con 58 segundos.<\/em><\/p>\t\t\t\t\t\t\t\t<\/div>\n\t\t\t\t<\/div>\n\t\t\t\t\t<\/div>\n\t\t<\/div>\n\t\t\t\t\t<\/div>\n\t\t<\/section>\n\t\t\t\t<section class=\"elementor-section elementor-top-section elementor-element elementor-element-da3d07f elementor-section-boxed elementor-section-height-default elementor-section-height-default\" data-id=\"da3d07f\" data-element_type=\"section\" data-e-type=\"section\">\n\t\t\t\t\t\t<div class=\"elementor-container elementor-column-gap-default\">\n\t\t\t\t\t<div class=\"elementor-column elementor-col-100 elementor-top-column elementor-element elementor-element-805f312\" data-id=\"805f312\" data-element_type=\"column\" data-e-type=\"column\">\n\t\t\t<div class=\"elementor-widget-wrap elementor-element-populated\">\n\t\t\t\t\t\t<div class=\"elementor-element elementor-element-a96117e elementor-widget elementor-widget-spacer\" data-id=\"a96117e\" data-element_type=\"widget\" data-e-type=\"widget\" data-widget_type=\"spacer.default\">\n\t\t\t\t<div class=\"elementor-widget-container\">\n\t\t\t\t\t\t\t<div class=\"elementor-spacer\">\n\t\t\t<div class=\"elementor-spacer-inner\"><\/div>\n\t\t<\/div>\n\t\t\t\t\t\t<\/div>\n\t\t\t\t<\/div>\n\t\t\t\t\t<\/div>\n\t\t<\/div>\n\t\t\t\t\t<\/div>\n\t\t<\/section>\n\t\t\t\t<section class=\"elementor-section elementor-top-section elementor-element elementor-element-289cc99 elementor-section-boxed elementor-section-height-default elementor-section-height-default\" data-id=\"289cc99\" data-element_type=\"section\" data-e-type=\"section\">\n\t\t\t\t\t\t<div class=\"elementor-container elementor-column-gap-default\">\n\t\t\t\t\t<div class=\"elementor-column elementor-col-100 elementor-top-column elementor-element elementor-element-6f18d96\" data-id=\"6f18d96\" data-element_type=\"column\" data-e-type=\"column\">\n\t\t\t<div class=\"elementor-widget-wrap elementor-element-populated\">\n\t\t\t\t\t\t<div class=\"elementor-element elementor-element-f09b680 elementor-widget elementor-widget-video\" data-id=\"f09b680\" data-element_type=\"widget\" data-e-type=\"widget\" data-settings=\"{&quot;youtube_url&quot;:&quot;https:\\\/\\\/youtu.be\\\/eJZV8y17Z1w&quot;,&quot;video_type&quot;:&quot;youtube&quot;,&quot;controls&quot;:&quot;yes&quot;}\" data-widget_type=\"video.default\">\n\t\t\t\t<div class=\"elementor-widget-container\">\n\t\t\t\t\t\t\t<div class=\"elementor-wrapper elementor-open-inline\">\n\t\t\t<div class=\"elementor-video\"><\/div>\t\t<\/div>\n\t\t\t\t\t\t<\/div>\n\t\t\t\t<\/div>\n\t\t\t\t<div class=\"elementor-element elementor-element-cc5ccc4 elementor-widget elementor-widget-text-editor\" data-id=\"cc5ccc4\" data-element_type=\"widget\" data-e-type=\"widget\" data-widget_type=\"text-editor.default\">\n\t\t\t\t<div class=\"elementor-widget-container\">\n\t\t\t\t\t\t\t\t\t<p><b>Soy yo\u00a0<\/b>dice este videoclip presentado por el equipo Lucha J\u00f3ven de la Escuela 19 en el a\u00f1o 2017. Una protesta contra las cr\u00edticas y los estereotipos que se da el espacio para bailar y mirar a la c\u00e1mara.<\/p>\t\t\t\t\t\t\t\t<\/div>\n\t\t\t\t<\/div>\n\t\t\t\t\t<\/div>\n\t\t<\/div>\n\t\t\t\t\t<\/div>\n\t\t<\/section>\n\t\t\t\t<section class=\"elementor-section elementor-top-section elementor-element elementor-element-55b6442 elementor-section-boxed elementor-section-height-default elementor-section-height-default\" data-id=\"55b6442\" data-element_type=\"section\" data-e-type=\"section\">\n\t\t\t\t\t\t<div class=\"elementor-container elementor-column-gap-default\">\n\t\t\t\t\t<div class=\"elementor-column elementor-col-100 elementor-top-column elementor-element elementor-element-dc62054\" data-id=\"dc62054\" data-element_type=\"column\" data-e-type=\"column\">\n\t\t\t<div class=\"elementor-widget-wrap elementor-element-populated\">\n\t\t\t\t\t\t<div class=\"elementor-element elementor-element-b641ce7 elementor-widget elementor-widget-spacer\" data-id=\"b641ce7\" data-element_type=\"widget\" data-e-type=\"widget\" data-widget_type=\"spacer.default\">\n\t\t\t\t<div class=\"elementor-widget-container\">\n\t\t\t\t\t\t\t<div class=\"elementor-spacer\">\n\t\t\t<div class=\"elementor-spacer-inner\"><\/div>\n\t\t<\/div>\n\t\t\t\t\t\t<\/div>\n\t\t\t\t<\/div>\n\t\t\t\t\t<\/div>\n\t\t<\/div>\n\t\t\t\t\t<\/div>\n\t\t<\/section>\n\t\t\t\t<section class=\"elementor-section elementor-top-section elementor-element elementor-element-51d798d elementor-section-boxed elementor-section-height-default elementor-section-height-default\" data-id=\"51d798d\" data-element_type=\"section\" data-e-type=\"section\">\n\t\t\t\t\t\t<div class=\"elementor-container elementor-column-gap-default\">\n\t\t\t\t\t<div class=\"elementor-column elementor-col-100 elementor-top-column elementor-element elementor-element-6f92279\" data-id=\"6f92279\" data-element_type=\"column\" data-e-type=\"column\">\n\t\t\t<div class=\"elementor-widget-wrap elementor-element-populated\">\n\t\t\t\t\t\t<div class=\"elementor-element elementor-element-b124d2f elementor-widget__width-initial elementor-widget elementor-widget-video\" data-id=\"b124d2f\" data-element_type=\"widget\" data-e-type=\"widget\" data-settings=\"{&quot;youtube_url&quot;:&quot;https:\\\/\\\/youtu.be\\\/TiShnvkDgeY&quot;,&quot;video_type&quot;:&quot;youtube&quot;,&quot;controls&quot;:&quot;yes&quot;}\" data-widget_type=\"video.default\">\n\t\t\t\t<div class=\"elementor-widget-container\">\n\t\t\t\t\t\t\t<div class=\"elementor-wrapper elementor-open-inline\">\n\t\t\t<div class=\"elementor-video\"><\/div>\t\t<\/div>\n\t\t\t\t\t\t<\/div>\n\t\t\t\t<\/div>\n\t\t\t\t<div class=\"elementor-element elementor-element-b4bbc07 elementor-widget elementor-widget-text-editor\" data-id=\"b4bbc07\" data-element_type=\"widget\" data-e-type=\"widget\" data-widget_type=\"text-editor.default\">\n\t\t\t\t<div class=\"elementor-widget-container\">\n\t\t\t\t\t\t\t\t\t<p>El equipo Los violetas, con un fuerte apoyo del equipo docente, present\u00f3 este video sobre estereotipos y autoestima. En el a\u00f1o 2023, el Centro de Formaci\u00f3n Integral trabaj\u00f3 la tem\u00e1tica a trav\u00e9s de la utilizaci\u00f3n del recurso de un espejo protagonista que emite juicios y opiniones.<\/p>\t\t\t\t\t\t\t\t<\/div>\n\t\t\t\t<\/div>\n\t\t\t\t\t<\/div>\n\t\t<\/div>\n\t\t\t\t\t<\/div>\n\t\t<\/section>\n\t\t\t\t<\/div>\n\t\t","protected":false},"excerpt":{"rendered":"<p>https:\/\/youtu.be\/fup7XeteC0A En el a\u00f1o 2018, un equipo con mucha fuerza\u00a0de la escuela N\u00b0 19,\u00a0llamado Esp\u00edritu Juvenil, present\u00f3 este videoclip decidido a abordar los est\u00e1ndares de belleza mostrando su mirada sobre lo que significa ser linda. Con un fuerte acompa\u00f1amiento por parte de una de las preceptoras de la escuela, el equipo logr\u00f3 plasmar en el audiovisual las consecuencias de la mirada de los dem\u00e1s, los medios y los estereotipos. https:\/\/youtu.be\/VuDtD-FcMUI Nunca fui tenida en cuenta para ser la reina del baile. As\u00ed\u00a0dice la letra de la canci\u00f3n que el equipo Aqu\u00ed no m\u00e1s, de la Escuela Santo Tom\u00e1s de Aquino eligi\u00f3 en 2023 para este audiovisual. De manera contundente, muestran que los trastornos alimentarios no son un problema de salud desconectado de la cultura, la realidad y las obligaciones impuestas por la sociedad.\u00a0 https:\/\/youtu.be\/OhCxM5fV2OI El equipo Triple A, de la Escuela Secundaria N\u00b0 6 ubicada en el casco urbano de la ciudad, present\u00f3 en el a\u00f1o 2022 este contenido sobre trastornos alimentarios. Su enfoque ubicado en la mirada de la protagonista y los planos directos tipo selfie, permiten ver sus emociones a lo largo de una jornada atravesada por miedos, angustias e inseguridades.\u00a0 Imposible dejar de mencionar el gran momento del video: al minuto 1 con 58 segundos. https:\/\/youtu.be\/eJZV8y17Z1w Soy yo\u00a0dice este videoclip presentado por el equipo Lucha J\u00f3ven de la Escuela 19 en el a\u00f1o 2017. Una protesta contra las cr\u00edticas y los estereotipos que se da el espacio para bailar y mirar a la c\u00e1mara. https:\/\/youtu.be\/TiShnvkDgeY El equipo Los violetas, con un fuerte apoyo del equipo docente, present\u00f3 este video sobre estereotipos y autoestima. En el a\u00f1o 2023, el Centro de Formaci\u00f3n Integral trabaj\u00f3 la tem\u00e1tica a trav\u00e9s de la utilizaci\u00f3n del recurso de un espejo protagonista que emite juicios y opiniones.<\/p>\n","protected":false},"author":2,"featured_media":0,"parent":0,"menu_order":0,"comment_status":"closed","ping_status":"closed","template":"","meta":{"pgc_sgb_lightbox_settings":"","footnotes":""},"class_list":["post-17657","page","type-page","status-publish","hentry"],"_links":{"self":[{"href":"https:\/\/adolescenciaactiva.campana.gov.ar\/index.php\/wp-json\/wp\/v2\/pages\/17657"}],"collection":[{"href":"https:\/\/adolescenciaactiva.campana.gov.ar\/index.php\/wp-json\/wp\/v2\/pages"}],"about":[{"href":"https:\/\/adolescenciaactiva.campana.gov.ar\/index.php\/wp-json\/wp\/v2\/types\/page"}],"author":[{"embeddable":true,"href":"https:\/\/adolescenciaactiva.campana.gov.ar\/index.php\/wp-json\/wp\/v2\/users\/2"}],"replies":[{"embeddable":true,"href":"https:\/\/adolescenciaactiva.campana.gov.ar\/index.php\/wp-json\/wp\/v2\/comments?post=17657"}],"version-history":[{"count":104,"href":"https:\/\/adolescenciaactiva.campana.gov.ar\/index.php\/wp-json\/wp\/v2\/pages\/17657\/revisions"}],"predecessor-version":[{"id":18835,"href":"https:\/\/adolescenciaactiva.campana.gov.ar\/index.php\/wp-json\/wp\/v2\/pages\/17657\/revisions\/18835"}],"wp:attachment":[{"href":"https:\/\/adolescenciaactiva.campana.gov.ar\/index.php\/wp-json\/wp\/v2\/media?parent=17657"}],"curies":[{"name":"wp","href":"https:\/\/api.w.org\/{rel}","templated":true}]}}