{"id":17686,"date":"2024-12-16T04:21:16","date_gmt":"2024-12-16T07:21:16","guid":{"rendered":"https:\/\/lafuente.campana.gov.ar\/?page_id=17686"},"modified":"2025-01-10T06:51:11","modified_gmt":"2025-01-10T09:51:11","slug":"consumos","status":"publish","type":"page","link":"https:\/\/adolescenciaactiva.campana.gov.ar\/index.php\/consumos\/","title":{"rendered":"Consumos"},"content":{"rendered":"\t\t<div data-elementor-type=\"wp-page\" data-elementor-id=\"17686\" class=\"elementor elementor-17686\">\n\t\t\t\t\t\t<section class=\"elementor-section elementor-top-section elementor-element elementor-element-7eef827 elementor-section-boxed elementor-section-height-default elementor-section-height-default elementor-invisible\" data-id=\"7eef827\" data-element_type=\"section\" data-e-type=\"section\" data-settings=\"{&quot;animation&quot;:&quot;fadeIn&quot;}\">\n\t\t\t\t\t\t<div class=\"elementor-container elementor-column-gap-default\">\n\t\t\t\t\t<div class=\"elementor-column elementor-col-100 elementor-top-column elementor-element elementor-element-567a7a8\" data-id=\"567a7a8\" data-element_type=\"column\" data-e-type=\"column\">\n\t\t\t<div class=\"elementor-widget-wrap elementor-element-populated\">\n\t\t\t\t\t\t<div class=\"elementor-element elementor-element-9c2823c elementor-widget elementor-widget-video\" data-id=\"9c2823c\" data-element_type=\"widget\" data-e-type=\"widget\" data-settings=\"{&quot;youtube_url&quot;:&quot;https:\\\/\\\/youtu.be\\\/EnitHmntQ9o&quot;,&quot;video_type&quot;:&quot;youtube&quot;,&quot;controls&quot;:&quot;yes&quot;}\" data-widget_type=\"video.default\">\n\t\t\t\t<div class=\"elementor-widget-container\">\n\t\t\t\t\t\t\t<div class=\"elementor-wrapper elementor-open-inline\">\n\t\t\t<div class=\"elementor-video\"><\/div>\t\t<\/div>\n\t\t\t\t\t\t<\/div>\n\t\t\t\t<\/div>\n\t\t\t\t<div class=\"elementor-element elementor-element-4e4a160 elementor-widget elementor-widget-text-editor\" data-id=\"4e4a160\" data-element_type=\"widget\" data-e-type=\"widget\" data-widget_type=\"text-editor.default\">\n\t\t\t\t<div class=\"elementor-widget-container\">\n\t\t\t\t\t\t\t\t\t<p>En 2023, el equipo Club 27 de la escuela 27 del Barrio Las Acacias, abord\u00f3 la problem\u00e1tica de consumo con un enfoque muy particular. Mostraron el progreso temporal de las consecuencias de las adicciones. El contraste entre la situaci\u00f3n inicial y sus consecuencias se plasman en el relato, la m\u00fasica, la iluminaci\u00f3n y las expresiones.\u00a0<\/p><p>Resulta indispensable reflexionar sobre las formas de consumo y los <em>Consumos Problem\u00e1ticos\u00a0<\/em>en la adolescencia. Evitando el efecto Todo o Nada: Consumidor, adicto, enfermo Vs. No consumidor, no adicto, Sano. Hay un amplio espectro y el consumo es el problem\u00e1tico, no la sustancia.<\/p>\t\t\t\t\t\t\t\t<\/div>\n\t\t\t\t<\/div>\n\t\t\t\t\t<\/div>\n\t\t<\/div>\n\t\t\t\t\t<\/div>\n\t\t<\/section>\n\t\t\t\t<section class=\"elementor-section elementor-top-section elementor-element elementor-element-9d19880 elementor-section-boxed elementor-section-height-default elementor-section-height-default\" data-id=\"9d19880\" data-element_type=\"section\" data-e-type=\"section\">\n\t\t\t\t\t\t<div class=\"elementor-container elementor-column-gap-default\">\n\t\t\t\t\t<div class=\"elementor-column elementor-col-100 elementor-top-column elementor-element elementor-element-5d66eb9\" data-id=\"5d66eb9\" data-element_type=\"column\" data-e-type=\"column\">\n\t\t\t<div class=\"elementor-widget-wrap elementor-element-populated\">\n\t\t\t\t\t\t<div class=\"elementor-element elementor-element-d953539 elementor-widget elementor-widget-spacer\" data-id=\"d953539\" data-element_type=\"widget\" data-e-type=\"widget\" data-widget_type=\"spacer.default\">\n\t\t\t\t<div class=\"elementor-widget-container\">\n\t\t\t\t\t\t\t<div class=\"elementor-spacer\">\n\t\t\t<div class=\"elementor-spacer-inner\"><\/div>\n\t\t<\/div>\n\t\t\t\t\t\t<\/div>\n\t\t\t\t<\/div>\n\t\t\t\t\t<\/div>\n\t\t<\/div>\n\t\t\t\t\t<\/div>\n\t\t<\/section>\n\t\t\t\t<section class=\"elementor-section elementor-top-section elementor-element elementor-element-8fdd3f0 elementor-section-boxed elementor-section-height-default elementor-section-height-default elementor-invisible\" data-id=\"8fdd3f0\" data-element_type=\"section\" data-e-type=\"section\" data-settings=\"{&quot;animation&quot;:&quot;fadeIn&quot;}\">\n\t\t\t\t\t\t<div class=\"elementor-container elementor-column-gap-default\">\n\t\t\t\t\t<div class=\"elementor-column elementor-col-100 elementor-top-column elementor-element elementor-element-fdcb7da\" data-id=\"fdcb7da\" data-element_type=\"column\" data-e-type=\"column\">\n\t\t\t<div class=\"elementor-widget-wrap elementor-element-populated\">\n\t\t\t\t\t\t<div class=\"elementor-element elementor-element-e36ce80 elementor-widget elementor-widget-video\" data-id=\"e36ce80\" data-element_type=\"widget\" data-e-type=\"widget\" data-settings=\"{&quot;youtube_url&quot;:&quot;https:\\\/\\\/youtu.be\\\/LUjJ8EYuUi0&quot;,&quot;video_type&quot;:&quot;youtube&quot;,&quot;controls&quot;:&quot;yes&quot;}\" data-widget_type=\"video.default\">\n\t\t\t\t<div class=\"elementor-widget-container\">\n\t\t\t\t\t\t\t<div class=\"elementor-wrapper elementor-open-inline\">\n\t\t\t<div class=\"elementor-video\"><\/div>\t\t<\/div>\n\t\t\t\t\t\t<\/div>\n\t\t\t\t<\/div>\n\t\t\t\t<div class=\"elementor-element elementor-element-04279a9 elementor-widget elementor-widget-text-editor\" data-id=\"04279a9\" data-element_type=\"widget\" data-e-type=\"widget\" data-widget_type=\"text-editor.default\">\n\t\t\t\t<div class=\"elementor-widget-container\">\n\t\t\t\t\t\t\t\t\t<p>En 2016, el equipo Skins de la escuela 17 del Barrio Siderca, abord\u00f3 la problem\u00e1tica de consumo en un video clip mostrando situaciones de violencia en el noviazgo vinculadas a consumo y -en la segunda parte- mostrando la importancia de las redes, los v\u00ednculos sanos y el disfrute. Una mirada inocente, preventiva y positiva.&nbsp;<\/p>\t\t\t\t\t\t\t\t<\/div>\n\t\t\t\t<\/div>\n\t\t\t\t\t<\/div>\n\t\t<\/div>\n\t\t\t\t\t<\/div>\n\t\t<\/section>\n\t\t\t\t<section class=\"elementor-section elementor-top-section elementor-element elementor-element-1a6e292 elementor-section-boxed elementor-section-height-default elementor-section-height-default\" data-id=\"1a6e292\" data-element_type=\"section\" data-e-type=\"section\">\n\t\t\t\t\t\t<div class=\"elementor-container elementor-column-gap-default\">\n\t\t\t\t\t<div class=\"elementor-column elementor-col-100 elementor-top-column elementor-element elementor-element-ba30505\" data-id=\"ba30505\" data-element_type=\"column\" data-e-type=\"column\">\n\t\t\t<div class=\"elementor-widget-wrap elementor-element-populated\">\n\t\t\t\t\t\t<div class=\"elementor-element elementor-element-455222e elementor-widget elementor-widget-spacer\" data-id=\"455222e\" data-element_type=\"widget\" data-e-type=\"widget\" data-widget_type=\"spacer.default\">\n\t\t\t\t<div class=\"elementor-widget-container\">\n\t\t\t\t\t\t\t<div class=\"elementor-spacer\">\n\t\t\t<div class=\"elementor-spacer-inner\"><\/div>\n\t\t<\/div>\n\t\t\t\t\t\t<\/div>\n\t\t\t\t<\/div>\n\t\t\t\t\t<\/div>\n\t\t<\/div>\n\t\t\t\t\t<\/div>\n\t\t<\/section>\n\t\t\t\t<section class=\"elementor-section elementor-top-section elementor-element elementor-element-5e96fa4 elementor-section-boxed elementor-section-height-default elementor-section-height-default elementor-invisible\" data-id=\"5e96fa4\" data-element_type=\"section\" data-e-type=\"section\" data-settings=\"{&quot;animation&quot;:&quot;fadeIn&quot;}\">\n\t\t\t\t\t\t<div class=\"elementor-container elementor-column-gap-default\">\n\t\t\t\t\t<div class=\"elementor-column elementor-col-100 elementor-top-column elementor-element elementor-element-f25d0d1\" data-id=\"f25d0d1\" data-element_type=\"column\" data-e-type=\"column\">\n\t\t\t<div class=\"elementor-widget-wrap elementor-element-populated\">\n\t\t\t\t\t\t<div class=\"elementor-element elementor-element-ceda41b elementor-widget elementor-widget-video\" data-id=\"ceda41b\" data-element_type=\"widget\" data-e-type=\"widget\" data-settings=\"{&quot;youtube_url&quot;:&quot;https:\\\/\\\/youtu.be\\\/wiOR00xUWlE&quot;,&quot;video_type&quot;:&quot;youtube&quot;,&quot;controls&quot;:&quot;yes&quot;}\" data-widget_type=\"video.default\">\n\t\t\t\t<div class=\"elementor-widget-container\">\n\t\t\t\t\t\t\t<div class=\"elementor-wrapper elementor-open-inline\">\n\t\t\t<div class=\"elementor-video\"><\/div>\t\t<\/div>\n\t\t\t\t\t\t<\/div>\n\t\t\t\t<\/div>\n\t\t\t\t<div class=\"elementor-element elementor-element-14a51ab elementor-widget elementor-widget-text-editor\" data-id=\"14a51ab\" data-element_type=\"widget\" data-e-type=\"widget\" data-widget_type=\"text-editor.default\">\n\t\t\t\t<div class=\"elementor-widget-container\">\n\t\t\t\t\t\t\t\t\t<p>En 2016, el equipo Escuadron 144 de la escuela Dante Alighieri, ubicada en el casco urbano de la ciudad, abord\u00f3 la problem\u00e1tica de consumo en un video clip que muestra sus distintas etapas y posibles consecuencias. La variedad de recursos utilizada en este audiovisual genera un alto impacto.<\/p>\t\t\t\t\t\t\t\t<\/div>\n\t\t\t\t<\/div>\n\t\t\t\t\t<\/div>\n\t\t<\/div>\n\t\t\t\t\t<\/div>\n\t\t<\/section>\n\t\t\t\t<\/div>\n\t\t","protected":false},"excerpt":{"rendered":"<p>https:\/\/youtu.be\/EnitHmntQ9o En 2023, el equipo Club 27 de la escuela 27 del Barrio Las Acacias, abord\u00f3 la problem\u00e1tica de consumo con un enfoque muy particular. Mostraron el progreso temporal de las consecuencias de las adicciones. El contraste entre la situaci\u00f3n inicial y sus consecuencias se plasman en el relato, la m\u00fasica, la iluminaci\u00f3n y las expresiones.\u00a0 Resulta indispensable reflexionar sobre las formas de consumo y los Consumos Problem\u00e1ticos\u00a0en la adolescencia. Evitando el efecto Todo o Nada: Consumidor, adicto, enfermo Vs. No consumidor, no adicto, Sano. Hay un amplio espectro y el consumo es el problem\u00e1tico, no la sustancia. https:\/\/youtu.be\/LUjJ8EYuUi0 En 2016, el equipo Skins de la escuela 17 del Barrio Siderca, abord\u00f3 la problem\u00e1tica de consumo en un video clip mostrando situaciones de violencia en el noviazgo vinculadas a consumo y -en la segunda parte- mostrando la importancia de las redes, los v\u00ednculos sanos y el disfrute. Una mirada inocente, preventiva y positiva.&nbsp; https:\/\/youtu.be\/wiOR00xUWlE En 2016, el equipo Escuadron 144 de la escuela Dante Alighieri, ubicada en el casco urbano de la ciudad, abord\u00f3 la problem\u00e1tica de consumo en un video clip que muestra sus distintas etapas y posibles consecuencias. La variedad de recursos utilizada en este audiovisual genera un alto impacto.<\/p>\n","protected":false},"author":2,"featured_media":0,"parent":0,"menu_order":0,"comment_status":"closed","ping_status":"closed","template":"","meta":{"pgc_sgb_lightbox_settings":"","footnotes":""},"class_list":["post-17686","page","type-page","status-publish","hentry"],"_links":{"self":[{"href":"https:\/\/adolescenciaactiva.campana.gov.ar\/index.php\/wp-json\/wp\/v2\/pages\/17686"}],"collection":[{"href":"https:\/\/adolescenciaactiva.campana.gov.ar\/index.php\/wp-json\/wp\/v2\/pages"}],"about":[{"href":"https:\/\/adolescenciaactiva.campana.gov.ar\/index.php\/wp-json\/wp\/v2\/types\/page"}],"author":[{"embeddable":true,"href":"https:\/\/adolescenciaactiva.campana.gov.ar\/index.php\/wp-json\/wp\/v2\/users\/2"}],"replies":[{"embeddable":true,"href":"https:\/\/adolescenciaactiva.campana.gov.ar\/index.php\/wp-json\/wp\/v2\/comments?post=17686"}],"version-history":[{"count":78,"href":"https:\/\/adolescenciaactiva.campana.gov.ar\/index.php\/wp-json\/wp\/v2\/pages\/17686\/revisions"}],"predecessor-version":[{"id":18737,"href":"https:\/\/adolescenciaactiva.campana.gov.ar\/index.php\/wp-json\/wp\/v2\/pages\/17686\/revisions\/18737"}],"wp:attachment":[{"href":"https:\/\/adolescenciaactiva.campana.gov.ar\/index.php\/wp-json\/wp\/v2\/media?parent=17686"}],"curies":[{"name":"wp","href":"https:\/\/api.w.org\/{rel}","templated":true}]}}