{"id":17693,"date":"2024-12-16T04:26:24","date_gmt":"2024-12-16T07:26:24","guid":{"rendered":"https:\/\/lafuente.campana.gov.ar\/?page_id=17693"},"modified":"2025-01-11T17:36:54","modified_gmt":"2025-01-11T20:36:54","slug":"entornos-saludables","status":"publish","type":"page","link":"https:\/\/adolescenciaactiva.campana.gov.ar\/index.php\/entornos-saludables\/","title":{"rendered":"Entornos saludables"},"content":{"rendered":"\t\t<div data-elementor-type=\"wp-page\" data-elementor-id=\"17693\" class=\"elementor elementor-17693\">\n\t\t\t\t\t\t<section class=\"elementor-section elementor-top-section elementor-element elementor-element-141572a elementor-section-boxed elementor-section-height-default elementor-section-height-default elementor-invisible\" data-id=\"141572a\" data-element_type=\"section\" data-e-type=\"section\" data-settings=\"{&quot;animation&quot;:&quot;fadeIn&quot;}\">\n\t\t\t\t\t\t<div class=\"elementor-container elementor-column-gap-default\">\n\t\t\t\t\t<div class=\"elementor-column elementor-col-100 elementor-top-column elementor-element elementor-element-870f8d7\" data-id=\"870f8d7\" data-element_type=\"column\" data-e-type=\"column\">\n\t\t\t<div class=\"elementor-widget-wrap elementor-element-populated\">\n\t\t\t\t\t\t<div class=\"elementor-element elementor-element-1d40866 elementor-widget elementor-widget-video\" data-id=\"1d40866\" data-element_type=\"widget\" data-e-type=\"widget\" data-settings=\"{&quot;youtube_url&quot;:&quot;https:\\\/\\\/youtu.be\\\/lKVsgnvQlPo&quot;,&quot;video_type&quot;:&quot;youtube&quot;,&quot;controls&quot;:&quot;yes&quot;}\" data-widget_type=\"video.default\">\n\t\t\t\t<div class=\"elementor-widget-container\">\n\t\t\t\t\t\t\t<div class=\"elementor-wrapper elementor-open-inline\">\n\t\t\t<div class=\"elementor-video\"><\/div>\t\t<\/div>\n\t\t\t\t\t\t<\/div>\n\t\t\t\t<\/div>\n\t\t\t\t<div class=\"elementor-element elementor-element-8ab0cfd elementor-widget elementor-widget-text-editor\" data-id=\"8ab0cfd\" data-element_type=\"widget\" data-e-type=\"widget\" data-widget_type=\"text-editor.default\">\n\t\t\t\t<div class=\"elementor-widget-container\">\n\t\t\t\t\t\t\t\t\t<p>En 2023, el equipo Aqu\u00ed no m\u00e1s de la escuela Santo Tom\u00e1s de Aquino, present\u00f3 un audiovisual desde el punto de vista del protagonista que trat\u00f3 sobre acoso escolar y sus consecuencias.<\/p>\t\t\t\t\t\t\t\t<\/div>\n\t\t\t\t<\/div>\n\t\t\t\t\t<\/div>\n\t\t<\/div>\n\t\t\t\t\t<\/div>\n\t\t<\/section>\n\t\t\t\t<section class=\"elementor-section elementor-top-section elementor-element elementor-element-ac68f1b elementor-section-boxed elementor-section-height-default elementor-section-height-default\" data-id=\"ac68f1b\" data-element_type=\"section\" data-e-type=\"section\">\n\t\t\t\t\t\t<div class=\"elementor-container elementor-column-gap-default\">\n\t\t\t\t\t<div class=\"elementor-column elementor-col-100 elementor-top-column elementor-element elementor-element-0af1ca8\" data-id=\"0af1ca8\" data-element_type=\"column\" data-e-type=\"column\">\n\t\t\t<div class=\"elementor-widget-wrap elementor-element-populated\">\n\t\t\t\t\t\t<div class=\"elementor-element elementor-element-3e34e17 elementor-widget elementor-widget-spacer\" data-id=\"3e34e17\" data-element_type=\"widget\" data-e-type=\"widget\" data-widget_type=\"spacer.default\">\n\t\t\t\t<div class=\"elementor-widget-container\">\n\t\t\t\t\t\t\t<div class=\"elementor-spacer\">\n\t\t\t<div class=\"elementor-spacer-inner\"><\/div>\n\t\t<\/div>\n\t\t\t\t\t\t<\/div>\n\t\t\t\t<\/div>\n\t\t\t\t\t<\/div>\n\t\t<\/div>\n\t\t\t\t\t<\/div>\n\t\t<\/section>\n\t\t\t\t<section class=\"elementor-section elementor-top-section elementor-element elementor-element-8d1c093 elementor-section-boxed elementor-section-height-default elementor-section-height-default elementor-invisible\" data-id=\"8d1c093\" data-element_type=\"section\" data-e-type=\"section\" data-settings=\"{&quot;animation&quot;:&quot;fadeIn&quot;}\">\n\t\t\t\t\t\t<div class=\"elementor-container elementor-column-gap-default\">\n\t\t\t\t\t<div class=\"elementor-column elementor-col-100 elementor-top-column elementor-element elementor-element-f62c00d\" data-id=\"f62c00d\" data-element_type=\"column\" data-e-type=\"column\">\n\t\t\t<div class=\"elementor-widget-wrap elementor-element-populated\">\n\t\t\t\t\t\t<div class=\"elementor-element elementor-element-db8b814 elementor-widget elementor-widget-video\" data-id=\"db8b814\" data-element_type=\"widget\" data-e-type=\"widget\" data-settings=\"{&quot;youtube_url&quot;:&quot;https:\\\/\\\/youtu.be\\\/t_AIuB44Yyw&quot;,&quot;video_type&quot;:&quot;youtube&quot;,&quot;controls&quot;:&quot;yes&quot;}\" data-widget_type=\"video.default\">\n\t\t\t\t<div class=\"elementor-widget-container\">\n\t\t\t\t\t\t\t<div class=\"elementor-wrapper elementor-open-inline\">\n\t\t\t<div class=\"elementor-video\"><\/div>\t\t<\/div>\n\t\t\t\t\t\t<\/div>\n\t\t\t\t<\/div>\n\t\t\t\t<div class=\"elementor-element elementor-element-dcbc85e elementor-widget elementor-widget-text-editor\" data-id=\"dcbc85e\" data-element_type=\"widget\" data-e-type=\"widget\" data-widget_type=\"text-editor.default\">\n\t\t\t\t<div class=\"elementor-widget-container\">\n\t\t\t\t\t\t\t\t\t<p>En el a\u00f1o 2017, el equipo Green Team del colegio Anibal di Francia, compuso una canci\u00f3n, la interpret\u00f3 y plasm\u00f3 en un videoclip que muestra pr\u00e1cticas usuales del acoso escolar. <em>Soy fuerte ante tus heridas, no voy a caer en tus mentiras, tu imperio se va cayendo y el m\u00edo se va fortaleciendo<\/em>, dice la composici\u00f3n original creada por el equipo especialmente para la competencia.<\/p>\t\t\t\t\t\t\t\t<\/div>\n\t\t\t\t<\/div>\n\t\t\t\t\t<\/div>\n\t\t<\/div>\n\t\t\t\t\t<\/div>\n\t\t<\/section>\n\t\t\t\t<section class=\"elementor-section elementor-top-section elementor-element elementor-element-c1066f2 elementor-section-boxed elementor-section-height-default elementor-section-height-default\" data-id=\"c1066f2\" data-element_type=\"section\" data-e-type=\"section\">\n\t\t\t\t\t\t<div class=\"elementor-container elementor-column-gap-default\">\n\t\t\t\t\t<div class=\"elementor-column elementor-col-100 elementor-top-column elementor-element elementor-element-dbeacce\" data-id=\"dbeacce\" data-element_type=\"column\" data-e-type=\"column\">\n\t\t\t<div class=\"elementor-widget-wrap elementor-element-populated\">\n\t\t\t\t\t\t<div class=\"elementor-element elementor-element-a90d996 elementor-widget elementor-widget-spacer\" data-id=\"a90d996\" data-element_type=\"widget\" data-e-type=\"widget\" data-widget_type=\"spacer.default\">\n\t\t\t\t<div class=\"elementor-widget-container\">\n\t\t\t\t\t\t\t<div class=\"elementor-spacer\">\n\t\t\t<div class=\"elementor-spacer-inner\"><\/div>\n\t\t<\/div>\n\t\t\t\t\t\t<\/div>\n\t\t\t\t<\/div>\n\t\t\t\t\t<\/div>\n\t\t<\/div>\n\t\t\t\t\t<\/div>\n\t\t<\/section>\n\t\t\t\t<section class=\"elementor-section elementor-top-section elementor-element elementor-element-bcd6954 elementor-section-boxed elementor-section-height-default elementor-section-height-default elementor-invisible\" data-id=\"bcd6954\" data-element_type=\"section\" data-e-type=\"section\" data-settings=\"{&quot;animation&quot;:&quot;fadeIn&quot;}\">\n\t\t\t\t\t\t<div class=\"elementor-container elementor-column-gap-default\">\n\t\t\t\t\t<div class=\"elementor-column elementor-col-100 elementor-top-column elementor-element elementor-element-4f75cb2\" data-id=\"4f75cb2\" data-element_type=\"column\" data-e-type=\"column\">\n\t\t\t<div class=\"elementor-widget-wrap elementor-element-populated\">\n\t\t\t\t\t\t<div class=\"elementor-element elementor-element-6b68c13 elementor-widget elementor-widget-video\" data-id=\"6b68c13\" data-element_type=\"widget\" data-e-type=\"widget\" data-settings=\"{&quot;youtube_url&quot;:&quot;https:\\\/\\\/youtu.be\\\/QTcU6egwVTE&quot;,&quot;video_type&quot;:&quot;youtube&quot;,&quot;controls&quot;:&quot;yes&quot;}\" data-widget_type=\"video.default\">\n\t\t\t\t<div class=\"elementor-widget-container\">\n\t\t\t\t\t\t\t<div class=\"elementor-wrapper elementor-open-inline\">\n\t\t\t<div class=\"elementor-video\"><\/div>\t\t<\/div>\n\t\t\t\t\t\t<\/div>\n\t\t\t\t<\/div>\n\t\t\t\t<div class=\"elementor-element elementor-element-2eb20a1 elementor-widget elementor-widget-text-editor\" data-id=\"2eb20a1\" data-element_type=\"widget\" data-e-type=\"widget\" data-widget_type=\"text-editor.default\">\n\t\t\t\t<div class=\"elementor-widget-container\">\n\t\t\t\t\t\t\t\t\t<p><em>Cuando quieran apagar tu llama no les hagas caso y cuando busques compa\u00f1\u00eda no dudes de este abrazo,\u00a0<\/em>dice parte de la canci\u00f3n que el equipo Fortaleza Adolescente de la escuela N\u00b0 19 eligi\u00f3 para musicalizar este videoclip con coreograf\u00edas, playbacks e im\u00e1genes de una fuerte red que contiene al que lo necesita.<\/p>\t\t\t\t\t\t\t\t<\/div>\n\t\t\t\t<\/div>\n\t\t\t\t\t<\/div>\n\t\t<\/div>\n\t\t\t\t\t<\/div>\n\t\t<\/section>\n\t\t\t\t<section class=\"elementor-section elementor-top-section elementor-element elementor-element-786f5cc elementor-section-boxed elementor-section-height-default elementor-section-height-default\" data-id=\"786f5cc\" data-element_type=\"section\" data-e-type=\"section\">\n\t\t\t\t\t\t<div class=\"elementor-container elementor-column-gap-default\">\n\t\t\t\t\t<div class=\"elementor-column elementor-col-100 elementor-top-column elementor-element elementor-element-4457375\" data-id=\"4457375\" data-element_type=\"column\" data-e-type=\"column\">\n\t\t\t<div class=\"elementor-widget-wrap elementor-element-populated\">\n\t\t\t\t\t\t<div class=\"elementor-element elementor-element-62100cb elementor-widget elementor-widget-spacer\" data-id=\"62100cb\" data-element_type=\"widget\" data-e-type=\"widget\" data-widget_type=\"spacer.default\">\n\t\t\t\t<div class=\"elementor-widget-container\">\n\t\t\t\t\t\t\t<div class=\"elementor-spacer\">\n\t\t\t<div class=\"elementor-spacer-inner\"><\/div>\n\t\t<\/div>\n\t\t\t\t\t\t<\/div>\n\t\t\t\t<\/div>\n\t\t\t\t\t<\/div>\n\t\t<\/div>\n\t\t\t\t\t<\/div>\n\t\t<\/section>\n\t\t\t\t<section class=\"elementor-section elementor-top-section elementor-element elementor-element-e9eae15 elementor-section-boxed elementor-section-height-default elementor-section-height-default elementor-invisible\" data-id=\"e9eae15\" data-element_type=\"section\" data-e-type=\"section\" data-settings=\"{&quot;animation&quot;:&quot;fadeIn&quot;}\">\n\t\t\t\t\t\t<div class=\"elementor-container elementor-column-gap-default\">\n\t\t\t\t\t<div class=\"elementor-column elementor-col-100 elementor-top-column elementor-element elementor-element-8d3b17f\" data-id=\"8d3b17f\" data-element_type=\"column\" data-e-type=\"column\">\n\t\t\t<div class=\"elementor-widget-wrap elementor-element-populated\">\n\t\t\t\t\t\t<div class=\"elementor-element elementor-element-8b0ba7d elementor-widget elementor-widget-video\" data-id=\"8b0ba7d\" data-element_type=\"widget\" data-e-type=\"widget\" data-settings=\"{&quot;youtube_url&quot;:&quot;https:\\\/\\\/youtu.be\\\/k5y-M6e6L2Y&quot;,&quot;video_type&quot;:&quot;youtube&quot;,&quot;controls&quot;:&quot;yes&quot;}\" data-widget_type=\"video.default\">\n\t\t\t\t<div class=\"elementor-widget-container\">\n\t\t\t\t\t\t\t<div class=\"elementor-wrapper elementor-open-inline\">\n\t\t\t<div class=\"elementor-video\"><\/div>\t\t<\/div>\n\t\t\t\t\t\t<\/div>\n\t\t\t\t<\/div>\n\t\t\t\t<div class=\"elementor-element elementor-element-7fb30af elementor-widget elementor-widget-text-editor\" data-id=\"7fb30af\" data-element_type=\"widget\" data-e-type=\"widget\" data-widget_type=\"text-editor.default\">\n\t\t\t\t<div class=\"elementor-widget-container\">\n\t\t\t\t\t\t\t\t\t<p>Los pibes, el equipo de la Escuela Agraria N\u00b0 1, ubicada en el sector de islas del partido de Campana, mostr\u00f3 en 2019 su visi\u00f3n del acoso escolar, haciendo un punteo de las distintas manifestaciones del acoso escolar desde el punto de vista del protagonista.\u00a0<span style=\"letter-spacing: 0px;\">Una grabaci\u00f3n interesante en una sola toma que cost\u00f3 mucho trabajo, pero tuvo un magn\u00edfico resultado.<\/span><\/p>\t\t\t\t\t\t\t\t<\/div>\n\t\t\t\t<\/div>\n\t\t\t\t\t<\/div>\n\t\t<\/div>\n\t\t\t\t\t<\/div>\n\t\t<\/section>\n\t\t\t\t<section class=\"elementor-section elementor-top-section elementor-element elementor-element-6b7447c elementor-section-boxed elementor-section-height-default elementor-section-height-default\" data-id=\"6b7447c\" data-element_type=\"section\" data-e-type=\"section\">\n\t\t\t\t\t\t<div class=\"elementor-container elementor-column-gap-default\">\n\t\t\t\t\t<div class=\"elementor-column elementor-col-100 elementor-top-column elementor-element elementor-element-193b987\" data-id=\"193b987\" data-element_type=\"column\" data-e-type=\"column\">\n\t\t\t<div class=\"elementor-widget-wrap elementor-element-populated\">\n\t\t\t\t\t\t<div class=\"elementor-element elementor-element-cf3c5f7 elementor-widget elementor-widget-spacer\" data-id=\"cf3c5f7\" data-element_type=\"widget\" data-e-type=\"widget\" data-widget_type=\"spacer.default\">\n\t\t\t\t<div class=\"elementor-widget-container\">\n\t\t\t\t\t\t\t<div class=\"elementor-spacer\">\n\t\t\t<div class=\"elementor-spacer-inner\"><\/div>\n\t\t<\/div>\n\t\t\t\t\t\t<\/div>\n\t\t\t\t<\/div>\n\t\t\t\t\t<\/div>\n\t\t<\/div>\n\t\t\t\t\t<\/div>\n\t\t<\/section>\n\t\t\t\t<section class=\"elementor-section elementor-top-section elementor-element elementor-element-541ea37 elementor-section-boxed elementor-section-height-default elementor-section-height-default elementor-invisible\" data-id=\"541ea37\" data-element_type=\"section\" data-e-type=\"section\" data-settings=\"{&quot;animation&quot;:&quot;fadeIn&quot;}\">\n\t\t\t\t\t\t<div class=\"elementor-container elementor-column-gap-default\">\n\t\t\t\t\t<div class=\"elementor-column elementor-col-100 elementor-top-column elementor-element elementor-element-e116363\" data-id=\"e116363\" data-element_type=\"column\" data-e-type=\"column\">\n\t\t\t<div class=\"elementor-widget-wrap elementor-element-populated\">\n\t\t\t\t\t\t<div class=\"elementor-element elementor-element-a3a83c2 elementor-widget elementor-widget-video\" data-id=\"a3a83c2\" data-element_type=\"widget\" data-e-type=\"widget\" data-settings=\"{&quot;youtube_url&quot;:&quot;https:\\\/\\\/youtu.be\\\/bpIgsUKrq7Q&quot;,&quot;video_type&quot;:&quot;youtube&quot;,&quot;controls&quot;:&quot;yes&quot;}\" data-widget_type=\"video.default\">\n\t\t\t\t<div class=\"elementor-widget-container\">\n\t\t\t\t\t\t\t<div class=\"elementor-wrapper elementor-open-inline\">\n\t\t\t<div class=\"elementor-video\"><\/div>\t\t<\/div>\n\t\t\t\t\t\t<\/div>\n\t\t\t\t<\/div>\n\t\t\t\t<div class=\"elementor-element elementor-element-5b18c43 elementor-widget elementor-widget-text-editor\" data-id=\"5b18c43\" data-element_type=\"widget\" data-e-type=\"widget\" data-widget_type=\"text-editor.default\">\n\t\t\t\t<div class=\"elementor-widget-container\">\n\t\t\t\t\t\t\t\t\t<p>El primer a\u00f1o que se hizo este programa -2016- el equipo Los Linces de la escuela N\u00b0 26 present\u00f3 este videoclip sobre el acoso escolar. Combinaron la letra de una canci\u00f3n que habla espec\u00edficamente del tema y varios efectos visuales, invitando a romper el silencio con la premisa: si no haces nada tambi\u00e9n sos parte.<\/p>\t\t\t\t\t\t\t\t<\/div>\n\t\t\t\t<\/div>\n\t\t\t\t\t<\/div>\n\t\t<\/div>\n\t\t\t\t\t<\/div>\n\t\t<\/section>\n\t\t\t\t<section class=\"elementor-section elementor-top-section elementor-element elementor-element-aeb06bb elementor-section-boxed elementor-section-height-default elementor-section-height-default\" data-id=\"aeb06bb\" data-element_type=\"section\" data-e-type=\"section\">\n\t\t\t\t\t\t<div class=\"elementor-container elementor-column-gap-default\">\n\t\t\t\t\t<div class=\"elementor-column elementor-col-100 elementor-top-column elementor-element elementor-element-7b6cc76\" data-id=\"7b6cc76\" data-element_type=\"column\" data-e-type=\"column\">\n\t\t\t<div class=\"elementor-widget-wrap elementor-element-populated\">\n\t\t\t\t\t\t<div class=\"elementor-element elementor-element-701f994 elementor-widget elementor-widget-spacer\" data-id=\"701f994\" data-element_type=\"widget\" data-e-type=\"widget\" data-widget_type=\"spacer.default\">\n\t\t\t\t<div class=\"elementor-widget-container\">\n\t\t\t\t\t\t\t<div class=\"elementor-spacer\">\n\t\t\t<div class=\"elementor-spacer-inner\"><\/div>\n\t\t<\/div>\n\t\t\t\t\t\t<\/div>\n\t\t\t\t<\/div>\n\t\t\t\t\t<\/div>\n\t\t<\/div>\n\t\t\t\t\t<\/div>\n\t\t<\/section>\n\t\t\t\t<section class=\"elementor-section elementor-top-section elementor-element elementor-element-9ad6e49 elementor-section-boxed elementor-section-height-default elementor-section-height-default elementor-invisible\" data-id=\"9ad6e49\" data-element_type=\"section\" data-e-type=\"section\" data-settings=\"{&quot;animation&quot;:&quot;fadeIn&quot;}\">\n\t\t\t\t\t\t<div class=\"elementor-container elementor-column-gap-default\">\n\t\t\t\t\t<div class=\"elementor-column elementor-col-100 elementor-top-column elementor-element elementor-element-ed44ad0\" data-id=\"ed44ad0\" data-element_type=\"column\" data-e-type=\"column\">\n\t\t\t<div class=\"elementor-widget-wrap elementor-element-populated\">\n\t\t\t\t\t\t<div class=\"elementor-element elementor-element-3d45809 elementor-widget elementor-widget-video\" data-id=\"3d45809\" data-element_type=\"widget\" data-e-type=\"widget\" data-settings=\"{&quot;youtube_url&quot;:&quot;https:\\\/\\\/youtu.be\\\/fp85cQd8oF4&quot;,&quot;video_type&quot;:&quot;youtube&quot;,&quot;controls&quot;:&quot;yes&quot;}\" data-widget_type=\"video.default\">\n\t\t\t\t<div class=\"elementor-widget-container\">\n\t\t\t\t\t\t\t<div class=\"elementor-wrapper elementor-open-inline\">\n\t\t\t<div class=\"elementor-video\"><\/div>\t\t<\/div>\n\t\t\t\t\t\t<\/div>\n\t\t\t\t<\/div>\n\t\t\t\t<div class=\"elementor-element elementor-element-dcf8ec1 elementor-widget elementor-widget-text-editor\" data-id=\"dcf8ec1\" data-element_type=\"widget\" data-e-type=\"widget\" data-widget_type=\"text-editor.default\">\n\t\t\t\t<div class=\"elementor-widget-container\">\n\t\t\t\t\t\t\t\t\t<p>En el 2019, Los violetas, mostraron su visi\u00f3n sobre las etiquetas, los sobrenombres, las opiniones del cuerpo de los dem\u00e1s, entre otras cosas. El Centro de Formaci\u00f3n Integral tiene un fuerte compromiso con la participaci\u00f3n en el programa desde su inicio, los argumentos que proponen en los audiovisuales son producto de mucho trabajo y estudio. Los resultados finales siempre conmueven. Por la especificidad de los chicos y chicas que concurren a la instituci\u00f3n -a diferencia del resto de los equipos- el equipo de Los Violetas se repite todos los a\u00f1os, por lo que el v\u00ednculo con el programa es muy fuerte.<\/p>\t\t\t\t\t\t\t\t<\/div>\n\t\t\t\t<\/div>\n\t\t\t\t\t<\/div>\n\t\t<\/div>\n\t\t\t\t\t<\/div>\n\t\t<\/section>\n\t\t\t\t<\/div>\n\t\t","protected":false},"excerpt":{"rendered":"<p>https:\/\/youtu.be\/lKVsgnvQlPo En 2023, el equipo Aqu\u00ed no m\u00e1s de la escuela Santo Tom\u00e1s de Aquino, present\u00f3 un audiovisual desde el punto de vista del protagonista que trat\u00f3 sobre acoso escolar y sus consecuencias. https:\/\/youtu.be\/t_AIuB44Yyw En el a\u00f1o 2017, el equipo Green Team del colegio Anibal di Francia, compuso una canci\u00f3n, la interpret\u00f3 y plasm\u00f3 en un videoclip que muestra pr\u00e1cticas usuales del acoso escolar. Soy fuerte ante tus heridas, no voy a caer en tus mentiras, tu imperio se va cayendo y el m\u00edo se va fortaleciendo, dice la composici\u00f3n original creada por el equipo especialmente para la competencia. https:\/\/youtu.be\/QTcU6egwVTE Cuando quieran apagar tu llama no les hagas caso y cuando busques compa\u00f1\u00eda no dudes de este abrazo,\u00a0dice parte de la canci\u00f3n que el equipo Fortaleza Adolescente de la escuela N\u00b0 19 eligi\u00f3 para musicalizar este videoclip con coreograf\u00edas, playbacks e im\u00e1genes de una fuerte red que contiene al que lo necesita. https:\/\/youtu.be\/k5y-M6e6L2Y Los pibes, el equipo de la Escuela Agraria N\u00b0 1, ubicada en el sector de islas del partido de Campana, mostr\u00f3 en 2019 su visi\u00f3n del acoso escolar, haciendo un punteo de las distintas manifestaciones del acoso escolar desde el punto de vista del protagonista.\u00a0Una grabaci\u00f3n interesante en una sola toma que cost\u00f3 mucho trabajo, pero tuvo un magn\u00edfico resultado. https:\/\/youtu.be\/bpIgsUKrq7Q El primer a\u00f1o que se hizo este programa -2016- el equipo Los Linces de la escuela N\u00b0 26 present\u00f3 este videoclip sobre el acoso escolar. Combinaron la letra de una canci\u00f3n que habla espec\u00edficamente del tema y varios efectos visuales, invitando a romper el silencio con la premisa: si no haces nada tambi\u00e9n sos parte. https:\/\/youtu.be\/fp85cQd8oF4 En el 2019, Los violetas, mostraron su visi\u00f3n sobre las etiquetas, los sobrenombres, las opiniones del cuerpo de los dem\u00e1s, entre otras cosas. El Centro de Formaci\u00f3n Integral tiene un fuerte compromiso con la participaci\u00f3n en el programa desde su inicio, los argumentos que proponen en los audiovisuales son producto de mucho trabajo y estudio. Los resultados finales siempre conmueven. Por la especificidad de los chicos y chicas que concurren a la instituci\u00f3n -a diferencia del resto de los equipos- el equipo de Los Violetas se repite todos los a\u00f1os, por lo que el v\u00ednculo con el programa es muy fuerte.<\/p>\n","protected":false},"author":2,"featured_media":0,"parent":0,"menu_order":0,"comment_status":"closed","ping_status":"closed","template":"","meta":{"pgc_sgb_lightbox_settings":"","footnotes":""},"class_list":["post-17693","page","type-page","status-publish","hentry"],"_links":{"self":[{"href":"https:\/\/adolescenciaactiva.campana.gov.ar\/index.php\/wp-json\/wp\/v2\/pages\/17693"}],"collection":[{"href":"https:\/\/adolescenciaactiva.campana.gov.ar\/index.php\/wp-json\/wp\/v2\/pages"}],"about":[{"href":"https:\/\/adolescenciaactiva.campana.gov.ar\/index.php\/wp-json\/wp\/v2\/types\/page"}],"author":[{"embeddable":true,"href":"https:\/\/adolescenciaactiva.campana.gov.ar\/index.php\/wp-json\/wp\/v2\/users\/2"}],"replies":[{"embeddable":true,"href":"https:\/\/adolescenciaactiva.campana.gov.ar\/index.php\/wp-json\/wp\/v2\/comments?post=17693"}],"version-history":[{"count":78,"href":"https:\/\/adolescenciaactiva.campana.gov.ar\/index.php\/wp-json\/wp\/v2\/pages\/17693\/revisions"}],"predecessor-version":[{"id":18919,"href":"https:\/\/adolescenciaactiva.campana.gov.ar\/index.php\/wp-json\/wp\/v2\/pages\/17693\/revisions\/18919"}],"wp:attachment":[{"href":"https:\/\/adolescenciaactiva.campana.gov.ar\/index.php\/wp-json\/wp\/v2\/media?parent=17693"}],"curies":[{"name":"wp","href":"https:\/\/api.w.org\/{rel}","templated":true}]}}