{"id":17700,"date":"2024-12-16T04:34:30","date_gmt":"2024-12-16T07:34:30","guid":{"rendered":"https:\/\/lafuente.campana.gov.ar\/?page_id=17700"},"modified":"2025-01-10T07:16:48","modified_gmt":"2025-01-10T10:16:48","slug":"cultura-vial","status":"publish","type":"page","link":"https:\/\/adolescenciaactiva.campana.gov.ar\/index.php\/cultura-vial\/","title":{"rendered":"Cultura vial"},"content":{"rendered":"\t\t<div data-elementor-type=\"wp-page\" data-elementor-id=\"17700\" class=\"elementor elementor-17700\">\n\t\t\t\t\t\t<section class=\"elementor-section elementor-top-section elementor-element elementor-element-57462b5 elementor-section-boxed elementor-section-height-default elementor-section-height-default elementor-invisible\" data-id=\"57462b5\" data-element_type=\"section\" data-e-type=\"section\" data-settings=\"{&quot;animation&quot;:&quot;fadeIn&quot;}\">\n\t\t\t\t\t\t<div class=\"elementor-container elementor-column-gap-default\">\n\t\t\t\t\t<div class=\"elementor-column elementor-col-100 elementor-top-column elementor-element elementor-element-fc3c058\" data-id=\"fc3c058\" data-element_type=\"column\" data-e-type=\"column\">\n\t\t\t<div class=\"elementor-widget-wrap elementor-element-populated\">\n\t\t\t\t\t\t<div class=\"elementor-element elementor-element-bd43faa elementor-widget elementor-widget-video\" data-id=\"bd43faa\" data-element_type=\"widget\" data-e-type=\"widget\" data-settings=\"{&quot;youtube_url&quot;:&quot;https:\\\/\\\/youtu.be\\\/xU7DMSNRwR4&quot;,&quot;video_type&quot;:&quot;youtube&quot;,&quot;controls&quot;:&quot;yes&quot;}\" data-widget_type=\"video.default\">\n\t\t\t\t<div class=\"elementor-widget-container\">\n\t\t\t\t\t\t\t<div class=\"elementor-wrapper elementor-open-inline\">\n\t\t\t<div class=\"elementor-video\"><\/div>\t\t<\/div>\n\t\t\t\t\t\t<\/div>\n\t\t\t\t<\/div>\n\t\t\t\t<div class=\"elementor-element elementor-element-6acf874 elementor-widget elementor-widget-text-editor\" data-id=\"6acf874\" data-element_type=\"widget\" data-e-type=\"widget\" data-widget_type=\"text-editor.default\">\n\t\t\t\t<div class=\"elementor-widget-container\">\n\t\t\t\t\t\t\t\t\t<p>En el a\u00f1o 2024, el equipo Todos Juntos de la Escuela 27 del Barrio Las Acacias, abord\u00f3 la tem\u00e1tica Conductas de riesgo asocidada a accidentes de tr\u00e1nsito. Lo hizo en una campa\u00f1a de prevenci\u00f3n que acompa\u00f1\u00f3 de m\u00fasica haciendo un entretenido ensamble entre Campa\u00f1a de Prevenci\u00f3n y Video clip. \u00a1Con escena poscr\u00e9ditos incluida!<\/p>\t\t\t\t\t\t\t\t<\/div>\n\t\t\t\t<\/div>\n\t\t\t\t\t<\/div>\n\t\t<\/div>\n\t\t\t\t\t<\/div>\n\t\t<\/section>\n\t\t\t\t<section class=\"elementor-section elementor-top-section elementor-element elementor-element-3c1a0e8 elementor-section-boxed elementor-section-height-default elementor-section-height-default\" data-id=\"3c1a0e8\" data-element_type=\"section\" data-e-type=\"section\">\n\t\t\t\t\t\t<div class=\"elementor-container elementor-column-gap-default\">\n\t\t\t\t\t<div class=\"elementor-column elementor-col-100 elementor-top-column elementor-element elementor-element-4089626\" data-id=\"4089626\" data-element_type=\"column\" data-e-type=\"column\">\n\t\t\t<div class=\"elementor-widget-wrap elementor-element-populated\">\n\t\t\t\t\t\t<div class=\"elementor-element elementor-element-ae8b94c elementor-widget elementor-widget-spacer\" data-id=\"ae8b94c\" data-element_type=\"widget\" data-e-type=\"widget\" data-widget_type=\"spacer.default\">\n\t\t\t\t<div class=\"elementor-widget-container\">\n\t\t\t\t\t\t\t<div class=\"elementor-spacer\">\n\t\t\t<div class=\"elementor-spacer-inner\"><\/div>\n\t\t<\/div>\n\t\t\t\t\t\t<\/div>\n\t\t\t\t<\/div>\n\t\t\t\t\t<\/div>\n\t\t<\/div>\n\t\t\t\t\t<\/div>\n\t\t<\/section>\n\t\t\t\t<section class=\"elementor-section elementor-top-section elementor-element elementor-element-8bc444d elementor-section-boxed elementor-section-height-default elementor-section-height-default elementor-invisible\" data-id=\"8bc444d\" data-element_type=\"section\" data-e-type=\"section\" data-settings=\"{&quot;animation&quot;:&quot;fadeIn&quot;}\">\n\t\t\t\t\t\t<div class=\"elementor-container elementor-column-gap-default\">\n\t\t\t\t\t<div class=\"elementor-column elementor-col-100 elementor-top-column elementor-element elementor-element-065b6b7\" data-id=\"065b6b7\" data-element_type=\"column\" data-e-type=\"column\">\n\t\t\t<div class=\"elementor-widget-wrap elementor-element-populated\">\n\t\t\t\t\t\t<div class=\"elementor-element elementor-element-a210e7f elementor-widget elementor-widget-video\" data-id=\"a210e7f\" data-element_type=\"widget\" data-e-type=\"widget\" data-settings=\"{&quot;youtube_url&quot;:&quot;https:\\\/\\\/youtu.be\\\/Y5DoXmd6XLs&quot;,&quot;video_type&quot;:&quot;youtube&quot;,&quot;controls&quot;:&quot;yes&quot;}\" data-widget_type=\"video.default\">\n\t\t\t\t<div class=\"elementor-widget-container\">\n\t\t\t\t\t\t\t<div class=\"elementor-wrapper elementor-open-inline\">\n\t\t\t<div class=\"elementor-video\"><\/div>\t\t<\/div>\n\t\t\t\t\t\t<\/div>\n\t\t\t\t<\/div>\n\t\t\t\t<div class=\"elementor-element elementor-element-22d16e6 elementor-widget elementor-widget-text-editor\" data-id=\"22d16e6\" data-element_type=\"widget\" data-e-type=\"widget\" data-widget_type=\"text-editor.default\">\n\t\t\t\t<div class=\"elementor-widget-container\">\n\t\t\t\t\t\t\t\t\t<p>En el a\u00f1o 2019, el Equipo Estado Cr\u00edtico de la escuela N\u00b0 8 del Barrio R\u00edo Luj\u00e1n, desarroll\u00f3 este videoclip con una canci\u00f3n en ingl\u00e9s. El idioma muchas veces es una barrera pero en este caso la melod\u00eda acompa\u00f1a una historia bien contada (<b>y en una sola toma<\/b>) de las oportunidades perdidas por un accidente de tr\u00e1nsito en moto sin usar el casco.<\/p>\t\t\t\t\t\t\t\t<\/div>\n\t\t\t\t<\/div>\n\t\t\t\t\t<\/div>\n\t\t<\/div>\n\t\t\t\t\t<\/div>\n\t\t<\/section>\n\t\t\t\t<section class=\"elementor-section elementor-top-section elementor-element elementor-element-3b783bf elementor-section-boxed elementor-section-height-default elementor-section-height-default\" data-id=\"3b783bf\" data-element_type=\"section\" data-e-type=\"section\">\n\t\t\t\t\t\t<div class=\"elementor-container elementor-column-gap-default\">\n\t\t\t\t\t<div class=\"elementor-column elementor-col-100 elementor-top-column elementor-element elementor-element-108f80a\" data-id=\"108f80a\" data-element_type=\"column\" data-e-type=\"column\">\n\t\t\t<div class=\"elementor-widget-wrap elementor-element-populated\">\n\t\t\t\t\t\t<div class=\"elementor-element elementor-element-eabb698 elementor-widget elementor-widget-spacer\" data-id=\"eabb698\" data-element_type=\"widget\" data-e-type=\"widget\" data-widget_type=\"spacer.default\">\n\t\t\t\t<div class=\"elementor-widget-container\">\n\t\t\t\t\t\t\t<div class=\"elementor-spacer\">\n\t\t\t<div class=\"elementor-spacer-inner\"><\/div>\n\t\t<\/div>\n\t\t\t\t\t\t<\/div>\n\t\t\t\t<\/div>\n\t\t\t\t\t<\/div>\n\t\t<\/div>\n\t\t\t\t\t<\/div>\n\t\t<\/section>\n\t\t\t\t<section class=\"elementor-section elementor-top-section elementor-element elementor-element-058ac17 elementor-section-boxed elementor-section-height-default elementor-section-height-default elementor-invisible\" data-id=\"058ac17\" data-element_type=\"section\" data-e-type=\"section\" data-settings=\"{&quot;animation&quot;:&quot;fadeIn&quot;}\">\n\t\t\t\t\t\t<div class=\"elementor-container elementor-column-gap-default\">\n\t\t\t\t\t<div class=\"elementor-column elementor-col-100 elementor-top-column elementor-element elementor-element-67678b8\" data-id=\"67678b8\" data-element_type=\"column\" data-e-type=\"column\">\n\t\t\t<div class=\"elementor-widget-wrap elementor-element-populated\">\n\t\t\t\t\t\t<div class=\"elementor-element elementor-element-5c596bd elementor-widget elementor-widget-video\" data-id=\"5c596bd\" data-element_type=\"widget\" data-e-type=\"widget\" data-settings=\"{&quot;youtube_url&quot;:&quot;https:\\\/\\\/youtu.be\\\/oYO4t86AR4M&quot;,&quot;video_type&quot;:&quot;youtube&quot;,&quot;controls&quot;:&quot;yes&quot;}\" data-widget_type=\"video.default\">\n\t\t\t\t<div class=\"elementor-widget-container\">\n\t\t\t\t\t\t\t<div class=\"elementor-wrapper elementor-open-inline\">\n\t\t\t<div class=\"elementor-video\"><\/div>\t\t<\/div>\n\t\t\t\t\t\t<\/div>\n\t\t\t\t<\/div>\n\t\t\t\t<div class=\"elementor-element elementor-element-65ab294 elementor-widget elementor-widget-text-editor\" data-id=\"65ab294\" data-element_type=\"widget\" data-e-type=\"widget\" data-widget_type=\"text-editor.default\">\n\t\t\t\t<div class=\"elementor-widget-container\">\n\t\t\t\t\t\t\t\t\t<p>El equipo Los Violetas, del Centro de Formaci\u00f3n Integral ubicado en el casco urbano de la ciudad, desarroll\u00f3 este audiovisual en forma de Campa\u00f1a de Prevenci\u00f3n en el a\u00f1o 2023. El formato de entrevista, la utilizaci\u00f3n de estad\u00edsticas y el uso de giros de impacto son un recurso interesante a la hora de desarrollar este tipo de contenidos orientados a concientizar a la comunidad.<\/p>\t\t\t\t\t\t\t\t<\/div>\n\t\t\t\t<\/div>\n\t\t\t\t\t<\/div>\n\t\t<\/div>\n\t\t\t\t\t<\/div>\n\t\t<\/section>\n\t\t\t\t<\/div>\n\t\t","protected":false},"excerpt":{"rendered":"<p>https:\/\/youtu.be\/xU7DMSNRwR4 En el a\u00f1o 2024, el equipo Todos Juntos de la Escuela 27 del Barrio Las Acacias, abord\u00f3 la tem\u00e1tica Conductas de riesgo asocidada a accidentes de tr\u00e1nsito. Lo hizo en una campa\u00f1a de prevenci\u00f3n que acompa\u00f1\u00f3 de m\u00fasica haciendo un entretenido ensamble entre Campa\u00f1a de Prevenci\u00f3n y Video clip. \u00a1Con escena poscr\u00e9ditos incluida! https:\/\/youtu.be\/Y5DoXmd6XLs En el a\u00f1o 2019, el Equipo Estado Cr\u00edtico de la escuela N\u00b0 8 del Barrio R\u00edo Luj\u00e1n, desarroll\u00f3 este videoclip con una canci\u00f3n en ingl\u00e9s. El idioma muchas veces es una barrera pero en este caso la melod\u00eda acompa\u00f1a una historia bien contada (y en una sola toma) de las oportunidades perdidas por un accidente de tr\u00e1nsito en moto sin usar el casco. https:\/\/youtu.be\/oYO4t86AR4M El equipo Los Violetas, del Centro de Formaci\u00f3n Integral ubicado en el casco urbano de la ciudad, desarroll\u00f3 este audiovisual en forma de Campa\u00f1a de Prevenci\u00f3n en el a\u00f1o 2023. El formato de entrevista, la utilizaci\u00f3n de estad\u00edsticas y el uso de giros de impacto son un recurso interesante a la hora de desarrollar este tipo de contenidos orientados a concientizar a la comunidad.<\/p>\n","protected":false},"author":2,"featured_media":0,"parent":0,"menu_order":0,"comment_status":"closed","ping_status":"closed","template":"","meta":{"pgc_sgb_lightbox_settings":"","footnotes":""},"class_list":["post-17700","page","type-page","status-publish","hentry"],"_links":{"self":[{"href":"https:\/\/adolescenciaactiva.campana.gov.ar\/index.php\/wp-json\/wp\/v2\/pages\/17700"}],"collection":[{"href":"https:\/\/adolescenciaactiva.campana.gov.ar\/index.php\/wp-json\/wp\/v2\/pages"}],"about":[{"href":"https:\/\/adolescenciaactiva.campana.gov.ar\/index.php\/wp-json\/wp\/v2\/types\/page"}],"author":[{"embeddable":true,"href":"https:\/\/adolescenciaactiva.campana.gov.ar\/index.php\/wp-json\/wp\/v2\/users\/2"}],"replies":[{"embeddable":true,"href":"https:\/\/adolescenciaactiva.campana.gov.ar\/index.php\/wp-json\/wp\/v2\/comments?post=17700"}],"version-history":[{"count":39,"href":"https:\/\/adolescenciaactiva.campana.gov.ar\/index.php\/wp-json\/wp\/v2\/pages\/17700\/revisions"}],"predecessor-version":[{"id":18762,"href":"https:\/\/adolescenciaactiva.campana.gov.ar\/index.php\/wp-json\/wp\/v2\/pages\/17700\/revisions\/18762"}],"wp:attachment":[{"href":"https:\/\/adolescenciaactiva.campana.gov.ar\/index.php\/wp-json\/wp\/v2\/media?parent=17700"}],"curies":[{"name":"wp","href":"https:\/\/api.w.org\/{rel}","templated":true}]}}