{"id":17715,"date":"2024-12-16T04:48:25","date_gmt":"2024-12-16T07:48:25","guid":{"rendered":"https:\/\/lafuente.campana.gov.ar\/?page_id=17715"},"modified":"2025-01-10T07:26:45","modified_gmt":"2025-01-10T10:26:45","slug":"diversidad","status":"publish","type":"page","link":"https:\/\/adolescenciaactiva.campana.gov.ar\/index.php\/diversidad\/","title":{"rendered":"Diversidad"},"content":{"rendered":"\t\t<div data-elementor-type=\"wp-page\" data-elementor-id=\"17715\" class=\"elementor elementor-17715\">\n\t\t\t\t\t\t<section class=\"elementor-section elementor-top-section elementor-element elementor-element-35be51b elementor-section-boxed elementor-section-height-default elementor-section-height-default\" data-id=\"35be51b\" data-element_type=\"section\" data-e-type=\"section\">\n\t\t\t\t\t\t<div class=\"elementor-container elementor-column-gap-default\">\n\t\t\t\t\t<div class=\"elementor-column elementor-col-100 elementor-top-column elementor-element elementor-element-0e79eef\" data-id=\"0e79eef\" data-element_type=\"column\" data-e-type=\"column\">\n\t\t\t<div class=\"elementor-widget-wrap elementor-element-populated\">\n\t\t\t\t\t\t<div class=\"elementor-element elementor-element-a0ceedf elementor-widget elementor-widget-video\" data-id=\"a0ceedf\" data-element_type=\"widget\" data-e-type=\"widget\" data-settings=\"{&quot;youtube_url&quot;:&quot;https:\\\/\\\/youtu.be\\\/cXq5-W-AAOg&quot;,&quot;video_type&quot;:&quot;youtube&quot;,&quot;controls&quot;:&quot;yes&quot;}\" data-widget_type=\"video.default\">\n\t\t\t\t<div class=\"elementor-widget-container\">\n\t\t\t\t\t\t\t<div class=\"elementor-wrapper elementor-open-inline\">\n\t\t\t<div class=\"elementor-video\"><\/div>\t\t<\/div>\n\t\t\t\t\t\t<\/div>\n\t\t\t\t<\/div>\n\t\t\t\t<div class=\"elementor-element elementor-element-826b14f elementor-widget elementor-widget-text-editor\" data-id=\"826b14f\" data-element_type=\"widget\" data-e-type=\"widget\" data-widget_type=\"text-editor.default\">\n\t\t\t\t<div class=\"elementor-widget-container\">\n\t\t\t\t\t\t\t\t\t<p>El equipo Todos Juntos, de la escuela N\u00b0 27 del Barrio Las Acacias, present\u00f3 este conmovedor Videoclip en el a\u00f1o 2024. Abord\u00f3 la tem\u00e1tica <em>Diversidad<\/em> contanto una historia conmovedora sobre la importancia de las redes, la inclusi\u00f3n y del acompa\u00f1amiento.\u00a0<\/p>\t\t\t\t\t\t\t\t<\/div>\n\t\t\t\t<\/div>\n\t\t\t\t\t<\/div>\n\t\t<\/div>\n\t\t\t\t\t<\/div>\n\t\t<\/section>\n\t\t\t\t<section class=\"elementor-section elementor-top-section elementor-element elementor-element-0d2a514 elementor-section-boxed elementor-section-height-default elementor-section-height-default\" data-id=\"0d2a514\" data-element_type=\"section\" data-e-type=\"section\">\n\t\t\t\t\t\t<div class=\"elementor-container elementor-column-gap-default\">\n\t\t\t\t\t<div class=\"elementor-column elementor-col-100 elementor-top-column elementor-element elementor-element-29012a1\" data-id=\"29012a1\" data-element_type=\"column\" data-e-type=\"column\">\n\t\t\t<div class=\"elementor-widget-wrap elementor-element-populated\">\n\t\t\t\t\t\t<div class=\"elementor-element elementor-element-4ebde8d elementor-widget elementor-widget-spacer\" data-id=\"4ebde8d\" data-element_type=\"widget\" data-e-type=\"widget\" data-widget_type=\"spacer.default\">\n\t\t\t\t<div class=\"elementor-widget-container\">\n\t\t\t\t\t\t\t<div class=\"elementor-spacer\">\n\t\t\t<div class=\"elementor-spacer-inner\"><\/div>\n\t\t<\/div>\n\t\t\t\t\t\t<\/div>\n\t\t\t\t<\/div>\n\t\t\t\t\t<\/div>\n\t\t<\/div>\n\t\t\t\t\t<\/div>\n\t\t<\/section>\n\t\t\t\t<section class=\"elementor-section elementor-top-section elementor-element elementor-element-f38a1b0 elementor-section-boxed elementor-section-height-default elementor-section-height-default\" data-id=\"f38a1b0\" data-element_type=\"section\" data-e-type=\"section\">\n\t\t\t\t\t\t<div class=\"elementor-container elementor-column-gap-default\">\n\t\t\t\t\t<div class=\"elementor-column elementor-col-100 elementor-top-column elementor-element elementor-element-78f38bc\" data-id=\"78f38bc\" data-element_type=\"column\" data-e-type=\"column\">\n\t\t\t<div class=\"elementor-widget-wrap elementor-element-populated\">\n\t\t\t\t\t\t<div class=\"elementor-element elementor-element-30eb4b2 elementor-widget elementor-widget-video\" data-id=\"30eb4b2\" data-element_type=\"widget\" data-e-type=\"widget\" data-settings=\"{&quot;youtube_url&quot;:&quot;https:\\\/\\\/youtu.be\\\/ABWvG607pNk&quot;,&quot;video_type&quot;:&quot;youtube&quot;,&quot;controls&quot;:&quot;yes&quot;}\" data-widget_type=\"video.default\">\n\t\t\t\t<div class=\"elementor-widget-container\">\n\t\t\t\t\t\t\t<div class=\"elementor-wrapper elementor-open-inline\">\n\t\t\t<div class=\"elementor-video\"><\/div>\t\t<\/div>\n\t\t\t\t\t\t<\/div>\n\t\t\t\t<\/div>\n\t\t\t\t<div class=\"elementor-element elementor-element-18ff92a elementor-widget elementor-widget-text-editor\" data-id=\"18ff92a\" data-element_type=\"widget\" data-e-type=\"widget\" data-widget_type=\"text-editor.default\">\n\t\t\t\t<div class=\"elementor-widget-container\">\n\t\t\t\t\t\t\t\t\t<p>Este videoclip presentado por el equipo Aqu\u00ed No M\u00e1s, de la Escuela Santo Tom\u00e1s de Aquino en el a\u00f1o 2018, muestra situaciones vinculadas al g\u00e9nero, la im\u00e1gen y los prejuicios. Seleccionaron una canci\u00f3n cuya interesante letra acompa\u00f1a las im\u00e1genes. El trabajo en equipo y la participaci\u00f3n de gran cantidad de alumnos en escena es una estrategia muy utilizada por esta escuela a lo largo de los a\u00f1os.\u00a0<\/p>\t\t\t\t\t\t\t\t<\/div>\n\t\t\t\t<\/div>\n\t\t\t\t\t<\/div>\n\t\t<\/div>\n\t\t\t\t\t<\/div>\n\t\t<\/section>\n\t\t\t\t<section class=\"elementor-section elementor-top-section elementor-element elementor-element-0e55e0f elementor-section-boxed elementor-section-height-default elementor-section-height-default\" data-id=\"0e55e0f\" data-element_type=\"section\" data-e-type=\"section\">\n\t\t\t\t\t\t<div class=\"elementor-container elementor-column-gap-default\">\n\t\t\t\t\t<div class=\"elementor-column elementor-col-100 elementor-top-column elementor-element elementor-element-10d0fc9\" data-id=\"10d0fc9\" data-element_type=\"column\" data-e-type=\"column\">\n\t\t\t<div class=\"elementor-widget-wrap elementor-element-populated\">\n\t\t\t\t\t\t<div class=\"elementor-element elementor-element-1fa0bb5 elementor-widget elementor-widget-spacer\" data-id=\"1fa0bb5\" data-element_type=\"widget\" data-e-type=\"widget\" data-widget_type=\"spacer.default\">\n\t\t\t\t<div class=\"elementor-widget-container\">\n\t\t\t\t\t\t\t<div class=\"elementor-spacer\">\n\t\t\t<div class=\"elementor-spacer-inner\"><\/div>\n\t\t<\/div>\n\t\t\t\t\t\t<\/div>\n\t\t\t\t<\/div>\n\t\t\t\t\t<\/div>\n\t\t<\/div>\n\t\t\t\t\t<\/div>\n\t\t<\/section>\n\t\t\t\t<section class=\"elementor-section elementor-top-section elementor-element elementor-element-b34f388 elementor-section-boxed elementor-section-height-default elementor-section-height-default\" data-id=\"b34f388\" data-element_type=\"section\" data-e-type=\"section\">\n\t\t\t\t\t\t<div class=\"elementor-container elementor-column-gap-default\">\n\t\t\t\t\t<div class=\"elementor-column elementor-col-100 elementor-top-column elementor-element elementor-element-3ccc568\" data-id=\"3ccc568\" data-element_type=\"column\" data-e-type=\"column\">\n\t\t\t<div class=\"elementor-widget-wrap elementor-element-populated\">\n\t\t\t\t\t\t<div class=\"elementor-element elementor-element-52d217e elementor-widget elementor-widget-video\" data-id=\"52d217e\" data-element_type=\"widget\" data-e-type=\"widget\" data-settings=\"{&quot;youtube_url&quot;:&quot;https:\\\/\\\/youtu.be\\\/0bNrs-eaiBo&quot;,&quot;video_type&quot;:&quot;youtube&quot;,&quot;controls&quot;:&quot;yes&quot;}\" data-widget_type=\"video.default\">\n\t\t\t\t<div class=\"elementor-widget-container\">\n\t\t\t\t\t\t\t<div class=\"elementor-wrapper elementor-open-inline\">\n\t\t\t<div class=\"elementor-video\"><\/div>\t\t<\/div>\n\t\t\t\t\t\t<\/div>\n\t\t\t\t<\/div>\n\t\t\t\t<div class=\"elementor-element elementor-element-21083dc elementor-widget elementor-widget-text-editor\" data-id=\"21083dc\" data-element_type=\"widget\" data-e-type=\"widget\" data-widget_type=\"text-editor.default\">\n\t\t\t\t<div class=\"elementor-widget-container\">\n\t\t\t\t\t\t\t\t\t<p>En 2018 el equipo Armate de la escuela Dante Alighieri del casco urbano de la ciudad abord\u00f3 prejuicios a trav\u00e9s del recurso de las\u00a0 etiquetas. Mediante la premisa de animarse a ver las personas tal como son, muestran la cantidad de presunciones que se pueden asumir en la vida cotidianta en tan solo un minuto.<\/p>\t\t\t\t\t\t\t\t<\/div>\n\t\t\t\t<\/div>\n\t\t\t\t\t<\/div>\n\t\t<\/div>\n\t\t\t\t\t<\/div>\n\t\t<\/section>\n\t\t\t\t<section class=\"elementor-section elementor-top-section elementor-element elementor-element-bb46c6f elementor-section-boxed elementor-section-height-default elementor-section-height-default\" data-id=\"bb46c6f\" data-element_type=\"section\" data-e-type=\"section\">\n\t\t\t\t\t\t<div class=\"elementor-container elementor-column-gap-default\">\n\t\t\t\t\t<div class=\"elementor-column elementor-col-100 elementor-top-column elementor-element elementor-element-438c630\" data-id=\"438c630\" data-element_type=\"column\" data-e-type=\"column\">\n\t\t\t<div class=\"elementor-widget-wrap elementor-element-populated\">\n\t\t\t\t\t\t<div class=\"elementor-element elementor-element-5589915 elementor-widget elementor-widget-spacer\" data-id=\"5589915\" data-element_type=\"widget\" data-e-type=\"widget\" data-widget_type=\"spacer.default\">\n\t\t\t\t<div class=\"elementor-widget-container\">\n\t\t\t\t\t\t\t<div class=\"elementor-spacer\">\n\t\t\t<div class=\"elementor-spacer-inner\"><\/div>\n\t\t<\/div>\n\t\t\t\t\t\t<\/div>\n\t\t\t\t<\/div>\n\t\t\t\t\t<\/div>\n\t\t<\/div>\n\t\t\t\t\t<\/div>\n\t\t<\/section>\n\t\t\t\t<section class=\"elementor-section elementor-top-section elementor-element elementor-element-918ca1d elementor-section-boxed elementor-section-height-default elementor-section-height-default\" data-id=\"918ca1d\" data-element_type=\"section\" data-e-type=\"section\">\n\t\t\t\t\t\t<div class=\"elementor-container elementor-column-gap-default\">\n\t\t\t\t\t<div class=\"elementor-column elementor-col-100 elementor-top-column elementor-element elementor-element-34694af\" data-id=\"34694af\" data-element_type=\"column\" data-e-type=\"column\">\n\t\t\t<div class=\"elementor-widget-wrap elementor-element-populated\">\n\t\t\t\t\t\t<div class=\"elementor-element elementor-element-a583940 elementor-widget elementor-widget-video\" data-id=\"a583940\" data-element_type=\"widget\" data-e-type=\"widget\" data-settings=\"{&quot;youtube_url&quot;:&quot;https:\\\/\\\/youtu.be\\\/Hc_5To9q-00&quot;,&quot;video_type&quot;:&quot;youtube&quot;,&quot;controls&quot;:&quot;yes&quot;}\" data-widget_type=\"video.default\">\n\t\t\t\t<div class=\"elementor-widget-container\">\n\t\t\t\t\t\t\t<div class=\"elementor-wrapper elementor-open-inline\">\n\t\t\t<div class=\"elementor-video\"><\/div>\t\t<\/div>\n\t\t\t\t\t\t<\/div>\n\t\t\t\t<\/div>\n\t\t\t\t<div class=\"elementor-element elementor-element-68940bf elementor-widget elementor-widget-text-editor\" data-id=\"68940bf\" data-element_type=\"widget\" data-e-type=\"widget\" data-widget_type=\"text-editor.default\">\n\t\t\t\t<div class=\"elementor-widget-container\">\n\t\t\t\t\t\t\t\t\t<p>En 2018 el equipo Los Mejores de la escuela N\u00b0 3 del Barrio Siderca seleccion\u00f3 el tema Igualdad. Decidieron abordar prejuicios, racismo, el sentido de la vida, las redes, las apariencias y las emociones en un video de apenas 76 segunos. Este audiovisual concentra cientos de est\u00edmulos e ideas que profundizan el debate sobre la diversidad y muestra la potencia de la mirada adolescente.<\/p>\t\t\t\t\t\t\t\t<\/div>\n\t\t\t\t<\/div>\n\t\t\t\t\t<\/div>\n\t\t<\/div>\n\t\t\t\t\t<\/div>\n\t\t<\/section>\n\t\t\t\t<\/div>\n\t\t","protected":false},"excerpt":{"rendered":"<p>https:\/\/youtu.be\/cXq5-W-AAOg El equipo Todos Juntos, de la escuela N\u00b0 27 del Barrio Las Acacias, present\u00f3 este conmovedor Videoclip en el a\u00f1o 2024. Abord\u00f3 la tem\u00e1tica Diversidad contanto una historia conmovedora sobre la importancia de las redes, la inclusi\u00f3n y del acompa\u00f1amiento.\u00a0 https:\/\/youtu.be\/ABWvG607pNk Este videoclip presentado por el equipo Aqu\u00ed No M\u00e1s, de la Escuela Santo Tom\u00e1s de Aquino en el a\u00f1o 2018, muestra situaciones vinculadas al g\u00e9nero, la im\u00e1gen y los prejuicios. Seleccionaron una canci\u00f3n cuya interesante letra acompa\u00f1a las im\u00e1genes. El trabajo en equipo y la participaci\u00f3n de gran cantidad de alumnos en escena es una estrategia muy utilizada por esta escuela a lo largo de los a\u00f1os.\u00a0 https:\/\/youtu.be\/0bNrs-eaiBo En 2018 el equipo Armate de la escuela Dante Alighieri del casco urbano de la ciudad abord\u00f3 prejuicios a trav\u00e9s del recurso de las\u00a0 etiquetas. Mediante la premisa de animarse a ver las personas tal como son, muestran la cantidad de presunciones que se pueden asumir en la vida cotidianta en tan solo un minuto. https:\/\/youtu.be\/Hc_5To9q-00 En 2018 el equipo Los Mejores de la escuela N\u00b0 3 del Barrio Siderca seleccion\u00f3 el tema Igualdad. Decidieron abordar prejuicios, racismo, el sentido de la vida, las redes, las apariencias y las emociones en un video de apenas 76 segunos. Este audiovisual concentra cientos de est\u00edmulos e ideas que profundizan el debate sobre la diversidad y muestra la potencia de la mirada adolescente.<\/p>\n","protected":false},"author":2,"featured_media":0,"parent":0,"menu_order":0,"comment_status":"closed","ping_status":"closed","template":"","meta":{"pgc_sgb_lightbox_settings":"","footnotes":""},"class_list":["post-17715","page","type-page","status-publish","hentry"],"_links":{"self":[{"href":"https:\/\/adolescenciaactiva.campana.gov.ar\/index.php\/wp-json\/wp\/v2\/pages\/17715"}],"collection":[{"href":"https:\/\/adolescenciaactiva.campana.gov.ar\/index.php\/wp-json\/wp\/v2\/pages"}],"about":[{"href":"https:\/\/adolescenciaactiva.campana.gov.ar\/index.php\/wp-json\/wp\/v2\/types\/page"}],"author":[{"embeddable":true,"href":"https:\/\/adolescenciaactiva.campana.gov.ar\/index.php\/wp-json\/wp\/v2\/users\/2"}],"replies":[{"embeddable":true,"href":"https:\/\/adolescenciaactiva.campana.gov.ar\/index.php\/wp-json\/wp\/v2\/comments?post=17715"}],"version-history":[{"count":46,"href":"https:\/\/adolescenciaactiva.campana.gov.ar\/index.php\/wp-json\/wp\/v2\/pages\/17715\/revisions"}],"predecessor-version":[{"id":18765,"href":"https:\/\/adolescenciaactiva.campana.gov.ar\/index.php\/wp-json\/wp\/v2\/pages\/17715\/revisions\/18765"}],"wp:attachment":[{"href":"https:\/\/adolescenciaactiva.campana.gov.ar\/index.php\/wp-json\/wp\/v2\/media?parent=17715"}],"curies":[{"name":"wp","href":"https:\/\/api.w.org\/{rel}","templated":true}]}}