{"id":18152,"date":"2024-12-22T15:09:22","date_gmt":"2024-12-22T18:09:22","guid":{"rendered":"https:\/\/lafuente.campana.gov.ar\/?page_id=18152"},"modified":"2026-03-19T04:27:44","modified_gmt":"2026-03-19T07:27:44","slug":"equipo-de-coordinacion","status":"publish","type":"page","link":"https:\/\/adolescenciaactiva.campana.gov.ar\/index.php\/equipo-de-coordinacion\/","title":{"rendered":"Equipo de coordinaci\u00f3n"},"content":{"rendered":"\t\t<div data-elementor-type=\"wp-page\" data-elementor-id=\"18152\" class=\"elementor elementor-18152\">\n\t\t\t\t\t\t<section class=\"elementor-section elementor-top-section elementor-element elementor-element-9602c54 elementor-section-boxed elementor-section-height-default elementor-section-height-default\" data-id=\"9602c54\" data-element_type=\"section\" data-e-type=\"section\">\n\t\t\t\t\t\t<div class=\"elementor-container elementor-column-gap-default\">\n\t\t\t\t\t<div class=\"elementor-column elementor-col-100 elementor-top-column elementor-element elementor-element-57173aa\" data-id=\"57173aa\" data-element_type=\"column\" data-e-type=\"column\">\n\t\t\t<div class=\"elementor-widget-wrap elementor-element-populated\">\n\t\t\t\t\t\t<div class=\"elementor-element elementor-element-8490883 elementor-widget elementor-widget-text-editor\" data-id=\"8490883\" data-element_type=\"widget\" data-e-type=\"widget\" data-widget_type=\"text-editor.default\">\n\t\t\t\t<div class=\"elementor-widget-container\">\n\t\t\t\t\t\t\t\t\t<p>Elegimos dedicarnos a la prevenci\u00f3n de las problem\u00e1ticas de salud adolescente con un enfoque innovador, participativo, local, eficiente y divertido.<\/p>\t\t\t\t\t\t\t\t<\/div>\n\t\t\t\t<\/div>\n\t\t\t\t\t<\/div>\n\t\t<\/div>\n\t\t\t\t\t<\/div>\n\t\t<\/section>\n\t\t\t\t<section class=\"elementor-section elementor-top-section elementor-element elementor-element-db91c27 elementor-section-boxed elementor-section-height-default elementor-section-height-default\" data-id=\"db91c27\" data-element_type=\"section\" data-e-type=\"section\">\n\t\t\t\t\t\t<div class=\"elementor-container elementor-column-gap-default\">\n\t\t\t\t\t<div class=\"elementor-column elementor-col-20 elementor-top-column elementor-element elementor-element-61632c2\" data-id=\"61632c2\" data-element_type=\"column\" data-e-type=\"column\">\n\t\t\t<div class=\"elementor-widget-wrap\">\n\t\t\t\t\t\t\t<\/div>\n\t\t<\/div>\n\t\t\t\t<div class=\"elementor-column elementor-col-20 elementor-top-column elementor-element elementor-element-f0d659c\" data-id=\"f0d659c\" data-element_type=\"column\" data-e-type=\"column\">\n\t\t\t<div class=\"elementor-widget-wrap\">\n\t\t\t\t\t\t\t<\/div>\n\t\t<\/div>\n\t\t\t\t<div class=\"elementor-column elementor-col-20 elementor-top-column elementor-element elementor-element-7b3a98b\" data-id=\"7b3a98b\" data-element_type=\"column\" data-e-type=\"column\">\n\t\t\t<div class=\"elementor-widget-wrap\">\n\t\t\t\t\t\t\t<\/div>\n\t\t<\/div>\n\t\t\t\t<div class=\"elementor-column elementor-col-20 elementor-top-column elementor-element elementor-element-e31030a\" data-id=\"e31030a\" data-element_type=\"column\" data-e-type=\"column\">\n\t\t\t<div class=\"elementor-widget-wrap\">\n\t\t\t\t\t\t\t<\/div>\n\t\t<\/div>\n\t\t\t\t<div class=\"elementor-column elementor-col-20 elementor-top-column elementor-element elementor-element-6be7f34\" data-id=\"6be7f34\" data-element_type=\"column\" data-e-type=\"column\">\n\t\t\t<div class=\"elementor-widget-wrap\">\n\t\t\t\t\t\t\t<\/div>\n\t\t<\/div>\n\t\t\t\t\t<\/div>\n\t\t<\/section>\n\t\t\t\t<section class=\"elementor-section elementor-top-section elementor-element elementor-element-f625814 elementor-section-boxed elementor-section-height-default elementor-section-height-default\" data-id=\"f625814\" data-element_type=\"section\" data-e-type=\"section\">\n\t\t\t\t\t\t<div class=\"elementor-container elementor-column-gap-default\">\n\t\t\t\t\t<div class=\"elementor-column elementor-col-20 elementor-top-column elementor-element elementor-element-e637d8b\" data-id=\"e637d8b\" data-element_type=\"column\" data-e-type=\"column\">\n\t\t\t<div class=\"elementor-widget-wrap elementor-element-populated\">\n\t\t\t\t\t\t<div class=\"elementor-element elementor-element-10bf985 elementor-widget elementor-widget-image\" data-id=\"10bf985\" data-element_type=\"widget\" data-e-type=\"widget\" data-widget_type=\"image.default\">\n\t\t\t\t<div class=\"elementor-widget-container\">\n\t\t\t\t\t\t\t\t\t\t\t\t\t\t\t<img fetchpriority=\"high\" decoding=\"async\" width=\"640\" height=\"640\" src=\"https:\/\/adolescenciaactiva.campana.gov.ar\/wp-content\/uploads\/2024\/12\/Juan.jpg\" class=\"attachment-large size-large wp-image-18162\" alt=\"\" srcset=\"https:\/\/adolescenciaactiva.campana.gov.ar\/wp-content\/uploads\/2024\/12\/Juan.jpg 640w, https:\/\/adolescenciaactiva.campana.gov.ar\/wp-content\/uploads\/2024\/12\/Juan-300x300.jpg 300w, https:\/\/adolescenciaactiva.campana.gov.ar\/wp-content\/uploads\/2024\/12\/Juan-150x150.jpg 150w, https:\/\/adolescenciaactiva.campana.gov.ar\/wp-content\/uploads\/2024\/12\/Juan-75x75.jpg 75w\" sizes=\"(max-width: 640px) 100vw, 640px\" \/>\t\t\t\t\t\t\t\t\t\t\t\t\t\t\t<\/div>\n\t\t\t\t<\/div>\n\t\t\t\t<div class=\"elementor-element elementor-element-6b1efbd elementor-widget elementor-widget-text-editor\" data-id=\"6b1efbd\" data-element_type=\"widget\" data-e-type=\"widget\" data-widget_type=\"text-editor.default\">\n\t\t\t\t<div class=\"elementor-widget-container\">\n\t\t\t\t\t\t\t\t\t<p class=\"MsoNormal\">Dr. Juan Enrique Mirey<\/p><p class=\"MsoNormal\">Coordinador del Programa. Jefe de Servicio de Programas y Planes.<\/p><p class=\"MsoNormal\"><span style=\"letter-spacing: 0px;\">Magister en Salud P\u00fablica de la Universidad de Buenos Aires, Odont\u00f3logo con Posgrado en Salud Social y Comunitaria, estudiante de Psicolog\u00eda y Psicodrama.\u00a0<\/span><\/p>\t\t\t\t\t\t\t\t<\/div>\n\t\t\t\t<\/div>\n\t\t\t\t<div class=\"elementor-element elementor-element-9dd5877 elementor-widget elementor-widget-button\" data-id=\"9dd5877\" data-element_type=\"widget\" data-e-type=\"widget\" data-widget_type=\"button.default\">\n\t\t\t\t<div class=\"elementor-widget-container\">\n\t\t\t\t\t\t\t\t\t<div class=\"elementor-button-wrapper\">\n\t\t\t\t\t<a class=\"elementor-button elementor-button-link elementor-size-sm\" href=\"https:\/\/www.linkedin.com\/in\/juanemirey\/\">\n\t\t\t\t\t\t<span class=\"elementor-button-content-wrapper\">\n\t\t\t\t\t\t<span class=\"elementor-button-icon\">\n\t\t\t\t<i aria-hidden=\"true\" class=\"fab fa-linkedin\"><\/i>\t\t\t<\/span>\n\t\t\t\t\t\t\t\t\t<span class=\"elementor-button-text\">contactar<\/span>\n\t\t\t\t\t<\/span>\n\t\t\t\t\t<\/a>\n\t\t\t\t<\/div>\n\t\t\t\t\t\t\t\t<\/div>\n\t\t\t\t<\/div>\n\t\t\t\t\t<\/div>\n\t\t<\/div>\n\t\t\t\t<div class=\"elementor-column elementor-col-20 elementor-top-column elementor-element elementor-element-ac15261\" data-id=\"ac15261\" data-element_type=\"column\" data-e-type=\"column\">\n\t\t\t<div class=\"elementor-widget-wrap elementor-element-populated\">\n\t\t\t\t\t\t<div class=\"elementor-element elementor-element-75b243a elementor-widget elementor-widget-image\" data-id=\"75b243a\" data-element_type=\"widget\" data-e-type=\"widget\" data-widget_type=\"image.default\">\n\t\t\t\t<div class=\"elementor-widget-container\">\n\t\t\t\t\t\t\t\t\t\t\t\t\t\t\t<img decoding=\"async\" width=\"800\" height=\"800\" src=\"https:\/\/adolescenciaactiva.campana.gov.ar\/wp-content\/uploads\/2024\/12\/Lourdes.jpeg\" class=\"attachment-large size-large wp-image-18165\" alt=\"\" srcset=\"https:\/\/adolescenciaactiva.campana.gov.ar\/wp-content\/uploads\/2024\/12\/Lourdes.jpeg 800w, https:\/\/adolescenciaactiva.campana.gov.ar\/wp-content\/uploads\/2024\/12\/Lourdes-300x300.jpeg 300w, https:\/\/adolescenciaactiva.campana.gov.ar\/wp-content\/uploads\/2024\/12\/Lourdes-150x150.jpeg 150w, https:\/\/adolescenciaactiva.campana.gov.ar\/wp-content\/uploads\/2024\/12\/Lourdes-768x768.jpeg 768w, https:\/\/adolescenciaactiva.campana.gov.ar\/wp-content\/uploads\/2024\/12\/Lourdes-75x75.jpeg 75w\" sizes=\"(max-width: 800px) 100vw, 800px\" \/>\t\t\t\t\t\t\t\t\t\t\t\t\t\t\t<\/div>\n\t\t\t\t<\/div>\n\t\t\t\t<div class=\"elementor-element elementor-element-33d7dfc elementor-widget elementor-widget-text-editor\" data-id=\"33d7dfc\" data-element_type=\"widget\" data-e-type=\"widget\" data-widget_type=\"text-editor.default\">\n\t\t\t\t<div class=\"elementor-widget-container\">\n\t\t\t\t\t\t\t\t\t<p>Lic. Lourdes Aranda<\/p><p>Psic\u00f3loga con experiencia en el acompa\u00f1amiento de actividades grupales e implementaci\u00f3n de propuestas en contextos educativos y comunitarios.<\/p><p>\u00a0<\/p>\t\t\t\t\t\t\t\t<\/div>\n\t\t\t\t<\/div>\n\t\t\t\t<div class=\"elementor-element elementor-element-f520c53 elementor-widget elementor-widget-button\" data-id=\"f520c53\" data-element_type=\"widget\" data-e-type=\"widget\" data-widget_type=\"button.default\">\n\t\t\t\t<div class=\"elementor-widget-container\">\n\t\t\t\t\t\t\t\t\t<div class=\"elementor-button-wrapper\">\n\t\t\t\t\t<a class=\"elementor-button elementor-button-link elementor-size-sm\" href=\"http:\/\/linkedin.com\/in\/lourdes-mar\u00eda-aranda-6ba383302\/\">\n\t\t\t\t\t\t<span class=\"elementor-button-content-wrapper\">\n\t\t\t\t\t\t<span class=\"elementor-button-icon\">\n\t\t\t\t<i aria-hidden=\"true\" class=\"fab fa-linkedin\"><\/i>\t\t\t<\/span>\n\t\t\t\t\t\t\t\t\t<span class=\"elementor-button-text\">contactar<\/span>\n\t\t\t\t\t<\/span>\n\t\t\t\t\t<\/a>\n\t\t\t\t<\/div>\n\t\t\t\t\t\t\t\t<\/div>\n\t\t\t\t<\/div>\n\t\t\t\t\t<\/div>\n\t\t<\/div>\n\t\t\t\t<div class=\"elementor-column elementor-col-20 elementor-top-column elementor-element elementor-element-c06da29\" data-id=\"c06da29\" data-element_type=\"column\" data-e-type=\"column\">\n\t\t\t<div class=\"elementor-widget-wrap elementor-element-populated\">\n\t\t\t\t\t\t<div class=\"elementor-element elementor-element-35e68a2 elementor-widget elementor-widget-image\" data-id=\"35e68a2\" data-element_type=\"widget\" data-e-type=\"widget\" data-widget_type=\"image.default\">\n\t\t\t\t<div class=\"elementor-widget-container\">\n\t\t\t\t\t\t\t\t\t\t\t\t\t\t\t<img decoding=\"async\" width=\"960\" height=\"960\" src=\"https:\/\/adolescenciaactiva.campana.gov.ar\/wp-content\/uploads\/2026\/03\/Diseno-sin-titulo-2.png\" class=\"attachment-large size-large wp-image-19044\" alt=\"\" srcset=\"https:\/\/adolescenciaactiva.campana.gov.ar\/wp-content\/uploads\/2026\/03\/Diseno-sin-titulo-2.png 1024w, https:\/\/adolescenciaactiva.campana.gov.ar\/wp-content\/uploads\/2026\/03\/Diseno-sin-titulo-2-300x300.png 300w, https:\/\/adolescenciaactiva.campana.gov.ar\/wp-content\/uploads\/2026\/03\/Diseno-sin-titulo-2-150x150.png 150w, https:\/\/adolescenciaactiva.campana.gov.ar\/wp-content\/uploads\/2026\/03\/Diseno-sin-titulo-2-768x768.png 768w, https:\/\/adolescenciaactiva.campana.gov.ar\/wp-content\/uploads\/2026\/03\/Diseno-sin-titulo-2-75x75.png 75w\" sizes=\"(max-width: 960px) 100vw, 960px\" \/>\t\t\t\t\t\t\t\t\t\t\t\t\t\t\t<\/div>\n\t\t\t\t<\/div>\n\t\t\t\t<div class=\"elementor-element elementor-element-7d90734 elementor-widget elementor-widget-text-editor\" data-id=\"7d90734\" data-element_type=\"widget\" data-e-type=\"widget\" data-widget_type=\"text-editor.default\">\n\t\t\t\t<div class=\"elementor-widget-container\">\n\t\t\t\t\t\t\t\t\t<p>Brian Funes<\/p><p><span style=\"letter-spacing: 0px;\">Participa en tareas de comunicaci\u00f3n y brinda asesoramiento t\u00e9cnico a los equipos en actuaci\u00f3n y producci\u00f3n audiovisual, acompa\u00f1ando el desarrollo y la construcci\u00f3n de sus producciones.<\/span><\/p>\t\t\t\t\t\t\t\t<\/div>\n\t\t\t\t<\/div>\n\t\t\t\t\t<\/div>\n\t\t<\/div>\n\t\t\t\t<div class=\"elementor-column elementor-col-20 elementor-top-column elementor-element elementor-element-12eb2c6\" data-id=\"12eb2c6\" data-element_type=\"column\" data-e-type=\"column\">\n\t\t\t<div class=\"elementor-widget-wrap elementor-element-populated\">\n\t\t\t\t\t\t<div class=\"elementor-element elementor-element-7249519 elementor-widget elementor-widget-image\" data-id=\"7249519\" data-element_type=\"widget\" data-e-type=\"widget\" data-widget_type=\"image.default\">\n\t\t\t\t<div class=\"elementor-widget-container\">\n\t\t\t\t\t\t\t\t\t\t\t\t\t\t\t<img loading=\"lazy\" decoding=\"async\" width=\"300\" height=\"300\" src=\"https:\/\/adolescenciaactiva.campana.gov.ar\/wp-content\/uploads\/2026\/03\/lean-300x300.jpg\" class=\"attachment-medium size-medium wp-image-19041\" alt=\"\" srcset=\"https:\/\/adolescenciaactiva.campana.gov.ar\/wp-content\/uploads\/2026\/03\/lean-300x300.jpg 300w, https:\/\/adolescenciaactiva.campana.gov.ar\/wp-content\/uploads\/2026\/03\/lean-150x150.jpg 150w, https:\/\/adolescenciaactiva.campana.gov.ar\/wp-content\/uploads\/2026\/03\/lean-768x768.jpg 768w, https:\/\/adolescenciaactiva.campana.gov.ar\/wp-content\/uploads\/2026\/03\/lean-75x75.jpg 75w, https:\/\/adolescenciaactiva.campana.gov.ar\/wp-content\/uploads\/2026\/03\/lean.jpg 795w\" sizes=\"(max-width: 300px) 100vw, 300px\" \/>\t\t\t\t\t\t\t\t\t\t\t\t\t\t\t<\/div>\n\t\t\t\t<\/div>\n\t\t\t\t<div class=\"elementor-element elementor-element-bea049b elementor-widget elementor-widget-text-editor\" data-id=\"bea049b\" data-element_type=\"widget\" data-e-type=\"widget\" data-widget_type=\"text-editor.default\">\n\t\t\t\t<div class=\"elementor-widget-container\">\n\t\t\t\t\t\t\t\t\t<p>Lic. Leandro Fontan<\/p><p>Con experiencia en la organizaci\u00f3n de actividades, articulaci\u00f3n institucional y acompa\u00f1amiento en territorio en contextos educativos y comunitarios.<\/p><p>\u00a0<\/p>\t\t\t\t\t\t\t\t<\/div>\n\t\t\t\t<\/div>\n\t\t\t\t\t<\/div>\n\t\t<\/div>\n\t\t\t\t<div class=\"elementor-column elementor-col-20 elementor-top-column elementor-element elementor-element-7d1fc6a\" data-id=\"7d1fc6a\" data-element_type=\"column\" data-e-type=\"column\">\n\t\t\t<div class=\"elementor-widget-wrap elementor-element-populated\">\n\t\t\t\t\t\t<div class=\"elementor-element elementor-element-12c632f elementor-widget elementor-widget-image\" data-id=\"12c632f\" data-element_type=\"widget\" data-e-type=\"widget\" data-widget_type=\"image.default\">\n\t\t\t\t<div class=\"elementor-widget-container\">\n\t\t\t\t\t\t\t\t\t\t\t\t\t\t\t<img loading=\"lazy\" decoding=\"async\" width=\"370\" height=\"370\" src=\"https:\/\/adolescenciaactiva.campana.gov.ar\/wp-content\/uploads\/2024\/12\/67dd23_9cad0c31b5cd41919083fe7b727a68bamv2.jpg\" class=\"attachment-large size-large wp-image-18166\" alt=\"\" srcset=\"https:\/\/adolescenciaactiva.campana.gov.ar\/wp-content\/uploads\/2024\/12\/67dd23_9cad0c31b5cd41919083fe7b727a68bamv2.jpg 370w, https:\/\/adolescenciaactiva.campana.gov.ar\/wp-content\/uploads\/2024\/12\/67dd23_9cad0c31b5cd41919083fe7b727a68bamv2-300x300.jpg 300w, https:\/\/adolescenciaactiva.campana.gov.ar\/wp-content\/uploads\/2024\/12\/67dd23_9cad0c31b5cd41919083fe7b727a68bamv2-150x150.jpg 150w, https:\/\/adolescenciaactiva.campana.gov.ar\/wp-content\/uploads\/2024\/12\/67dd23_9cad0c31b5cd41919083fe7b727a68bamv2-75x75.jpg 75w\" sizes=\"(max-width: 370px) 100vw, 370px\" \/>\t\t\t\t\t\t\t\t\t\t\t\t\t\t\t<\/div>\n\t\t\t\t<\/div>\n\t\t\t\t<div class=\"elementor-element elementor-element-0b3dc42 elementor-widget elementor-widget-text-editor\" data-id=\"0b3dc42\" data-element_type=\"widget\" data-e-type=\"widget\" data-widget_type=\"text-editor.default\">\n\t\t\t\t<div class=\"elementor-widget-container\">\n\t\t\t\t\t\t\t\t\t<p class=\"MsoNormal\">Dra. Cecilia Acciardi<\/p><p class=\"MsoNormal\">Coordinadora del programa. Secretaria de Salud.<\/p><p class=\"MsoNormal\"><span style=\"letter-spacing: 0px;\">M\u00e9dica Pediatra de la Universidad de Buenos Aires con Posgrado en Salud Social y Comunitaria.\u00a0<\/span><\/p>\t\t\t\t\t\t\t\t<\/div>\n\t\t\t\t<\/div>\n\t\t\t\t\t<\/div>\n\t\t<\/div>\n\t\t\t\t\t<\/div>\n\t\t<\/section>\n\t\t\t\t<\/div>\n\t\t","protected":false},"excerpt":{"rendered":"<p>Elegimos dedicarnos a la prevenci\u00f3n de las problem\u00e1ticas de salud adolescente con un enfoque innovador, participativo, local, eficiente y divertido. Dr. Juan Enrique Mirey Coordinador del Programa. Jefe de Servicio de Programas y Planes. Magister en Salud P\u00fablica de la Universidad de Buenos Aires, Odont\u00f3logo con Posgrado en Salud Social y Comunitaria, estudiante de Psicolog\u00eda y Psicodrama.\u00a0 contactar Lic. Lourdes Aranda Psic\u00f3loga con experiencia en el acompa\u00f1amiento de actividades grupales e implementaci\u00f3n de propuestas en contextos educativos y comunitarios. \u00a0 contactar Brian Funes Participa en tareas de comunicaci\u00f3n y brinda asesoramiento t\u00e9cnico a los equipos en actuaci\u00f3n y producci\u00f3n audiovisual, acompa\u00f1ando el desarrollo y la construcci\u00f3n de sus producciones. Lic. Leandro Fontan Con experiencia en la organizaci\u00f3n de actividades, articulaci\u00f3n institucional y acompa\u00f1amiento en territorio en contextos educativos y comunitarios. \u00a0 Dra. Cecilia Acciardi Coordinadora del programa. Secretaria de Salud. M\u00e9dica Pediatra de la Universidad de Buenos Aires con Posgrado en Salud Social y Comunitaria.\u00a0<\/p>\n","protected":false},"author":2,"featured_media":0,"parent":0,"menu_order":0,"comment_status":"closed","ping_status":"closed","template":"","meta":{"pgc_sgb_lightbox_settings":"","footnotes":""},"class_list":["post-18152","page","type-page","status-publish","hentry"],"_links":{"self":[{"href":"https:\/\/adolescenciaactiva.campana.gov.ar\/index.php\/wp-json\/wp\/v2\/pages\/18152"}],"collection":[{"href":"https:\/\/adolescenciaactiva.campana.gov.ar\/index.php\/wp-json\/wp\/v2\/pages"}],"about":[{"href":"https:\/\/adolescenciaactiva.campana.gov.ar\/index.php\/wp-json\/wp\/v2\/types\/page"}],"author":[{"embeddable":true,"href":"https:\/\/adolescenciaactiva.campana.gov.ar\/index.php\/wp-json\/wp\/v2\/users\/2"}],"replies":[{"embeddable":true,"href":"https:\/\/adolescenciaactiva.campana.gov.ar\/index.php\/wp-json\/wp\/v2\/comments?post=18152"}],"version-history":[{"count":111,"href":"https:\/\/adolescenciaactiva.campana.gov.ar\/index.php\/wp-json\/wp\/v2\/pages\/18152\/revisions"}],"predecessor-version":[{"id":19047,"href":"https:\/\/adolescenciaactiva.campana.gov.ar\/index.php\/wp-json\/wp\/v2\/pages\/18152\/revisions\/19047"}],"wp:attachment":[{"href":"https:\/\/adolescenciaactiva.campana.gov.ar\/index.php\/wp-json\/wp\/v2\/media?parent=18152"}],"curies":[{"name":"wp","href":"https:\/\/api.w.org\/{rel}","templated":true}]}}