{"id":18513,"date":"2024-12-23T14:49:52","date_gmt":"2024-12-23T17:49:52","guid":{"rendered":"https:\/\/lafuente.campana.gov.ar\/?page_id=18513"},"modified":"2026-04-23T03:42:32","modified_gmt":"2026-04-23T06:42:32","slug":"fundamento-cientifico","status":"publish","type":"page","link":"https:\/\/adolescenciaactiva.campana.gov.ar\/index.php\/fundamento-cientifico\/","title":{"rendered":"Fundamentos cient\u00edficos"},"content":{"rendered":"\t\t<div data-elementor-type=\"wp-page\" data-elementor-id=\"18513\" class=\"elementor elementor-18513\">\n\t\t\t\t\t\t<section class=\"elementor-section elementor-top-section elementor-element elementor-element-3d57225 elementor-section-boxed elementor-section-height-default elementor-section-height-default\" data-id=\"3d57225\" data-element_type=\"section\" data-e-type=\"section\">\n\t\t\t\t\t\t<div class=\"elementor-container elementor-column-gap-default\">\n\t\t\t\t\t<div class=\"elementor-column elementor-col-100 elementor-top-column elementor-element elementor-element-778bfaf\" data-id=\"778bfaf\" data-element_type=\"column\" data-e-type=\"column\">\n\t\t\t<div class=\"elementor-widget-wrap elementor-element-populated\">\n\t\t\t\t\t\t<div class=\"elementor-element elementor-element-36c0f68 elementor-widget elementor-widget-image\" data-id=\"36c0f68\" data-element_type=\"widget\" data-e-type=\"widget\" data-widget_type=\"image.default\">\n\t\t\t\t<div class=\"elementor-widget-container\">\n\t\t\t\t\t\t\t\t\t\t\t\t\t\t\t<img fetchpriority=\"high\" decoding=\"async\" width=\"960\" height=\"504\" src=\"https:\/\/adolescenciaactiva.campana.gov.ar\/wp-content\/uploads\/2024\/12\/08-1024x538.jpg\" class=\"attachment-large size-large wp-image-18567\" alt=\"\" srcset=\"https:\/\/adolescenciaactiva.campana.gov.ar\/wp-content\/uploads\/2024\/12\/08-1024x538.jpg 1024w, https:\/\/adolescenciaactiva.campana.gov.ar\/wp-content\/uploads\/2024\/12\/08-300x158.jpg 300w, https:\/\/adolescenciaactiva.campana.gov.ar\/wp-content\/uploads\/2024\/12\/08-768x404.jpg 768w, https:\/\/adolescenciaactiva.campana.gov.ar\/wp-content\/uploads\/2024\/12\/08-1140x599.jpg 1140w, https:\/\/adolescenciaactiva.campana.gov.ar\/wp-content\/uploads\/2024\/12\/08.jpg 1276w\" sizes=\"(max-width: 960px) 100vw, 960px\" \/>\t\t\t\t\t\t\t\t\t\t\t\t\t\t\t<\/div>\n\t\t\t\t<\/div>\n\t\t\t\t\t<\/div>\n\t\t<\/div>\n\t\t\t\t\t<\/div>\n\t\t<\/section>\n\t\t\t\t<section class=\"elementor-section elementor-top-section elementor-element elementor-element-3ec4efb elementor-section-boxed elementor-section-height-default elementor-section-height-default\" data-id=\"3ec4efb\" data-element_type=\"section\" data-e-type=\"section\">\n\t\t\t\t\t\t<div class=\"elementor-container elementor-column-gap-default\">\n\t\t\t\t\t<div class=\"elementor-column elementor-col-100 elementor-top-column elementor-element elementor-element-022323f\" data-id=\"022323f\" data-element_type=\"column\" data-e-type=\"column\">\n\t\t\t<div class=\"elementor-widget-wrap elementor-element-populated\">\n\t\t\t\t\t\t<div class=\"elementor-element elementor-element-5ccebb8 elementor-widget elementor-widget-text-editor\" data-id=\"5ccebb8\" data-element_type=\"widget\" data-e-type=\"widget\" data-widget_type=\"text-editor.default\">\n\t\t\t\t<div class=\"elementor-widget-container\">\n\t\t\t\t\t\t\t\t\t<p data-start=\"322\" data-end=\"853\">Proponemos la <strong data-start=\"336\" data-end=\"361\">Competencia en Equipo<\/strong> como un dispositivo de intervenci\u00f3n novedoso que promueve la participaci\u00f3n adolescente y dinamiza el trabajo grupal en torno a objetivos vinculados al bien com\u00fan. Se apoya en la interdependencia y la corresponsabilidad, resignifica las habilidades individuales y reconfigura las din\u00e1micas de los grupos ya constituidos mediante un reajuste de roles. Al mismo tiempo, fortalece la resiliencia entendida como la capacidad de atravesar situaciones complejas, recomponerse y seguir construyendo.<\/p><p data-start=\"855\" data-end=\"1226\">\u00bfSe trata de un dispositivo nuevo? Nos gusta pensar que s\u00ed: una propuesta a la vez l\u00fadica y convocante. Sin embargo, tambi\u00e9n puede leerse como una articulaci\u00f3n creativa de estrategias y herramientas con eficacia comprobada \u2014talleres, conversatorios, investigaci\u00f3n-acci\u00f3n, fortalecimiento de redes y dispositivos de motivaci\u00f3n, entre otras\u2014 integradas en una l\u00f3gica com\u00fan.<\/p><p>\n\n<\/p><p data-start=\"1228\" data-end=\"1653\">A lo largo del programa no se aborda el suicidio de manera directa. En cambio, se trabaja sobre sus factores asociados, orientando las acciones al fortalecimiento de los factores protectores: la consolidaci\u00f3n de redes familiares y escolares, el acercamiento al sistema de salud, la ruptura del aislamiento, el refuerzo de la autoestima y la participaci\u00f3n en espacios de escucha que valoran y legitiman la palabra adolescente.<\/p>\t\t\t\t\t\t\t\t<\/div>\n\t\t\t\t<\/div>\n\t\t\t\t<div class=\"elementor-element elementor-element-df0966b elementor-widget elementor-widget-image\" data-id=\"df0966b\" data-element_type=\"widget\" data-e-type=\"widget\" data-widget_type=\"image.default\">\n\t\t\t\t<div class=\"elementor-widget-container\">\n\t\t\t\t\t\t\t\t\t\t\t\t\t\t\t<img decoding=\"async\" width=\"870\" height=\"686\" src=\"https:\/\/adolescenciaactiva.campana.gov.ar\/wp-content\/uploads\/2024\/12\/11-e1734987931540.jpg\" class=\"attachment-large size-large wp-image-18570\" alt=\"\" srcset=\"https:\/\/adolescenciaactiva.campana.gov.ar\/wp-content\/uploads\/2024\/12\/11-e1734987931540.jpg 870w, https:\/\/adolescenciaactiva.campana.gov.ar\/wp-content\/uploads\/2024\/12\/11-e1734987931540-300x237.jpg 300w, https:\/\/adolescenciaactiva.campana.gov.ar\/wp-content\/uploads\/2024\/12\/11-e1734987931540-768x606.jpg 768w\" sizes=\"(max-width: 870px) 100vw, 870px\" \/>\t\t\t\t\t\t\t\t\t\t\t\t\t\t\t<\/div>\n\t\t\t\t<\/div>\n\t\t\t\t<div class=\"elementor-element elementor-element-67f7f25 elementor-widget elementor-widget-text-editor\" data-id=\"67f7f25\" data-element_type=\"widget\" data-e-type=\"widget\" data-widget_type=\"text-editor.default\">\n\t\t\t\t<div class=\"elementor-widget-container\">\n\t\t\t\t\t\t\t\t\t<p><span style=\"letter-spacing: 0px;\">Cuando elige un tema para abordar, el equipo toma decisiones acompa\u00f1ado por su docente a cargo y lo hace en funci\u00f3n de la historicidad que lo atraviesa. Luego, en el desarrollo del guion y su grabaci\u00f3n, pueden involucrar a sus familias, compa\u00f1eros de otros niveles y docentes, lo que fortalece su red familiar y su red comunitaria. Estas son las redes que primero reaccionan ante la instalaci\u00f3n de un factor asociado al suicidio.<\/span><\/p>\n<p>No es menos importante el hecho de que el dispositivo utiliza muy pocos recursos y tiene un alcance alt\u00edsimo: 1100 adolescentes por a\u00f1o -con alcance extendido mucho mayor, dado que los proyectos institucionales de algunas escuelas promueven la visualizaci\u00f3n de las producciones audiovisuales por parte de otros niveles-.<\/p>\n<p><span style=\"letter-spacing: 0px;\">Las acciones preventivas con la comunidad adolescente presentan dos grandes desaf\u00edos: convocar a la poblaci\u00f3n a participar y lograr una participaci\u00f3n activa.&nbsp;<\/span><span style=\"letter-spacing: 0px;\">Adolescencia Activa cuenta con un alto nivel de participaci\u00f3n, lo que genera una profunda satisfacci\u00f3n para el equipo que lo lleva adelante. Los motivos que encontramos para la convocatoria y participaci\u00f3n son:&nbsp;<\/span><\/p>\n<ol>\n<li>Haber generado un espacio de expresi\u00f3n libre.<\/li><li>El protagonismo asignado a la mirada adolescente.<\/li>\n<li>La competencia como dispositivo convocante.<\/li>\n<li>La utilizaci\u00f3n de recursos multimedia de uso com\u00fan en la adolescencia.<\/li>\n<li>El seguimiento cercano del progreso de los equipos.<\/li>\n<li>La transparencia de la competencia y las puntuaciones.<\/li>\n<li>Los espacios de encuentro con equipos de otras escuelas divertidos, participativos y convocantes.<\/li><li>La decisi\u00f3n de utilizar los audiovisuales como recurso para aprender sin someterlo a juicio.<\/li>\n<li>La continuidad: Tras tantos a\u00f1os de trabajo ininterrumpido (desde 2016), se ha vuelto parte de la cultura local adolescente, un paso conocido y esperado por muchos dentro de las actividades programadas durante el nivel educativo secundario.<\/li>\n<\/ol>\t\t\t\t\t\t\t\t<\/div>\n\t\t\t\t<\/div>\n\t\t\t\t\t<\/div>\n\t\t<\/div>\n\t\t\t\t\t<\/div>\n\t\t<\/section>\n\t\t\t\t<section class=\"elementor-section elementor-top-section elementor-element elementor-element-73d8228 elementor-section-boxed elementor-section-height-default elementor-section-height-default\" data-id=\"73d8228\" data-element_type=\"section\" data-e-type=\"section\">\n\t\t\t\t\t\t<div class=\"elementor-container elementor-column-gap-default\">\n\t\t\t\t\t<div class=\"elementor-column elementor-col-100 elementor-top-column elementor-element elementor-element-d4e12d7\" data-id=\"d4e12d7\" data-element_type=\"column\" data-e-type=\"column\">\n\t\t\t<div class=\"elementor-widget-wrap elementor-element-populated\">\n\t\t\t\t\t\t<div class=\"elementor-element elementor-element-f9b6063 elementor-widget elementor-widget-text-editor\" data-id=\"f9b6063\" data-element_type=\"widget\" data-e-type=\"widget\" data-widget_type=\"text-editor.default\">\n\t\t\t\t<div class=\"elementor-widget-container\">\n\t\t\t\t\t\t\t\t\t<p style=\"text-align: right;\">Juan E. Mirey<\/p><p style=\"text-align: right;\">Coordinador del programa<\/p>\t\t\t\t\t\t\t\t<\/div>\n\t\t\t\t<\/div>\n\t\t\t\t\t<\/div>\n\t\t<\/div>\n\t\t\t\t\t<\/div>\n\t\t<\/section>\n\t\t\t\t<section class=\"elementor-section elementor-top-section elementor-element elementor-element-5df80c6 elementor-section-boxed elementor-section-height-default elementor-section-height-default\" data-id=\"5df80c6\" data-element_type=\"section\" data-e-type=\"section\">\n\t\t\t\t\t\t<div class=\"elementor-container elementor-column-gap-default\">\n\t\t\t\t\t<div class=\"elementor-column elementor-col-25 elementor-top-column elementor-element elementor-element-5ee9bd0\" data-id=\"5ee9bd0\" data-element_type=\"column\" data-e-type=\"column\">\n\t\t\t<div class=\"elementor-widget-wrap elementor-element-populated\">\n\t\t\t\t\t\t<div class=\"elementor-element elementor-element-eb5b8d9 elementor-widget elementor-widget-image\" data-id=\"eb5b8d9\" data-element_type=\"widget\" data-e-type=\"widget\" data-widget_type=\"image.default\">\n\t\t\t\t<div class=\"elementor-widget-container\">\n\t\t\t\t\t\t\t\t\t\t\t\t\t\t\t<img decoding=\"async\" width=\"960\" height=\"720\" src=\"https:\/\/adolescenciaactiva.campana.gov.ar\/wp-content\/uploads\/2024\/12\/8-eleg-2-ANIBAL-THE-WARRIORS-1024x768.jpg\" class=\"attachment-large size-large wp-image-18541\" alt=\"\" srcset=\"https:\/\/adolescenciaactiva.campana.gov.ar\/wp-content\/uploads\/2024\/12\/8-eleg-2-ANIBAL-THE-WARRIORS-1024x768.jpg 1024w, https:\/\/adolescenciaactiva.campana.gov.ar\/wp-content\/uploads\/2024\/12\/8-eleg-2-ANIBAL-THE-WARRIORS-300x225.jpg 300w, https:\/\/adolescenciaactiva.campana.gov.ar\/wp-content\/uploads\/2024\/12\/8-eleg-2-ANIBAL-THE-WARRIORS-768x576.jpg 768w, https:\/\/adolescenciaactiva.campana.gov.ar\/wp-content\/uploads\/2024\/12\/8-eleg-2-ANIBAL-THE-WARRIORS-1140x855.jpg 1140w, https:\/\/adolescenciaactiva.campana.gov.ar\/wp-content\/uploads\/2024\/12\/8-eleg-2-ANIBAL-THE-WARRIORS.jpg 1280w\" sizes=\"(max-width: 960px) 100vw, 960px\" \/>\t\t\t\t\t\t\t\t\t\t\t\t\t\t\t<\/div>\n\t\t\t\t<\/div>\n\t\t\t\t\t<\/div>\n\t\t<\/div>\n\t\t\t\t<div class=\"elementor-column elementor-col-25 elementor-top-column elementor-element elementor-element-5e06b46\" data-id=\"5e06b46\" data-element_type=\"column\" data-e-type=\"column\">\n\t\t\t<div class=\"elementor-widget-wrap elementor-element-populated\">\n\t\t\t\t\t\t<div class=\"elementor-element elementor-element-d9a4bb7 elementor-widget elementor-widget-image\" data-id=\"d9a4bb7\" data-element_type=\"widget\" data-e-type=\"widget\" data-widget_type=\"image.default\">\n\t\t\t\t<div class=\"elementor-widget-container\">\n\t\t\t\t\t\t\t\t\t\t\t\t\t\t\t<img loading=\"lazy\" decoding=\"async\" width=\"960\" height=\"720\" src=\"https:\/\/adolescenciaactiva.campana.gov.ar\/wp-content\/uploads\/2024\/12\/Tercero-Plaga-Dejate-ayudar-1-1024x768.jpg\" class=\"attachment-large size-large wp-image-18559\" alt=\"\" srcset=\"https:\/\/adolescenciaactiva.campana.gov.ar\/wp-content\/uploads\/2024\/12\/Tercero-Plaga-Dejate-ayudar-1-1024x768.jpg 1024w, https:\/\/adolescenciaactiva.campana.gov.ar\/wp-content\/uploads\/2024\/12\/Tercero-Plaga-Dejate-ayudar-1-300x225.jpg 300w, https:\/\/adolescenciaactiva.campana.gov.ar\/wp-content\/uploads\/2024\/12\/Tercero-Plaga-Dejate-ayudar-1-768x576.jpg 768w, https:\/\/adolescenciaactiva.campana.gov.ar\/wp-content\/uploads\/2024\/12\/Tercero-Plaga-Dejate-ayudar-1-1536x1152.jpg 1536w, https:\/\/adolescenciaactiva.campana.gov.ar\/wp-content\/uploads\/2024\/12\/Tercero-Plaga-Dejate-ayudar-1-2048x1536.jpg 2048w, https:\/\/adolescenciaactiva.campana.gov.ar\/wp-content\/uploads\/2024\/12\/Tercero-Plaga-Dejate-ayudar-1-1140x855.jpg 1140w\" sizes=\"(max-width: 960px) 100vw, 960px\" \/>\t\t\t\t\t\t\t\t\t\t\t\t\t\t\t<\/div>\n\t\t\t\t<\/div>\n\t\t\t\t\t<\/div>\n\t\t<\/div>\n\t\t\t\t<div class=\"elementor-column elementor-col-25 elementor-top-column elementor-element elementor-element-8133080\" data-id=\"8133080\" data-element_type=\"column\" data-e-type=\"column\">\n\t\t\t<div class=\"elementor-widget-wrap elementor-element-populated\">\n\t\t\t\t\t\t<div class=\"elementor-element elementor-element-3060495 elementor-widget elementor-widget-image\" data-id=\"3060495\" data-element_type=\"widget\" data-e-type=\"widget\" data-widget_type=\"image.default\">\n\t\t\t\t<div class=\"elementor-widget-container\">\n\t\t\t\t\t\t\t\t\t\t\t\t\t\t\t<img loading=\"lazy\" decoding=\"async\" width=\"960\" height=\"720\" src=\"https:\/\/adolescenciaactiva.campana.gov.ar\/wp-content\/uploads\/2024\/12\/12-1024x768.jpg\" class=\"attachment-large size-large wp-image-18582\" alt=\"\" srcset=\"https:\/\/adolescenciaactiva.campana.gov.ar\/wp-content\/uploads\/2024\/12\/12-1024x768.jpg 1024w, https:\/\/adolescenciaactiva.campana.gov.ar\/wp-content\/uploads\/2024\/12\/12-300x225.jpg 300w, https:\/\/adolescenciaactiva.campana.gov.ar\/wp-content\/uploads\/2024\/12\/12-768x576.jpg 768w, https:\/\/adolescenciaactiva.campana.gov.ar\/wp-content\/uploads\/2024\/12\/12-1140x855.jpg 1140w, https:\/\/adolescenciaactiva.campana.gov.ar\/wp-content\/uploads\/2024\/12\/12.jpg 1280w\" sizes=\"(max-width: 960px) 100vw, 960px\" \/>\t\t\t\t\t\t\t\t\t\t\t\t\t\t\t<\/div>\n\t\t\t\t<\/div>\n\t\t\t\t\t<\/div>\n\t\t<\/div>\n\t\t\t\t<div class=\"elementor-column elementor-col-25 elementor-top-column elementor-element elementor-element-a300085\" data-id=\"a300085\" data-element_type=\"column\" data-e-type=\"column\">\n\t\t\t<div class=\"elementor-widget-wrap elementor-element-populated\">\n\t\t\t\t\t\t<div class=\"elementor-element elementor-element-478b97e elementor-widget elementor-widget-image\" data-id=\"478b97e\" data-element_type=\"widget\" data-e-type=\"widget\" data-widget_type=\"image.default\">\n\t\t\t\t<div class=\"elementor-widget-container\">\n\t\t\t\t\t\t\t\t\t\t\t\t\t\t\t<img loading=\"lazy\" decoding=\"async\" width=\"960\" height=\"720\" src=\"https:\/\/adolescenciaactiva.campana.gov.ar\/wp-content\/uploads\/2024\/12\/ATRR.-Intolerancia-a-la-diversidad-2-1024x768.jpg\" class=\"attachment-large size-large wp-image-18546\" alt=\"\" srcset=\"https:\/\/adolescenciaactiva.campana.gov.ar\/wp-content\/uploads\/2024\/12\/ATRR.-Intolerancia-a-la-diversidad-2-1024x768.jpg 1024w, https:\/\/adolescenciaactiva.campana.gov.ar\/wp-content\/uploads\/2024\/12\/ATRR.-Intolerancia-a-la-diversidad-2-300x225.jpg 300w, https:\/\/adolescenciaactiva.campana.gov.ar\/wp-content\/uploads\/2024\/12\/ATRR.-Intolerancia-a-la-diversidad-2-768x576.jpg 768w, https:\/\/adolescenciaactiva.campana.gov.ar\/wp-content\/uploads\/2024\/12\/ATRR.-Intolerancia-a-la-diversidad-2-1140x855.jpg 1140w, https:\/\/adolescenciaactiva.campana.gov.ar\/wp-content\/uploads\/2024\/12\/ATRR.-Intolerancia-a-la-diversidad-2.jpg 1280w\" sizes=\"(max-width: 960px) 100vw, 960px\" \/>\t\t\t\t\t\t\t\t\t\t\t\t\t\t\t<\/div>\n\t\t\t\t<\/div>\n\t\t\t\t\t<\/div>\n\t\t<\/div>\n\t\t\t\t\t<\/div>\n\t\t<\/section>\n\t\t\t\t<\/div>\n\t\t","protected":false},"excerpt":{"rendered":"<p>Proponemos la Competencia en Equipo como un dispositivo de intervenci\u00f3n novedoso que promueve la participaci\u00f3n adolescente y dinamiza el trabajo grupal en torno a objetivos vinculados al bien com\u00fan. Se apoya en la interdependencia y la corresponsabilidad, resignifica las habilidades individuales y reconfigura las din\u00e1micas de los grupos ya constituidos mediante un reajuste de roles. Al mismo tiempo, fortalece la resiliencia entendida como la capacidad de atravesar situaciones complejas, recomponerse y seguir construyendo. \u00bfSe trata de un dispositivo nuevo? Nos gusta pensar que s\u00ed: una propuesta a la vez l\u00fadica y convocante. Sin embargo, tambi\u00e9n puede leerse como una articulaci\u00f3n creativa de estrategias y herramientas con eficacia comprobada \u2014talleres, conversatorios, investigaci\u00f3n-acci\u00f3n, fortalecimiento de redes y dispositivos de motivaci\u00f3n, entre otras\u2014 integradas en una l\u00f3gica com\u00fan. A lo largo del programa no se aborda el suicidio de manera directa. En cambio, se trabaja sobre sus factores asociados, orientando las acciones al fortalecimiento de los factores protectores: la consolidaci\u00f3n de redes familiares y escolares, el acercamiento al sistema de salud, la ruptura del aislamiento, el refuerzo de la autoestima y la participaci\u00f3n en espacios de escucha que valoran y legitiman la palabra adolescente. Cuando elige un tema para abordar, el equipo toma decisiones acompa\u00f1ado por su docente a cargo y lo hace en funci\u00f3n de la historicidad que lo atraviesa. Luego, en el desarrollo del guion y su grabaci\u00f3n, pueden involucrar a sus familias, compa\u00f1eros de otros niveles y docentes, lo que fortalece su red familiar y su red comunitaria. Estas son las redes que primero reaccionan ante la instalaci\u00f3n de un factor asociado al suicidio. No es menos importante el hecho de que el dispositivo utiliza muy pocos recursos y tiene un alcance alt\u00edsimo: 1100 adolescentes por a\u00f1o -con alcance extendido mucho mayor, dado que los proyectos institucionales de algunas escuelas promueven la visualizaci\u00f3n de las producciones audiovisuales por parte de otros niveles-. Las acciones preventivas con la comunidad adolescente presentan dos grandes desaf\u00edos: convocar a la poblaci\u00f3n a participar y lograr una participaci\u00f3n activa.&nbsp;Adolescencia Activa cuenta con un alto nivel de participaci\u00f3n, lo que genera una profunda satisfacci\u00f3n para el equipo que lo lleva adelante. Los motivos que encontramos para la convocatoria y participaci\u00f3n son:&nbsp; Haber generado un espacio de expresi\u00f3n libre. El protagonismo asignado a la mirada adolescente. La competencia como dispositivo convocante. La utilizaci\u00f3n de recursos multimedia de uso com\u00fan en la adolescencia. El seguimiento cercano del progreso de los equipos. La transparencia de la competencia y las puntuaciones. Los espacios de encuentro con equipos de otras escuelas divertidos, participativos y convocantes. La decisi\u00f3n de utilizar los audiovisuales como recurso para aprender sin someterlo a juicio. La continuidad: Tras tantos a\u00f1os de trabajo ininterrumpido (desde 2016), se ha vuelto parte de la cultura local adolescente, un paso conocido y esperado por muchos dentro de las actividades programadas durante el nivel educativo secundario. Juan E. Mirey Coordinador del programa<\/p>\n","protected":false},"author":2,"featured_media":0,"parent":0,"menu_order":0,"comment_status":"closed","ping_status":"closed","template":"","meta":{"pgc_sgb_lightbox_settings":"","footnotes":""},"class_list":["post-18513","page","type-page","status-publish","hentry"],"_links":{"self":[{"href":"https:\/\/adolescenciaactiva.campana.gov.ar\/index.php\/wp-json\/wp\/v2\/pages\/18513"}],"collection":[{"href":"https:\/\/adolescenciaactiva.campana.gov.ar\/index.php\/wp-json\/wp\/v2\/pages"}],"about":[{"href":"https:\/\/adolescenciaactiva.campana.gov.ar\/index.php\/wp-json\/wp\/v2\/types\/page"}],"author":[{"embeddable":true,"href":"https:\/\/adolescenciaactiva.campana.gov.ar\/index.php\/wp-json\/wp\/v2\/users\/2"}],"replies":[{"embeddable":true,"href":"https:\/\/adolescenciaactiva.campana.gov.ar\/index.php\/wp-json\/wp\/v2\/comments?post=18513"}],"version-history":[{"count":41,"href":"https:\/\/adolescenciaactiva.campana.gov.ar\/index.php\/wp-json\/wp\/v2\/pages\/18513\/revisions"}],"predecessor-version":[{"id":19072,"href":"https:\/\/adolescenciaactiva.campana.gov.ar\/index.php\/wp-json\/wp\/v2\/pages\/18513\/revisions\/19072"}],"wp:attachment":[{"href":"https:\/\/adolescenciaactiva.campana.gov.ar\/index.php\/wp-json\/wp\/v2\/media?parent=18513"}],"curies":[{"name":"wp","href":"https:\/\/api.w.org\/{rel}","templated":true}]}}